{"id":3077,"date":"2022-10-21T07:49:56","date_gmt":"2022-10-21T07:49:56","guid":{"rendered":"https:\/\/klbtheme.com\/partdo\/?post_type=product&#038;p=3077"},"modified":"2023-12-07T12:32:01","modified_gmt":"2023-12-07T17:32:01","slug":"pirelli-tires-p4-four-seasons-plus","status":"publish","type":"product","link":"https:\/\/www.sfgsac.net\/?product=pirelli-tires-p4-four-seasons-plus","title":{"rendered":"Clute, Tap\u00f3n Auditivo Elite TPR, Caja\/100 unidades"},"content":{"rendered":"<p><strong>Caracter\u00edsticas:<\/strong><\/p>\n<ul>\n<li>Fabricado de un elast\u00f3mero termoplastico (TPR).<\/li>\n<li>Hipoalerg\u00e9nico.<\/li>\n<li>Reutilizable.<\/li>\n<li>\u00a0NRR: 25dB.<\/li>\n<li>Certificaciones: ANSI S3.19-1974, EN 352-2:2002.<\/li>\n<\/ul>\n","protected":false},"excerpt":{"rendered":"<p>En CLUTE contamos con dos categor\u00edas de protectores auditivos tipo orejeras y tipo tap\u00f3n siendo el \u00faltimo desechables o reusables.<br \/>\nLos protectores auditivos son equipos de protecci\u00f3n individual (EPI) que debidos a sus propiedades para la atenuaci\u00f3n del sonido, reducen los efectos peligrosos del ruido en la audici\u00f3n para evitar el da\u00f1o ac\u00fastico. Ambas lineas cuentan con las certificaciones correspondientes que garantizan su protecci\u00f3n.<br \/>\nNuestros tapones son de una atenuaci\u00f3n moderada (NRR 21dB) que facilitan una protecci\u00f3n \u00f3ptima, a la vez que reducen la sensaci\u00f3n de aislamiento por parte del usuario. Su dise\u00f1o es moderno y atractivo, adem\u00e1s de otorgar comodidad gracias a su material blando y flexible.<\/p>\n","protected":false},"featured_media":4796,"comment_status":"open","ping_status":"closed","template":"","meta":[],"product_cat":[79],"product_tag":[208,201,196,195,200,199,206],"class_list":{"0":"post-3077","1":"product","2":"type-product","3":"status-publish","4":"has-post-thumbnail","6":"product_cat-proteccion-auditiva","7":"product_tag-clute","8":"product_tag-epps","9":"product_tag-industrial","10":"product_tag-proteccion","11":"product_tag-salud","12":"product_tag-seguridad","13":"product_tag-trabajo","15":"first","16":"instock","17":"shipping-taxable","18":"product-type-simple"},"_links":{"self":[{"href":"https:\/\/www.sfgsac.net\/index.php?rest_route=\/wp\/v2\/product\/3077","targetHints":{"allow":["GET"]}}],"collection":[{"href":"https:\/\/www.sfgsac.net\/index.php?rest_route=\/wp\/v2\/product"}],"about":[{"href":"https:\/\/www.sfgsac.net\/index.php?rest_route=\/wp\/v2\/types\/product"}],"replies":[{"embeddable":true,"href":"https:\/\/www.sfgsac.net\/index.php?rest_route=%2Fwp%2Fv2%2Fcomments&post=3077"}],"wp:featuredmedia":[{"embeddable":true,"href":"https:\/\/www.sfgsac.net\/index.php?rest_route=\/wp\/v2\/media\/4796"}],"wp:attachment":[{"href":"https:\/\/www.sfgsac.net\/index.php?rest_route=%2Fwp%2Fv2%2Fmedia&parent=3077"}],"wp:term":[{"taxonomy":"product_cat","embeddable":true,"href":"https:\/\/www.sfgsac.net\/index.php?rest_route=%2Fwp%2Fv2%2Fproduct_cat&post=3077"},{"taxonomy":"product_tag","embeddable":true,"href":"https:\/\/www.sfgsac.net\/index.php?rest_route=%2Fwp%2Fv2%2Fproduct_tag&post=3077"}],"curies":[{"name":"wp","href":"https:\/\/api.w.org\/{rel}","templated":true}]}}