{"id":3081,"date":"2022-10-21T07:52:08","date_gmt":"2022-10-21T07:52:08","guid":{"rendered":"https:\/\/klbtheme.com\/partdo\/?post_type=product&#038;p=3081"},"modified":"2023-12-07T12:31:54","modified_gmt":"2023-12-07T17:31:54","slug":"pirelli-tires-scorpion-as-plus-3","status":"publish","type":"product","link":"https:\/\/www.sfgsac.net\/?product=pirelli-tires-scorpion-as-plus-3","title":{"rendered":"Clute, Tap\u00f3n Auditivo Elite TPR, en Caja\/100 unidades"},"content":{"rendered":"<p><strong>Caracter\u00edsticas:<\/strong><\/p>\n<ul>\n<li>Fabricado de un elast\u00f3mero termoplastico (TPR).<\/li>\n<li>Hipoalerg\u00e9nico.<\/li>\n<li>Reutilizable.<\/li>\n<li>\u00a0NRR: 25dB.<\/li>\n<li>Certificaciones: ANSI S3.19-1974, EN 352-2:2002.<\/li>\n<\/ul>\n","protected":false},"excerpt":{"rendered":"<p>Los tapones auditivos reutilizables de CLUTE, modelo ELITE con cord\u00f3n, son dise\u00f1ados para ser insertados en el canal auditivo y ayudar a reducir la exposici\u00f3n de ruido a niveles que no sean da\u00f1inos o molestos.<\/p>\n","protected":false},"featured_media":4741,"comment_status":"open","ping_status":"closed","template":"","meta":[],"product_cat":[79],"product_tag":[208,196,195,200,199,216,206],"class_list":{"0":"post-3081","1":"product","2":"type-product","3":"status-publish","4":"has-post-thumbnail","6":"product_cat-proteccion-auditiva","7":"product_tag-clute","8":"product_tag-industrial","9":"product_tag-proteccion","10":"product_tag-salud","11":"product_tag-seguridad","12":"product_tag-tapones","13":"product_tag-trabajo","15":"first","16":"instock","17":"shipping-taxable","18":"product-type-simple"},"_links":{"self":[{"href":"https:\/\/www.sfgsac.net\/index.php?rest_route=\/wp\/v2\/product\/3081","targetHints":{"allow":["GET"]}}],"collection":[{"href":"https:\/\/www.sfgsac.net\/index.php?rest_route=\/wp\/v2\/product"}],"about":[{"href":"https:\/\/www.sfgsac.net\/index.php?rest_route=\/wp\/v2\/types\/product"}],"replies":[{"embeddable":true,"href":"https:\/\/www.sfgsac.net\/index.php?rest_route=%2Fwp%2Fv2%2Fcomments&post=3081"}],"wp:featuredmedia":[{"embeddable":true,"href":"https:\/\/www.sfgsac.net\/index.php?rest_route=\/wp\/v2\/media\/4741"}],"wp:attachment":[{"href":"https:\/\/www.sfgsac.net\/index.php?rest_route=%2Fwp%2Fv2%2Fmedia&parent=3081"}],"wp:term":[{"taxonomy":"product_cat","embeddable":true,"href":"https:\/\/www.sfgsac.net\/index.php?rest_route=%2Fwp%2Fv2%2Fproduct_cat&post=3081"},{"taxonomy":"product_tag","embeddable":true,"href":"https:\/\/www.sfgsac.net\/index.php?rest_route=%2Fwp%2Fv2%2Fproduct_tag&post=3081"}],"curies":[{"name":"wp","href":"https:\/\/api.w.org\/{rel}","templated":true}]}}