{"id":3090,"date":"2022-10-21T07:56:20","date_gmt":"2022-10-21T07:56:20","guid":{"rendered":"https:\/\/klbtheme.com\/partdo\/?post_type=product&#038;p=3090"},"modified":"2023-12-07T12:27:33","modified_gmt":"2023-12-07T17:27:33","slug":"r1-concepts-eline-series-plain-brake-rotors","status":"publish","type":"product","link":"https:\/\/www.sfgsac.net\/?product=r1-concepts-eline-series-plain-brake-rotors","title":{"rendered":"Steelpro, Tap\u00f3n Auditivo TPR EP-T06C en Caja\/100 unidades"},"content":{"rendered":"<p><strong>Caracter\u00edsticas:<\/strong><\/p>\n<ul>\n<li>Fabricado en PVC siliconado hipoalerg\u00e9nico.<\/li>\n<li>Textura suave, blanda y ergonom\u00e9trica.<\/li>\n<li>Caja en polietileno para ser almacenado de manera higi\u00e9nica.<\/li>\n<li>Presentaci\u00f3n con cord\u00f3n.<\/li>\n<li>De f\u00e1cil mantenimiento con agua y jab\u00f3n neutro.<\/li>\n<li>Dise\u00f1o triple reborde.<\/li>\n<li>Atenuaci\u00f3n SNR 27 dB.<\/li>\n<li>Los valores medios de atenuaci\u00f3n para los tapones auditivos, seg\u00fan lo establecido en las normas ISO 4869, ANSI S3.19\/S12.6, EN 352.<\/li>\n<\/ul>\n","protected":false},"excerpt":{"rendered":"<p>Protector auditivo en PVC siliconado reutilizable, con cord\u00f3n, material antial\u00e9rgico, suave con 3 membranas que sellan el canal auditivo. De f\u00e1cil uso y acomodaci\u00f3n , disponible en estuche para enganchar al cintur\u00f3n. F\u00e1cil almacenamiento, manipulaci\u00f3n, higiene y conservaci\u00f3n del producto.<\/p>\n","protected":false},"featured_media":4741,"comment_status":"open","ping_status":"closed","template":"","meta":[],"product_cat":[79],"product_tag":[201,196,195,200,199,217,216,206],"class_list":{"0":"post-3090","1":"product","2":"type-product","3":"status-publish","4":"has-post-thumbnail","6":"product_cat-proteccion-auditiva","7":"product_tag-epps","8":"product_tag-industrial","9":"product_tag-proteccion","10":"product_tag-salud","11":"product_tag-seguridad","12":"product_tag-steelpro","13":"product_tag-tapones","14":"product_tag-trabajo","16":"first","17":"instock","18":"shipping-taxable","19":"product-type-simple"},"_links":{"self":[{"href":"https:\/\/www.sfgsac.net\/index.php?rest_route=\/wp\/v2\/product\/3090","targetHints":{"allow":["GET"]}}],"collection":[{"href":"https:\/\/www.sfgsac.net\/index.php?rest_route=\/wp\/v2\/product"}],"about":[{"href":"https:\/\/www.sfgsac.net\/index.php?rest_route=\/wp\/v2\/types\/product"}],"replies":[{"embeddable":true,"href":"https:\/\/www.sfgsac.net\/index.php?rest_route=%2Fwp%2Fv2%2Fcomments&post=3090"}],"wp:featuredmedia":[{"embeddable":true,"href":"https:\/\/www.sfgsac.net\/index.php?rest_route=\/wp\/v2\/media\/4741"}],"wp:attachment":[{"href":"https:\/\/www.sfgsac.net\/index.php?rest_route=%2Fwp%2Fv2%2Fmedia&parent=3090"}],"wp:term":[{"taxonomy":"product_cat","embeddable":true,"href":"https:\/\/www.sfgsac.net\/index.php?rest_route=%2Fwp%2Fv2%2Fproduct_cat&post=3090"},{"taxonomy":"product_tag","embeddable":true,"href":"https:\/\/www.sfgsac.net\/index.php?rest_route=%2Fwp%2Fv2%2Fproduct_tag&post=3090"}],"curies":[{"name":"wp","href":"https:\/\/api.w.org\/{rel}","templated":true}]}}