{"id":3093,"date":"2022-10-21T07:58:07","date_gmt":"2022-10-21T07:58:07","guid":{"rendered":"https:\/\/klbtheme.com\/partdo\/?post_type=product&#038;p=3093"},"modified":"2023-12-07T12:31:44","modified_gmt":"2023-12-07T17:31:44","slug":"radar-dimax-as-8-215_55r17-94v","status":"publish","type":"product","link":"https:\/\/www.sfgsac.net\/?product=radar-dimax-as-8-215_55r17-94v","title":{"rendered":"3M, Orejera X4P3E Serie X Adaptable a Casco 25dB, 1\/paquete"},"content":{"rendered":"<p><strong>Caracter\u00edsticas:\u00a0<\/strong><\/p>\n<ul>\n<li>Alto rendimiento de protecci\u00f3n frente niveles altos de ruido, a la vez que mantiene un dise\u00f1o elegante, moderno y de perfil bajo.<\/li>\n<li>El innovador anillo de sellado ofrece excelente protecci\u00f3n ac\u00fastica particularmente contra sonidos de baja frecuencia<\/li>\n<li>Acolchado ancho y suave que ayuda a reducir la presi\u00f3n en las orejas y mejora el confort y la portabilidad<\/li>\n<li>Conchas moldeables de dise\u00f1o fino<\/li>\n<li>El gran espacio en el interior de las copas reduce la humedad y la acumulaci\u00f3n de calor<\/li>\n<li>Dise\u00f1o ligero (236g)<\/li>\n<\/ul>\n<p><strong>Aprobaciones:<\/strong><\/p>\n<ul>\n<li>ANSI S3.19-1974<\/li>\n<li>Norma europea EN 352<\/li>\n<\/ul>\n<p><strong>Usos y aplicaciones:<\/strong><\/p>\n<p>La H4P3E Serie X Adaptable a Casco 25dB han sido dise\u00f1ados para aquellos lugares donde, en general, los trabajadores se encuentran expuestos a altos niveles de ruido como por ejemplo.<\/p>\n<ul>\n<li>Miner\u00eda<\/li>\n<li>Manufactura<\/li>\n<li>Aeropuertos<\/li>\n<li>Construcci\u00f3n<\/li>\n<li>Metal mec\u00e1nica<\/li>\n<li>Aserraderos, entre otros.<\/li>\n<\/ul>\n","protected":false},"excerpt":{"rendered":"<p>Orejera 3M H4P3E Serie X Adaptable a Casco 25dB\u00a0han sido fabricados para brindar una efectiva protecci\u00f3n a los trabajadores que se desempe\u00f1an en \u00e1reas donde los niveles de ruido superan los l\u00edmites establecidos.<\/p>\n","protected":false},"featured_media":4740,"comment_status":"open","ping_status":"closed","template":"","meta":[],"product_cat":[79],"product_tag":[214,201,215,195,200,199,206],"class_list":{"0":"post-3093","1":"product","2":"type-product","3":"status-publish","4":"has-post-thumbnail","6":"product_cat-proteccion-auditiva","7":"product_tag-3m-peru","8":"product_tag-epps","9":"product_tag-orejeras","10":"product_tag-proteccion","11":"product_tag-salud","12":"product_tag-seguridad","13":"product_tag-trabajo","15":"first","16":"instock","17":"shipping-taxable","18":"product-type-simple"},"_links":{"self":[{"href":"https:\/\/www.sfgsac.net\/index.php?rest_route=\/wp\/v2\/product\/3093","targetHints":{"allow":["GET"]}}],"collection":[{"href":"https:\/\/www.sfgsac.net\/index.php?rest_route=\/wp\/v2\/product"}],"about":[{"href":"https:\/\/www.sfgsac.net\/index.php?rest_route=\/wp\/v2\/types\/product"}],"replies":[{"embeddable":true,"href":"https:\/\/www.sfgsac.net\/index.php?rest_route=%2Fwp%2Fv2%2Fcomments&post=3093"}],"wp:featuredmedia":[{"embeddable":true,"href":"https:\/\/www.sfgsac.net\/index.php?rest_route=\/wp\/v2\/media\/4740"}],"wp:attachment":[{"href":"https:\/\/www.sfgsac.net\/index.php?rest_route=%2Fwp%2Fv2%2Fmedia&parent=3093"}],"wp:term":[{"taxonomy":"product_cat","embeddable":true,"href":"https:\/\/www.sfgsac.net\/index.php?rest_route=%2Fwp%2Fv2%2Fproduct_cat&post=3093"},{"taxonomy":"product_tag","embeddable":true,"href":"https:\/\/www.sfgsac.net\/index.php?rest_route=%2Fwp%2Fv2%2Fproduct_tag&post=3093"}],"curies":[{"name":"wp","href":"https:\/\/api.w.org\/{rel}","templated":true}]}}