{"id":3102,"date":"2022-10-21T08:01:14","date_gmt":"2022-10-21T08:01:14","guid":{"rendered":"https:\/\/klbtheme.com\/partdo\/?post_type=product&#038;p=3102"},"modified":"2023-12-07T12:31:32","modified_gmt":"2023-12-07T17:31:32","slug":"schumacher-125-chrome-fan-12v","status":"publish","type":"product","link":"https:\/\/www.sfgsac.net\/?product=schumacher-125-chrome-fan-12v","title":{"rendered":"3M, Orejera Peltor H10P3E, 1\/paquete"},"content":{"rendered":"<p><strong>Caracter\u00edsticas:<\/strong><\/p>\n<ul>\n<li>Material arco:\u00a0acero inoxidable con conector para la gran mayor\u00eda de cascos de seguridad.<\/li>\n<li>NRR: 27dB. Indicaci\u00f3n del m\u00e1ximo nivel de exposici\u00f3n de ruido (105dB) en las copas.<\/li>\n<li>Material de copas: Copas de ABS; cubierta de almohadilla de PVC, y espuma de poliuretano.<\/li>\n<\/ul>\n","protected":false},"excerpt":{"rendered":"<p>3M\u2122 Peltor\u2122 Optime\u2122 Extreme cuentan con la tecnolog\u00eda de doble copa para proporcionar protecci\u00f3n auditiva eficaz.<\/p>\n<p>Para los niveles de ruido de hasta 105 dBA.<\/p>\n<p>Dise\u00f1o Twin-Cup\u2122 patentado. cuenta con copas suaves,cojines rellenos de espuma. Dise\u00f1o de f\u00e1cil Acople a Casco. copa pivote que se\u00f1ala que la inclinaci\u00f3n para una mayor comodidad y eficiencia \u00f3ptima. cojines llenos de l\u00edquido \/ espuma. C\u00f3digo de colores para ayudar a las necesidades de avistamiento. Reducci\u00f3n de ruido Rating (NRR) *: 27 dB. CSA Class AL.<\/p>\n<p>&nbsp;<\/p>\n<p>&nbsp;<\/p>\n","protected":false},"featured_media":4739,"comment_status":"open","ping_status":"closed","template":"","meta":[],"product_cat":[79],"product_tag":[214,201,215,200,199],"class_list":{"0":"post-3102","1":"product","2":"type-product","3":"status-publish","4":"has-post-thumbnail","6":"product_cat-proteccion-auditiva","7":"product_tag-3m-peru","8":"product_tag-epps","9":"product_tag-orejeras","10":"product_tag-salud","11":"product_tag-seguridad","13":"first","14":"instock","15":"shipping-taxable","16":"product-type-simple"},"_links":{"self":[{"href":"https:\/\/www.sfgsac.net\/index.php?rest_route=\/wp\/v2\/product\/3102","targetHints":{"allow":["GET"]}}],"collection":[{"href":"https:\/\/www.sfgsac.net\/index.php?rest_route=\/wp\/v2\/product"}],"about":[{"href":"https:\/\/www.sfgsac.net\/index.php?rest_route=\/wp\/v2\/types\/product"}],"replies":[{"embeddable":true,"href":"https:\/\/www.sfgsac.net\/index.php?rest_route=%2Fwp%2Fv2%2Fcomments&post=3102"}],"wp:featuredmedia":[{"embeddable":true,"href":"https:\/\/www.sfgsac.net\/index.php?rest_route=\/wp\/v2\/media\/4739"}],"wp:attachment":[{"href":"https:\/\/www.sfgsac.net\/index.php?rest_route=%2Fwp%2Fv2%2Fmedia&parent=3102"}],"wp:term":[{"taxonomy":"product_cat","embeddable":true,"href":"https:\/\/www.sfgsac.net\/index.php?rest_route=%2Fwp%2Fv2%2Fproduct_cat&post=3102"},{"taxonomy":"product_tag","embeddable":true,"href":"https:\/\/www.sfgsac.net\/index.php?rest_route=%2Fwp%2Fv2%2Fproduct_tag&post=3102"}],"curies":[{"name":"wp","href":"https:\/\/api.w.org\/{rel}","templated":true}]}}