{"id":3109,"date":"2022-10-21T08:05:11","date_gmt":"2022-10-21T08:05:11","guid":{"rendered":"https:\/\/klbtheme.com\/partdo\/?post_type=product&#038;p=3109"},"modified":"2025-10-01T01:43:19","modified_gmt":"2025-10-01T06:43:19","slug":"snowyfox-rv-15amp-to-50amp-adapter-15male","status":"publish","type":"product","link":"https:\/\/www.sfgsac.net\/?product=snowyfox-rv-15amp-to-50amp-adapter-15male","title":{"rendered":"3M, Tap\u00f3n Auditivo 1270, 1\/paquete"},"content":{"rendered":"<p><strong>Caracter\u00edsticas:<\/strong><\/p>\n<ul>\n<li>Material tap\u00f3n: Elast\u00f3mero sint\u00e9tico<\/li>\n<li>Color del tap\u00f3n: Naranja<\/li>\n<li>Cord\u00f3n: Poli\u00e9ster o PVC<\/li>\n<li>Marca: 3M<\/li>\n<\/ul>\n<p><strong>Aplicaciones:<\/strong><\/p>\n<p>Los tapones auditivos 1270 pueden utilizarse en aquellas industrias donde exista riesgo de exposici\u00f3na ruido, tales tales como:<\/p>\n<ul>\n<li>Construcci\u00f3n<\/li>\n<li>Procesos de maderas<\/li>\n<li>Metalurgia<\/li>\n<li>Donde existan motores o turbinas.<\/li>\n<\/ul>\n","protected":false},"excerpt":{"rendered":"<p>Tapon auditivo 3M 1270,\u00a0son fabricados con materiales hipoalerg\u00e9nicos, lo que brinda una efectiva e higi\u00e9nica protecci\u00f3n a los trabajadores que se desempe\u00f1an en \u00e1reas donde los niveles de ruido superan los 85 dB(A) por d\u00eda. Son de f\u00e1cil limpieza, s\u00f3lo agua y jab\u00f3n.<\/p>\n","protected":false},"featured_media":4738,"comment_status":"open","ping_status":"closed","template":"","meta":[],"product_cat":[79],"product_tag":[214,201,195,199,216],"class_list":{"0":"post-3109","1":"product","2":"type-product","3":"status-publish","4":"has-post-thumbnail","6":"product_cat-proteccion-auditiva","7":"product_tag-3m-peru","8":"product_tag-epps","9":"product_tag-proteccion","10":"product_tag-seguridad","11":"product_tag-tapones","13":"first","14":"instock","15":"shipping-taxable","16":"product-type-simple"},"_links":{"self":[{"href":"https:\/\/www.sfgsac.net\/index.php?rest_route=\/wp\/v2\/product\/3109","targetHints":{"allow":["GET"]}}],"collection":[{"href":"https:\/\/www.sfgsac.net\/index.php?rest_route=\/wp\/v2\/product"}],"about":[{"href":"https:\/\/www.sfgsac.net\/index.php?rest_route=\/wp\/v2\/types\/product"}],"replies":[{"embeddable":true,"href":"https:\/\/www.sfgsac.net\/index.php?rest_route=%2Fwp%2Fv2%2Fcomments&post=3109"}],"wp:featuredmedia":[{"embeddable":true,"href":"https:\/\/www.sfgsac.net\/index.php?rest_route=\/wp\/v2\/media\/4738"}],"wp:attachment":[{"href":"https:\/\/www.sfgsac.net\/index.php?rest_route=%2Fwp%2Fv2%2Fmedia&parent=3109"}],"wp:term":[{"taxonomy":"product_cat","embeddable":true,"href":"https:\/\/www.sfgsac.net\/index.php?rest_route=%2Fwp%2Fv2%2Fproduct_cat&post=3109"},{"taxonomy":"product_tag","embeddable":true,"href":"https:\/\/www.sfgsac.net\/index.php?rest_route=%2Fwp%2Fv2%2Fproduct_tag&post=3109"}],"curies":[{"name":"wp","href":"https:\/\/api.w.org\/{rel}","templated":true}]}}