{"id":3115,"date":"2022-10-21T08:07:37","date_gmt":"2022-10-21T08:07:37","guid":{"rendered":"https:\/\/klbtheme.com\/partdo\/?post_type=product&#038;p=3115"},"modified":"2023-12-07T12:31:09","modified_gmt":"2023-12-07T17:31:09","slug":"spec-d-projector-headlights","status":"publish","type":"product","link":"https:\/\/www.sfgsac.net\/?product=spec-d-projector-headlights","title":{"rendered":"3M, Orejera 3M Peltor H9P3E Adaptable a Casco, 1\/paquete"},"content":{"rendered":"<p><strong><span class=\"subTituloProducto\">CARACTERISTICAS<\/span><\/strong><\/p>\n<ul>\n<li>Fabricado con materiales hipoalerg\u00e9nicos y livianos.<\/li>\n<li>Protecci\u00f3n contra ruidos que alcanzan hasta 98dB.<\/li>\n<li>Su tasa de reducci\u00f3n de ruido (NRR) es de 23dB.<\/li>\n<li>Con conector para las ranuras del casco de seguridad.<\/li>\n<li>Cuenta con 4 puntos de suspensi\u00f3n que distribuyen la presi\u00f3n y se adaptan a la mayor\u00eda de los perfiles faciales; las copas cuentan con puntos pivotantes.<\/li>\n<li>Las almohadillas externas y la espuma interior cubre totalmente el oido externo, a\u00fan con lentes.<\/li>\n<li>Marca: 3M.<\/li>\n<\/ul>\n","protected":false},"excerpt":{"rendered":"<p>Orejera 3M Peltor H9P3E, est\u00e1n dise\u00f1ados para proveer una efectiva protecci\u00f3n contra ruido cuando se usan de acuerdo con las instrucciones de colocaci\u00f3n y se aplican los criterios para la selecci\u00f3n de equipos de protecci\u00f3n auditiva.<\/p>\n","protected":false},"featured_media":4737,"comment_status":"open","ping_status":"closed","template":"","meta":[],"product_cat":[79],"product_tag":[214,215,195,199],"class_list":{"0":"post-3115","1":"product","2":"type-product","3":"status-publish","4":"has-post-thumbnail","6":"product_cat-proteccion-auditiva","7":"product_tag-3m-peru","8":"product_tag-orejeras","9":"product_tag-proteccion","10":"product_tag-seguridad","12":"first","13":"instock","14":"shipping-taxable","15":"product-type-simple"},"_links":{"self":[{"href":"https:\/\/www.sfgsac.net\/index.php?rest_route=\/wp\/v2\/product\/3115","targetHints":{"allow":["GET"]}}],"collection":[{"href":"https:\/\/www.sfgsac.net\/index.php?rest_route=\/wp\/v2\/product"}],"about":[{"href":"https:\/\/www.sfgsac.net\/index.php?rest_route=\/wp\/v2\/types\/product"}],"replies":[{"embeddable":true,"href":"https:\/\/www.sfgsac.net\/index.php?rest_route=%2Fwp%2Fv2%2Fcomments&post=3115"}],"wp:featuredmedia":[{"embeddable":true,"href":"https:\/\/www.sfgsac.net\/index.php?rest_route=\/wp\/v2\/media\/4737"}],"wp:attachment":[{"href":"https:\/\/www.sfgsac.net\/index.php?rest_route=%2Fwp%2Fv2%2Fmedia&parent=3115"}],"wp:term":[{"taxonomy":"product_cat","embeddable":true,"href":"https:\/\/www.sfgsac.net\/index.php?rest_route=%2Fwp%2Fv2%2Fproduct_cat&post=3115"},{"taxonomy":"product_tag","embeddable":true,"href":"https:\/\/www.sfgsac.net\/index.php?rest_route=%2Fwp%2Fv2%2Fproduct_tag&post=3115"}],"curies":[{"name":"wp","href":"https:\/\/api.w.org\/{rel}","templated":true}]}}