{"id":3119,"date":"2022-10-21T08:10:19","date_gmt":"2022-10-21T08:10:19","guid":{"rendered":"https:\/\/klbtheme.com\/partdo\/?post_type=product&#038;p=3119"},"modified":"2023-12-07T12:24:38","modified_gmt":"2023-12-07T17:24:38","slug":"spyder-projector-headlights","status":"publish","type":"product","link":"https:\/\/www.sfgsac.net\/?product=spyder-projector-headlights","title":{"rendered":"3M, Orejeras tipo vincha Peltor\u2122 Optime\u2122 98 &#8211; H9A 1\/Paquete"},"content":{"rendered":"<p><strong>Caracter\u00edsticas:<\/strong><\/p>\n<ul>\n<li>Arco de acero inoxidable con banda acolchonada sobre la cabeza.<\/li>\n<li>Longitud ajustable de los brazos del arco; y copas pivotantes para mayor compatibilidad, seguridad y comodidad.<\/li>\n<li>NRR: 25dB. Indicaci\u00f3n del m\u00e1ximo nivel de exposici\u00f3n de ruido (98dB) en las copas.<\/li>\n<li>Copas de ABS; cubierta de almohadilla de PVC, y espuma de poliuretano.<\/li>\n<\/ul>\n<p><b>Aprobaciones:<\/b><\/p>\n<p>Las Orejeras Peltor cumplen con la norma ANSI S3.19 \u2013 1974 sobre protecci\u00f3n de la audici\u00f3n.<\/p>\n<p><strong>Usos y aplicaciones:<\/strong><\/p>\n<p>Empleables en gran n\u00famero de labores que puedan implicar el riesgo de presencia de ruido, y asimismo en condiciones en las que los trabajadores est\u00e9n expuestos a polvo, grasa u otro tipo de sustancias.<\/p>\n","protected":false},"excerpt":{"rendered":"<p>Orejera 3M H9A Peltor con Banda 25 dB\u00a0est\u00e1n dise\u00f1ados para proveer efectiva protecci\u00f3n contra ruido cuando se usan de acuerdo con las instrucciones de colocaci\u00f3n y se aplican los criterios para la selecci\u00f3n de equipos de protecci\u00f3n auditiva.<\/p>\n","protected":false},"featured_media":4736,"comment_status":"open","ping_status":"closed","template":"","meta":[],"product_cat":[79],"product_tag":[214,215,199],"class_list":{"0":"post-3119","1":"product","2":"type-product","3":"status-publish","4":"has-post-thumbnail","6":"product_cat-proteccion-auditiva","7":"product_tag-3m-peru","8":"product_tag-orejeras","9":"product_tag-seguridad","11":"first","12":"instock","13":"shipping-taxable","14":"product-type-simple"},"_links":{"self":[{"href":"https:\/\/www.sfgsac.net\/index.php?rest_route=\/wp\/v2\/product\/3119","targetHints":{"allow":["GET"]}}],"collection":[{"href":"https:\/\/www.sfgsac.net\/index.php?rest_route=\/wp\/v2\/product"}],"about":[{"href":"https:\/\/www.sfgsac.net\/index.php?rest_route=\/wp\/v2\/types\/product"}],"replies":[{"embeddable":true,"href":"https:\/\/www.sfgsac.net\/index.php?rest_route=%2Fwp%2Fv2%2Fcomments&post=3119"}],"wp:featuredmedia":[{"embeddable":true,"href":"https:\/\/www.sfgsac.net\/index.php?rest_route=\/wp\/v2\/media\/4736"}],"wp:attachment":[{"href":"https:\/\/www.sfgsac.net\/index.php?rest_route=%2Fwp%2Fv2%2Fmedia&parent=3119"}],"wp:term":[{"taxonomy":"product_cat","embeddable":true,"href":"https:\/\/www.sfgsac.net\/index.php?rest_route=%2Fwp%2Fv2%2Fproduct_cat&post=3119"},{"taxonomy":"product_tag","embeddable":true,"href":"https:\/\/www.sfgsac.net\/index.php?rest_route=%2Fwp%2Fv2%2Fproduct_tag&post=3119"}],"curies":[{"name":"wp","href":"https:\/\/api.w.org\/{rel}","templated":true}]}}