{"id":3128,"date":"2022-10-21T08:13:55","date_gmt":"2022-10-21T08:13:55","guid":{"rendered":"https:\/\/klbtheme.com\/partdo\/?post_type=product&#038;p=3128"},"modified":"2025-10-01T01:44:11","modified_gmt":"2025-10-01T06:44:11","slug":"thinkware-f770-dash-cam-dual-channel-wifi-gps-16gb","status":"publish","type":"product","link":"https:\/\/www.sfgsac.net\/?product=thinkware-f770-dash-cam-dual-channel-wifi-gps-16gb","title":{"rendered":"Clute, Guante SuperFlex L\u00e1tex rojo, 12\/Paquete"},"content":{"rendered":"<p><strong>CARACTER\u00cdSTICAS<\/strong><\/p>\n<ul>\n<li>Recubierto con latex corrugado<\/li>\n<li>Tejido sin costura de poly algod\u00f3n de galga N\u00b010<\/li>\n<li>Resistente a aceites y grasas industriales<\/li>\n<li>Certificaciones: CE<\/li>\n<\/ul>\n","protected":false},"excerpt":{"rendered":"<p>Los guantes de protecci\u00f3n SUPER FLEX de CLUTE recubiertos con l\u00e1tex corrugado, son los guantes de protecci\u00f3n industrial de uso general, ideales para proteger a las personas de los procesos ofreciendo un excelente nivel de agarre, destreza y comodidad.<\/p>\n","protected":false},"featured_media":4789,"comment_status":"open","ping_status":"closed","template":"","meta":[],"product_cat":[63],"product_tag":[208,201,207,205,195,200,199,206],"class_list":{"0":"post-3128","1":"product","2":"type-product","3":"status-publish","4":"has-post-thumbnail","6":"product_cat-proteccion-manual","7":"product_tag-clute","8":"product_tag-epps","9":"product_tag-latex","10":"product_tag-manual","11":"product_tag-proteccion","12":"product_tag-salud","13":"product_tag-seguridad","14":"product_tag-trabajo","16":"first","17":"instock","18":"shipping-taxable","19":"product-type-simple"},"_links":{"self":[{"href":"https:\/\/www.sfgsac.net\/index.php?rest_route=\/wp\/v2\/product\/3128","targetHints":{"allow":["GET"]}}],"collection":[{"href":"https:\/\/www.sfgsac.net\/index.php?rest_route=\/wp\/v2\/product"}],"about":[{"href":"https:\/\/www.sfgsac.net\/index.php?rest_route=\/wp\/v2\/types\/product"}],"replies":[{"embeddable":true,"href":"https:\/\/www.sfgsac.net\/index.php?rest_route=%2Fwp%2Fv2%2Fcomments&post=3128"}],"wp:featuredmedia":[{"embeddable":true,"href":"https:\/\/www.sfgsac.net\/index.php?rest_route=\/wp\/v2\/media\/4789"}],"wp:attachment":[{"href":"https:\/\/www.sfgsac.net\/index.php?rest_route=%2Fwp%2Fv2%2Fmedia&parent=3128"}],"wp:term":[{"taxonomy":"product_cat","embeddable":true,"href":"https:\/\/www.sfgsac.net\/index.php?rest_route=%2Fwp%2Fv2%2Fproduct_cat&post=3128"},{"taxonomy":"product_tag","embeddable":true,"href":"https:\/\/www.sfgsac.net\/index.php?rest_route=%2Fwp%2Fv2%2Fproduct_tag&post=3128"}],"curies":[{"name":"wp","href":"https:\/\/api.w.org\/{rel}","templated":true}]}}