{"id":4464,"date":"2023-10-10T12:47:08","date_gmt":"2023-10-10T17:47:08","guid":{"rendered":"https:\/\/sfgsac.net\/?post_type=product&#038;p=4464"},"modified":"2023-11-07T17:11:40","modified_gmt":"2023-11-07T22:11:40","slug":"casco-3m-blanco","status":"publish","type":"product","link":"https:\/\/www.sfgsac.net\/?product=casco-3m-blanco","title":{"rendered":"3M, Casco de Seguridad H700, Blanco, 1\/Paquete"},"content":{"rendered":"<p><strong>Caracter\u00edsticas:<\/strong><\/p>\n<ul>\n<li>Carcasa de polietileno de alta densidad.<\/li>\n<li>Liviano y de dise\u00f1o compacto.<\/li>\n<li>Visera peque\u00f1a para lograr una mejor visibilidad hacia arriba.<\/li>\n<li>Disponible en varios colores.<\/li>\n<li>Ranuras para accesorios que permiten la fijaci\u00f3n de protecci\u00f3n auditiva de copa para casco, protectores faciales, mentonera y caretas para soldadura con adaptador para casco.<\/li>\n<li>C\u00f3modo, suspensi\u00f3n de 4 puntos tipo est\u00e1ndar o a cremallera con altura regulable.<\/li>\n<li>Mentonera.<\/li>\n<li>Marca: 3M<\/li>\n<\/ul>\n<p><strong>Normas:<\/strong><\/p>\n<ul>\n<li>IRAM 3620 tipo 1 clase B<\/li>\n<li>ANSI\/ISEA Z89.1-2009 Tipo 1, Clase C, G y E<\/li>\n<li>CSA Z94.1-05 Tipo 1, Clase C, G y E.<\/li>\n<li>NBR 8221:2003. CA 29.638: Casco clase B<\/li>\n<\/ul>\n<p>&nbsp;<\/p>\n","protected":false},"excerpt":{"rendered":"<p>El casco est\u00e1 dise\u00f1ado para usar en entornos adversos, con una excelente capacidad de ventilaci\u00f3n y un buen \u00e1ngulo de visi\u00f3n. El dise\u00f1o ligeramente redondeado del casco evita que sus piezas se enganchen con cables o ramas. M\u00e1s c\u00f3modo, gracias a los orificios de ventilaci\u00f3n distribuidos en un \u00e1rea mayor, que ofrecen un flujo de aire elevado.<\/p>\n","protected":false},"featured_media":4791,"comment_status":"open","ping_status":"closed","template":"","meta":[],"product_cat":[78],"product_tag":[214,194,196,195,200,199,206],"class_list":{"0":"post-4464","1":"product","2":"type-product","3":"status-publish","4":"has-post-thumbnail","6":"product_cat-proteccion-cabeza","7":"product_tag-3m-peru","8":"product_tag-cabeza","9":"product_tag-industrial","10":"product_tag-proteccion","11":"product_tag-salud","12":"product_tag-seguridad","13":"product_tag-trabajo","15":"first","16":"instock","17":"shipping-taxable","18":"purchasable","19":"product-type-simple"},"_links":{"self":[{"href":"https:\/\/www.sfgsac.net\/index.php?rest_route=\/wp\/v2\/product\/4464","targetHints":{"allow":["GET"]}}],"collection":[{"href":"https:\/\/www.sfgsac.net\/index.php?rest_route=\/wp\/v2\/product"}],"about":[{"href":"https:\/\/www.sfgsac.net\/index.php?rest_route=\/wp\/v2\/types\/product"}],"replies":[{"embeddable":true,"href":"https:\/\/www.sfgsac.net\/index.php?rest_route=%2Fwp%2Fv2%2Fcomments&post=4464"}],"wp:featuredmedia":[{"embeddable":true,"href":"https:\/\/www.sfgsac.net\/index.php?rest_route=\/wp\/v2\/media\/4791"}],"wp:attachment":[{"href":"https:\/\/www.sfgsac.net\/index.php?rest_route=%2Fwp%2Fv2%2Fmedia&parent=4464"}],"wp:term":[{"taxonomy":"product_cat","embeddable":true,"href":"https:\/\/www.sfgsac.net\/index.php?rest_route=%2Fwp%2Fv2%2Fproduct_cat&post=4464"},{"taxonomy":"product_tag","embeddable":true,"href":"https:\/\/www.sfgsac.net\/index.php?rest_route=%2Fwp%2Fv2%2Fproduct_tag&post=4464"}],"curies":[{"name":"wp","href":"https:\/\/api.w.org\/{rel}","templated":true}]}}