{"id":4608,"date":"2023-10-18T18:04:40","date_gmt":"2023-10-18T23:04:40","guid":{"rendered":"https:\/\/www.sfgsac.net\/?post_type=product&#038;p=4608"},"modified":"2023-10-20T17:34:01","modified_gmt":"2023-10-20T22:34:01","slug":"clute-guante-superflex-nylon-latex-12-paquete","status":"publish","type":"product","link":"https:\/\/www.sfgsac.net\/?product=clute-guante-superflex-nylon-latex-12-paquete","title":{"rendered":"Clute, Guante SuperFlex Nylon L\u00e1tex , 12\/Paquete"},"content":{"rendered":"<p><strong>CARACTER\u00cdSTICAS<\/strong><\/p>\n<ul>\n<li>Tejido sin costura de nylon de galga N\u00b013<\/li>\n<li>Revestimiento resistente al rasgado<\/li>\n<li>Resistente a aceites y grasas industriales<\/li>\n<li>Certificaciones: CE<\/li>\n<li>Tallas:\u00a0 M, L<\/li>\n<\/ul>\n","protected":false},"excerpt":{"rendered":"<p>Los guantes de protecci\u00f3n SUPER FLEX de CLUTE recubiertos con l\u00e1tex corrugado, son los guantes de protecci\u00f3n industrial de uso general, ideales para proteger a las personas de los procesos ofreciendo un excelente nivel de agarre, destreza y comodidad.<\/p>\n","protected":false},"featured_media":4756,"comment_status":"open","ping_status":"closed","template":"","meta":[],"product_cat":[63],"product_tag":[208,201,207,205,195,200,199,206],"class_list":{"0":"post-4608","1":"product","2":"type-product","3":"status-publish","4":"has-post-thumbnail","6":"product_cat-proteccion-manual","7":"product_tag-clute","8":"product_tag-epps","9":"product_tag-latex","10":"product_tag-manual","11":"product_tag-proteccion","12":"product_tag-salud","13":"product_tag-seguridad","14":"product_tag-trabajo","16":"first","17":"instock","18":"shipping-taxable","19":"purchasable","20":"product-type-simple"},"_links":{"self":[{"href":"https:\/\/www.sfgsac.net\/index.php?rest_route=\/wp\/v2\/product\/4608","targetHints":{"allow":["GET"]}}],"collection":[{"href":"https:\/\/www.sfgsac.net\/index.php?rest_route=\/wp\/v2\/product"}],"about":[{"href":"https:\/\/www.sfgsac.net\/index.php?rest_route=\/wp\/v2\/types\/product"}],"replies":[{"embeddable":true,"href":"https:\/\/www.sfgsac.net\/index.php?rest_route=%2Fwp%2Fv2%2Fcomments&post=4608"}],"wp:featuredmedia":[{"embeddable":true,"href":"https:\/\/www.sfgsac.net\/index.php?rest_route=\/wp\/v2\/media\/4756"}],"wp:attachment":[{"href":"https:\/\/www.sfgsac.net\/index.php?rest_route=%2Fwp%2Fv2%2Fmedia&parent=4608"}],"wp:term":[{"taxonomy":"product_cat","embeddable":true,"href":"https:\/\/www.sfgsac.net\/index.php?rest_route=%2Fwp%2Fv2%2Fproduct_cat&post=4608"},{"taxonomy":"product_tag","embeddable":true,"href":"https:\/\/www.sfgsac.net\/index.php?rest_route=%2Fwp%2Fv2%2Fproduct_tag&post=4608"}],"curies":[{"name":"wp","href":"https:\/\/api.w.org\/{rel}","templated":true}]}}