{"id":4648,"date":"2023-10-18T21:53:13","date_gmt":"2023-10-19T02:53:13","guid":{"rendered":"https:\/\/www.sfgsac.net\/?post_type=product&#038;p=4648"},"modified":"2024-04-16T15:49:58","modified_gmt":"2024-04-16T21:49:58","slug":"steelpro-guante-cuero-driver-12-paquete","status":"publish","type":"product","link":"https:\/\/www.sfgsac.net\/?product=steelpro-guante-cuero-driver-12-paquete","title":{"rendered":"Steelpro, Guante Cuero Driver, 12\/Paquete"},"content":{"rendered":"<p class=\"h6-lista\"><strong>Caracter\u00edsticas:<\/strong><\/p>\n<ul id=\"product_detail\" class=\"lista-detalle\">\n<li>Material en cuero b\u00fafalo color amarillo con pu\u00f1o de seguridad<\/li>\n<li>Pu\u00f1o corto con combinaci\u00f3n en carnaza en el dorso<\/li>\n<li>Espesor del guante: 0<\/li>\n<li>9-1<\/li>\n<li>1mm<\/li>\n<li>Largo del guante 24cm<\/li>\n<li>Ancho del pu\u00f1o 12cm (+\/-5%)<\/li>\n<li>Costuras internas reforzadas<\/li>\n<li>El\u00e1stico en dorso de la mano para mayor ajuste<\/li>\n<\/ul>\n","protected":false},"excerpt":{"rendered":"<p>STEELPRO ofrece una amplia l\u00ednea de seguridad para protecci\u00f3n manual con diferentes tipos de guantes y materiales que brindan diferentes opciones de protecci\u00f3n en la Industria y Construcci\u00f3n. Nuestro guante en vaqueta de uso general, le permitir\u00e1 estar protegido en actividades en las que los riesgos mec\u00e1nicos est\u00e1n presentes, nuestro modelo tipo ingeniero con pu\u00f1o de seguridad le facilitar\u00e1 su uso y retiro de la mano al mismo tiempo que protecci\u00f3n en donde no se encuentre presente el riesgo por contacto con qu\u00edmicos.<\/p>\n","protected":false},"featured_media":4776,"comment_status":"open","ping_status":"closed","template":"","meta":[],"product_cat":[63],"product_tag":[201,207,205,195,200,199,217,206],"class_list":{"0":"post-4648","1":"product","2":"type-product","3":"status-publish","4":"has-post-thumbnail","6":"product_cat-proteccion-manual","7":"product_tag-epps","8":"product_tag-latex","9":"product_tag-manual","10":"product_tag-proteccion","11":"product_tag-salud","12":"product_tag-seguridad","13":"product_tag-steelpro","14":"product_tag-trabajo","16":"first","17":"instock","18":"shipping-taxable","19":"product-type-simple"},"_links":{"self":[{"href":"https:\/\/www.sfgsac.net\/index.php?rest_route=\/wp\/v2\/product\/4648","targetHints":{"allow":["GET"]}}],"collection":[{"href":"https:\/\/www.sfgsac.net\/index.php?rest_route=\/wp\/v2\/product"}],"about":[{"href":"https:\/\/www.sfgsac.net\/index.php?rest_route=\/wp\/v2\/types\/product"}],"replies":[{"embeddable":true,"href":"https:\/\/www.sfgsac.net\/index.php?rest_route=%2Fwp%2Fv2%2Fcomments&post=4648"}],"wp:featuredmedia":[{"embeddable":true,"href":"https:\/\/www.sfgsac.net\/index.php?rest_route=\/wp\/v2\/media\/4776"}],"wp:attachment":[{"href":"https:\/\/www.sfgsac.net\/index.php?rest_route=%2Fwp%2Fv2%2Fmedia&parent=4648"}],"wp:term":[{"taxonomy":"product_cat","embeddable":true,"href":"https:\/\/www.sfgsac.net\/index.php?rest_route=%2Fwp%2Fv2%2Fproduct_cat&post=4648"},{"taxonomy":"product_tag","embeddable":true,"href":"https:\/\/www.sfgsac.net\/index.php?rest_route=%2Fwp%2Fv2%2Fproduct_tag&post=4648"}],"curies":[{"name":"wp","href":"https:\/\/api.w.org\/{rel}","templated":true}]}}