{"id":4656,"date":"2023-10-18T21:56:42","date_gmt":"2023-10-19T02:56:42","guid":{"rendered":"https:\/\/www.sfgsac.net\/?post_type=product&#038;p=4656"},"modified":"2024-04-16T15:49:44","modified_gmt":"2024-04-16T21:49:44","slug":"steelpro-guante-anticorte-en-malla-metalica-1-paquete","status":"publish","type":"product","link":"https:\/\/www.sfgsac.net\/?product=steelpro-guante-anticorte-en-malla-metalica-1-paquete","title":{"rendered":"Steelpro, Guante Cuero Soldador Naranjo Negro, 1\/Paquete"},"content":{"rendered":"<p class=\"h6-lista\"><strong>Caracter\u00edsticas:<\/strong><\/p>\n<ul id=\"product_detail\" class=\"lista-detalle\">\n<li>Fabricado en descarne curtido al cromo color naranja<\/li>\n<li>Refuerzo en la palma y nudillos color negro<\/li>\n<li>Costura con Hilo de Kevlar<\/li>\n<li>Forro interior en algod\u00f3n<\/li>\n<li>Costura protegidas con resistencia t\u00e9rmica e interior forrado<\/li>\n<li>Largo del guante 15 in que protege el antebrazo y permite buena ventilaci\u00f3n<\/li>\n<li>Resistente a salpicaduras por soldadura y esquilas incandescentes<\/li>\n<li>Buena protecci\u00f3n mec\u00e1nica y t\u00e9rmica<\/li>\n<li>Dedo pulgar tipo ala que permite mejor maniobrabilidad<\/li>\n<\/ul>\n","protected":false},"excerpt":{"rendered":"<p>Guante confeccionado totalmente en descarne curtido al cromo color naranjo. Adem\u00e1s, cuenta con costuras protegidas casi en la totalidad de las comisuras y en su interior completamente forrado.<\/p>\n","protected":false},"featured_media":4772,"comment_status":"open","ping_status":"closed","template":"","meta":[],"product_cat":[63],"product_tag":[201,205,195,200,199,217,206],"class_list":{"0":"post-4656","1":"product","2":"type-product","3":"status-publish","4":"has-post-thumbnail","6":"product_cat-proteccion-manual","7":"product_tag-epps","8":"product_tag-manual","9":"product_tag-proteccion","10":"product_tag-salud","11":"product_tag-seguridad","12":"product_tag-steelpro","13":"product_tag-trabajo","15":"first","16":"instock","17":"shipping-taxable","18":"product-type-simple"},"_links":{"self":[{"href":"https:\/\/www.sfgsac.net\/index.php?rest_route=\/wp\/v2\/product\/4656","targetHints":{"allow":["GET"]}}],"collection":[{"href":"https:\/\/www.sfgsac.net\/index.php?rest_route=\/wp\/v2\/product"}],"about":[{"href":"https:\/\/www.sfgsac.net\/index.php?rest_route=\/wp\/v2\/types\/product"}],"replies":[{"embeddable":true,"href":"https:\/\/www.sfgsac.net\/index.php?rest_route=%2Fwp%2Fv2%2Fcomments&post=4656"}],"wp:featuredmedia":[{"embeddable":true,"href":"https:\/\/www.sfgsac.net\/index.php?rest_route=\/wp\/v2\/media\/4772"}],"wp:attachment":[{"href":"https:\/\/www.sfgsac.net\/index.php?rest_route=%2Fwp%2Fv2%2Fmedia&parent=4656"}],"wp:term":[{"taxonomy":"product_cat","embeddable":true,"href":"https:\/\/www.sfgsac.net\/index.php?rest_route=%2Fwp%2Fv2%2Fproduct_cat&post=4656"},{"taxonomy":"product_tag","embeddable":true,"href":"https:\/\/www.sfgsac.net\/index.php?rest_route=%2Fwp%2Fv2%2Fproduct_tag&post=4656"}],"curies":[{"name":"wp","href":"https:\/\/api.w.org\/{rel}","templated":true}]}}