{"id":4660,"date":"2023-10-18T22:04:39","date_gmt":"2023-10-19T03:04:39","guid":{"rendered":"https:\/\/www.sfgsac.net\/?post_type=product&#038;p=4660"},"modified":"2024-04-16T15:49:32","modified_gmt":"2024-04-16T21:49:32","slug":"steelpro-guante-cuero-soldador-naranjo-1-paquete","status":"publish","type":"product","link":"https:\/\/www.sfgsac.net\/?product=steelpro-guante-cuero-soldador-naranjo-1-paquete","title":{"rendered":"Steelpro, Guante Cuero soldador Naranjo, 1\/Paquete"},"content":{"rendered":"<p class=\"h6-lista\"><strong>Caracter\u00edsticas:<\/strong><\/p>\n<ul id=\"product_detail\" class=\"lista-detalle\">\n<li>Fabricado en cuero descarne curtido al cromo color naranja.<\/li>\n<li>Costuras protegidas internas.<\/li>\n<li>Forro interior t\u00e9rmico.<\/li>\n<li>Protecci\u00f3n mec\u00e1nica y t\u00e9rmica.<\/li>\n<li>Largo del guante 14\u201d que protege el antebrazo y permite buena ventilaci\u00f3n.<\/li>\n<li>Dedo pulgar tipo ala que permite mejor maniobrabilidad.<\/li>\n<\/ul>\n","protected":false},"excerpt":{"rendered":"<p>Guante confeccionado totalmente en descarne curtido al cromo color naranjo. Adem\u00e1s, cuenta con costuras protegidas casi en la totalidad de las comisuras y en su interior completamente forrado.<\/p>\n","protected":false},"featured_media":4771,"comment_status":"open","ping_status":"closed","template":"","meta":[],"product_cat":[63],"product_tag":[201,207,205,195,200,199,217,206],"class_list":{"0":"post-4660","1":"product","2":"type-product","3":"status-publish","4":"has-post-thumbnail","6":"product_cat-proteccion-manual","7":"product_tag-epps","8":"product_tag-latex","9":"product_tag-manual","10":"product_tag-proteccion","11":"product_tag-salud","12":"product_tag-seguridad","13":"product_tag-steelpro","14":"product_tag-trabajo","16":"first","17":"instock","18":"shipping-taxable","19":"product-type-simple"},"_links":{"self":[{"href":"https:\/\/www.sfgsac.net\/index.php?rest_route=\/wp\/v2\/product\/4660","targetHints":{"allow":["GET"]}}],"collection":[{"href":"https:\/\/www.sfgsac.net\/index.php?rest_route=\/wp\/v2\/product"}],"about":[{"href":"https:\/\/www.sfgsac.net\/index.php?rest_route=\/wp\/v2\/types\/product"}],"replies":[{"embeddable":true,"href":"https:\/\/www.sfgsac.net\/index.php?rest_route=%2Fwp%2Fv2%2Fcomments&post=4660"}],"wp:featuredmedia":[{"embeddable":true,"href":"https:\/\/www.sfgsac.net\/index.php?rest_route=\/wp\/v2\/media\/4771"}],"wp:attachment":[{"href":"https:\/\/www.sfgsac.net\/index.php?rest_route=%2Fwp%2Fv2%2Fmedia&parent=4660"}],"wp:term":[{"taxonomy":"product_cat","embeddable":true,"href":"https:\/\/www.sfgsac.net\/index.php?rest_route=%2Fwp%2Fv2%2Fproduct_cat&post=4660"},{"taxonomy":"product_tag","embeddable":true,"href":"https:\/\/www.sfgsac.net\/index.php?rest_route=%2Fwp%2Fv2%2Fproduct_tag&post=4660"}],"curies":[{"name":"wp","href":"https:\/\/api.w.org\/{rel}","templated":true}]}}