{"id":4664,"date":"2023-10-18T22:14:09","date_gmt":"2023-10-19T03:14:09","guid":{"rendered":"https:\/\/www.sfgsac.net\/?post_type=product&#038;p=4664"},"modified":"2024-04-16T15:55:32","modified_gmt":"2024-04-16T21:55:32","slug":"steelpro-guante-nitrilo-18-15-mil-12-paquete","status":"publish","type":"product","link":"https:\/\/www.sfgsac.net\/?product=steelpro-guante-nitrilo-18-15-mil-12-paquete","title":{"rendered":"Steelpro, Guante Nitrilo 18&#8243;-15 MIL, 12\/Paquete"},"content":{"rendered":"<p class=\"h6-lista\"><strong>Caracter\u00edsticas:<\/strong><\/p>\n<ul id=\"product_detail\" class=\"lista-detalle\">\n<li>Espesor de 22 mil\u00e9simas de pulgada<\/li>\n<li>Guante de nitrilo verde sin soporte<\/li>\n<li>Forma anat\u00f3mica<\/li>\n<li>Acabado antideslizante en palma y dedos<\/li>\n<li>Buena resistencia a la abrasi\u00f3n<\/li>\n<li>Buen agarre en seco<\/li>\n<\/ul>\n","protected":false},"excerpt":{"rendered":"<p>El nuevo guante NITRILSAFE 18\u201d pertenece a nuestra l\u00ednea de guantes en nitrilo, dise\u00f1ados a satisfacer las necesidades de protecci\u00f3n en una amplia gama de actividades en las que se empleen sustancias qu\u00edmicas. Disponibilidad de tallas para mayor comodidad.<\/p>\n","protected":false},"featured_media":4765,"comment_status":"open","ping_status":"closed","template":"","meta":[],"product_cat":[63],"product_tag":[201,207,205,195,200,199,217,206],"class_list":{"0":"post-4664","1":"product","2":"type-product","3":"status-publish","4":"has-post-thumbnail","6":"product_cat-proteccion-manual","7":"product_tag-epps","8":"product_tag-latex","9":"product_tag-manual","10":"product_tag-proteccion","11":"product_tag-salud","12":"product_tag-seguridad","13":"product_tag-steelpro","14":"product_tag-trabajo","16":"first","17":"instock","18":"shipping-taxable","19":"product-type-simple"},"_links":{"self":[{"href":"https:\/\/www.sfgsac.net\/index.php?rest_route=\/wp\/v2\/product\/4664","targetHints":{"allow":["GET"]}}],"collection":[{"href":"https:\/\/www.sfgsac.net\/index.php?rest_route=\/wp\/v2\/product"}],"about":[{"href":"https:\/\/www.sfgsac.net\/index.php?rest_route=\/wp\/v2\/types\/product"}],"replies":[{"embeddable":true,"href":"https:\/\/www.sfgsac.net\/index.php?rest_route=%2Fwp%2Fv2%2Fcomments&post=4664"}],"wp:featuredmedia":[{"embeddable":true,"href":"https:\/\/www.sfgsac.net\/index.php?rest_route=\/wp\/v2\/media\/4765"}],"wp:attachment":[{"href":"https:\/\/www.sfgsac.net\/index.php?rest_route=%2Fwp%2Fv2%2Fmedia&parent=4664"}],"wp:term":[{"taxonomy":"product_cat","embeddable":true,"href":"https:\/\/www.sfgsac.net\/index.php?rest_route=%2Fwp%2Fv2%2Fproduct_cat&post=4664"},{"taxonomy":"product_tag","embeddable":true,"href":"https:\/\/www.sfgsac.net\/index.php?rest_route=%2Fwp%2Fv2%2Fproduct_tag&post=4664"}],"curies":[{"name":"wp","href":"https:\/\/api.w.org\/{rel}","templated":true}]}}