{"id":4666,"date":"2023-10-18T22:16:43","date_gmt":"2023-10-19T03:16:43","guid":{"rendered":"https:\/\/www.sfgsac.net\/?post_type=product&#038;p=4666"},"modified":"2024-04-16T15:49:01","modified_gmt":"2024-04-16T21:49:01","slug":"steelpro-guante-multiflex-poliester-pu-12-paquete","status":"publish","type":"product","link":"https:\/\/www.sfgsac.net\/?product=steelpro-guante-multiflex-poliester-pu-12-paquete","title":{"rendered":"Steelpro, Guante Multiflex Poli\u00e9ster PU , 12\/Paquete"},"content":{"rendered":"<p><strong>CARACTER\u00cdSTICAS<\/strong><\/p>\n<ul>\n<li>Tejido 100% en poli\u00e9ster flexible negro sin costuras internas<\/li>\n<li>Pu\u00f1o cerrado con resorte en color para identificaci\u00f3n de tallaje<\/li>\n<li>Palma y falanges distales con recubrimiento en PU (poliuretano) negro<\/li>\n<li>Ajuste total a la mano y alta destreza fina<\/li>\n<li>Empaque: Par<\/li>\n<\/ul>\n","protected":false},"excerpt":{"rendered":"<p>Steelpro en su l\u00ednea de protecci\u00f3n manual incluye la alternativa de guantes certificados, fabricados en tejidos de punto resistentes con tecnolog\u00eda de inmersi\u00f3n en recubrimientos sint\u00e9ticos que proporcionan la mejor opci\u00f3n de protecci\u00f3n y resistencia frente a riesgos mec\u00e1nicos presentes en las \u00e1reas de trabajo. La l\u00ednea MULTIFLEX Nitrilo ofrece alternativas en diferentes opciones de guantes tejidos con recubrimientos resistentes a la abrasi\u00f3n y qu\u00edmicos, combinando la mejor relaci\u00f3n entre peso, alta destreza, flexibilidad, durabilidad, confort y optima adaptabilidad a la mano de los colaboradores.<\/p>\n","protected":false},"featured_media":4766,"comment_status":"open","ping_status":"closed","template":"","meta":[],"product_cat":[63],"product_tag":[201,207,205,195,200,199,217,206],"class_list":{"0":"post-4666","1":"product","2":"type-product","3":"status-publish","4":"has-post-thumbnail","6":"product_cat-proteccion-manual","7":"product_tag-epps","8":"product_tag-latex","9":"product_tag-manual","10":"product_tag-proteccion","11":"product_tag-salud","12":"product_tag-seguridad","13":"product_tag-steelpro","14":"product_tag-trabajo","16":"first","17":"instock","18":"shipping-taxable","19":"product-type-simple"},"_links":{"self":[{"href":"https:\/\/www.sfgsac.net\/index.php?rest_route=\/wp\/v2\/product\/4666","targetHints":{"allow":["GET"]}}],"collection":[{"href":"https:\/\/www.sfgsac.net\/index.php?rest_route=\/wp\/v2\/product"}],"about":[{"href":"https:\/\/www.sfgsac.net\/index.php?rest_route=\/wp\/v2\/types\/product"}],"replies":[{"embeddable":true,"href":"https:\/\/www.sfgsac.net\/index.php?rest_route=%2Fwp%2Fv2%2Fcomments&post=4666"}],"wp:featuredmedia":[{"embeddable":true,"href":"https:\/\/www.sfgsac.net\/index.php?rest_route=\/wp\/v2\/media\/4766"}],"wp:attachment":[{"href":"https:\/\/www.sfgsac.net\/index.php?rest_route=%2Fwp%2Fv2%2Fmedia&parent=4666"}],"wp:term":[{"taxonomy":"product_cat","embeddable":true,"href":"https:\/\/www.sfgsac.net\/index.php?rest_route=%2Fwp%2Fv2%2Fproduct_cat&post=4666"},{"taxonomy":"product_tag","embeddable":true,"href":"https:\/\/www.sfgsac.net\/index.php?rest_route=%2Fwp%2Fv2%2Fproduct_tag&post=4666"}],"curies":[{"name":"wp","href":"https:\/\/api.w.org\/{rel}","templated":true}]}}