{"id":4668,"date":"2023-10-18T22:22:12","date_gmt":"2023-10-19T03:22:12","guid":{"rendered":"https:\/\/www.sfgsac.net\/?post_type=product&#038;p=4668"},"modified":"2023-10-26T21:22:38","modified_gmt":"2023-10-27T02:22:38","slug":"libus-casco-de-seguridad-milemiun-class-1-paquete","status":"publish","type":"product","link":"https:\/\/www.sfgsac.net\/?product=libus-casco-de-seguridad-milemiun-class-1-paquete","title":{"rendered":"Libus, Casco de Seguridad Milemiun Class,  1\/Paquete"},"content":{"rendered":"<p><strong>Caracter\u00edsticas:<\/strong><\/p>\n<section class=\"blocContenu blocContenu-first\">\n<ul>\n<li>Dise\u00f1o modular que permite el montaje de productos de protecci\u00f3n facial, auditiva, ocular y soldadura.<\/li>\n<li>Fabricado en polietileno, se distingue por su moderno dise\u00f1o y excelente terminaci\u00f3n.<\/li>\n<li>Hebilla trasera para anclaje de mentonera de 3 puntos.<\/li>\n<li>Versiones: Sin ventilaci\u00f3n.<\/li>\n<\/ul>\n<\/section>\n<section class=\"blocContenu\"><\/section>\n<section class=\"blocContenu\">\n<div><\/div>\n<div><\/div>\n<div><\/div>\n<div><\/div>\n<\/section>\n<p>&nbsp;<\/p>\n<p>&nbsp;<\/p>\n","protected":false},"excerpt":{"rendered":"<p>Dise\u00f1ado para proteger la cabeza del impacto de objetos que caen libremente, incluye arn\u00e9s a elecci\u00f3n.<\/p>\n<p>&nbsp;<\/p>\n","protected":false},"featured_media":4763,"comment_status":"open","ping_status":"closed","template":"","meta":[],"product_cat":[78],"product_tag":[194,198,222,201,196,195,200,199],"class_list":{"0":"post-4668","1":"product","2":"type-product","3":"status-publish","4":"has-post-thumbnail","6":"product_cat-proteccion-cabeza","7":"product_tag-cabeza","8":"product_tag-cascos","9":"product_tag-deltaplus","10":"product_tag-epps","11":"product_tag-industrial","12":"product_tag-proteccion","13":"product_tag-salud","14":"product_tag-seguridad","16":"first","17":"instock","18":"shipping-taxable","19":"purchasable","20":"product-type-simple"},"_links":{"self":[{"href":"https:\/\/www.sfgsac.net\/index.php?rest_route=\/wp\/v2\/product\/4668","targetHints":{"allow":["GET"]}}],"collection":[{"href":"https:\/\/www.sfgsac.net\/index.php?rest_route=\/wp\/v2\/product"}],"about":[{"href":"https:\/\/www.sfgsac.net\/index.php?rest_route=\/wp\/v2\/types\/product"}],"replies":[{"embeddable":true,"href":"https:\/\/www.sfgsac.net\/index.php?rest_route=%2Fwp%2Fv2%2Fcomments&post=4668"}],"wp:featuredmedia":[{"embeddable":true,"href":"https:\/\/www.sfgsac.net\/index.php?rest_route=\/wp\/v2\/media\/4763"}],"wp:attachment":[{"href":"https:\/\/www.sfgsac.net\/index.php?rest_route=%2Fwp%2Fv2%2Fmedia&parent=4668"}],"wp:term":[{"taxonomy":"product_cat","embeddable":true,"href":"https:\/\/www.sfgsac.net\/index.php?rest_route=%2Fwp%2Fv2%2Fproduct_cat&post=4668"},{"taxonomy":"product_tag","embeddable":true,"href":"https:\/\/www.sfgsac.net\/index.php?rest_route=%2Fwp%2Fv2%2Fproduct_tag&post=4668"}],"curies":[{"name":"wp","href":"https:\/\/api.w.org\/{rel}","templated":true}]}}