{"id":4673,"date":"2023-10-19T17:50:05","date_gmt":"2023-10-19T22:50:05","guid":{"rendered":"https:\/\/www.sfgsac.net\/?post_type=product&#038;p=4673"},"modified":"2023-10-20T17:29:32","modified_gmt":"2023-10-20T22:29:32","slug":"steelpro-traje-descartable-s110-25-caja","status":"publish","type":"product","link":"https:\/\/www.sfgsac.net\/?product=steelpro-traje-descartable-s110-25-caja","title":{"rendered":"Steelpro, Traje Descartable S110, 25\/Caja"},"content":{"rendered":"<p class=\"h6-lista\"><strong>Caracter\u00edsticas:<\/strong><\/p>\n<ul id=\"product_detail\" class=\"lista-detalle\">\n<li>Confeccionado en tela no tejida de 50 gramos<\/li>\n<li>Compuesta de 3 capas<\/li>\n<li>Primera capa de 100% Polietileno pel\u00edcula respirable de 20 gramos<\/li>\n<li>Segunda capa de recubrimiento termo fusible adhesiva de 2 gramos<\/li>\n<li>Tercera capa de 100% Polipropileno de 28 gramos<\/li>\n<li>Buena Resistencia qu\u00edmica<\/li>\n<li>Tecnolog\u00eda con tratamiento laminado respirable que permite la evaporaci\u00f3n de la transpiraci\u00f3n y presenta buen comportamiento como regulador de la temperatura corporal<\/li>\n<li>Tela laminada microporosa SF50 de 50 g\/m2<\/li>\n<\/ul>\n","protected":false},"excerpt":{"rendered":"<p>Los buzos descartables STEELPRO brindan a los usuarios protecci\u00f3n contra macropart\u00edculas que se adhieren a la piel, que con el tiempo, podr\u00e1n generar enfermedades cancer\u00edgenas. Resistente a part\u00edculas s\u00f3lidas, repelente a salpicaduras. Est\u00e1 dise\u00f1ado para el sector construcci\u00f3n, alimentos, salud, para trabajos de pintura, industria de cemento, industria civil etc.<\/p>\n","protected":false},"featured_media":4733,"comment_status":"open","ping_status":"closed","template":"","meta":[],"product_cat":[191],"product_tag":[201,226,195,200,199,217,206,225],"class_list":{"0":"post-4673","1":"product","2":"type-product","3":"status-publish","4":"has-post-thumbnail","6":"product_cat-proteccion-corporal","7":"product_tag-epps","8":"product_tag-mameluco","9":"product_tag-proteccion","10":"product_tag-salud","11":"product_tag-seguridad","12":"product_tag-steelpro","13":"product_tag-trabajo","14":"product_tag-traje","16":"first","17":"instock","18":"shipping-taxable","19":"purchasable","20":"product-type-simple"},"_links":{"self":[{"href":"https:\/\/www.sfgsac.net\/index.php?rest_route=\/wp\/v2\/product\/4673","targetHints":{"allow":["GET"]}}],"collection":[{"href":"https:\/\/www.sfgsac.net\/index.php?rest_route=\/wp\/v2\/product"}],"about":[{"href":"https:\/\/www.sfgsac.net\/index.php?rest_route=\/wp\/v2\/types\/product"}],"replies":[{"embeddable":true,"href":"https:\/\/www.sfgsac.net\/index.php?rest_route=%2Fwp%2Fv2%2Fcomments&post=4673"}],"wp:featuredmedia":[{"embeddable":true,"href":"https:\/\/www.sfgsac.net\/index.php?rest_route=\/wp\/v2\/media\/4733"}],"wp:attachment":[{"href":"https:\/\/www.sfgsac.net\/index.php?rest_route=%2Fwp%2Fv2%2Fmedia&parent=4673"}],"wp:term":[{"taxonomy":"product_cat","embeddable":true,"href":"https:\/\/www.sfgsac.net\/index.php?rest_route=%2Fwp%2Fv2%2Fproduct_cat&post=4673"},{"taxonomy":"product_tag","embeddable":true,"href":"https:\/\/www.sfgsac.net\/index.php?rest_route=%2Fwp%2Fv2%2Fproduct_tag&post=4673"}],"curies":[{"name":"wp","href":"https:\/\/api.w.org\/{rel}","templated":true}]}}