{"id":4677,"date":"2023-10-19T17:55:26","date_gmt":"2023-10-19T22:55:26","guid":{"rendered":"https:\/\/www.sfgsac.net\/?post_type=product&#038;p=4677"},"modified":"2023-10-20T17:35:34","modified_gmt":"2023-10-20T22:35:34","slug":"tecseg-traje-descartable-tsg15-25-caja","status":"publish","type":"product","link":"https:\/\/www.sfgsac.net\/?product=tecseg-traje-descartable-tsg15-25-caja","title":{"rendered":"Tecseg, Traje Descartable TSG15, 25\/Caja"},"content":{"rendered":"<p class=\"h6-lista\"><strong>Caracter\u00edsticas:<\/strong><\/p>\n<ul>\n<li>&#8211; Capucha de 2 piezas<\/li>\n<li>Puntadas internas reducen el riesgo de deshilachamiento<\/li>\n<li>Composici\u00f3n de la tela: 42% polietileno, 58% polipropileno<\/li>\n<\/ul>\n<p>Normativa<\/p>\n<ul>\n<li>EN 13034:2005 + A1: 2009 Ropa de protecci\u00f3n qu\u00edmica que ofrece una protecci\u00f3n limitada contra salpicaduras de l\u00edquidos a baja presi\u00f3n o volumen. Tipo 6.<\/li>\n<li>EN ISO 13982-1:2004 + A1 2010 Ropa de protecci\u00f3n qu\u00edmica que provee protecci\u00f3n al completo cuerpo contra part\u00edculas s\u00f3lidas aerotransportadas. Tipo 5.<\/li>\n<\/ul>\n<p>&nbsp;<\/p>\n","protected":false},"excerpt":{"rendered":"<p>El traje desechable Tecseg brinda protecci\u00f3n, comodidad y econom\u00eda. Est\u00e1 compuesto de una tela suave y duradera que proporciona una excelente protecci\u00f3n contra part\u00edculas secas y aerosoles ligeros de productos l\u00edquidos que son transportados por el aire. Es ideal para una extensa gama de aplicaciones industriales donde se requiere una protecci\u00f3n ante part\u00edculas finas y aerosoles l\u00edquidos de baja peligrosidad.<\/p>\n<p>El traje TECSEG cuenta con un dise\u00f1o c\u00f3modo que le permite al usuario tener un mayor rango de movimiento al estirar y flexionar. Est\u00e1 confeccionado con polietileno y polipropileno, tejidos permeables al vapor de humedad que permiten reducir el riesgo de sufrir estr\u00e9s t\u00e9rmico por calor del usuario. Cuenta con costuras reforzadas de 3 hilos entrelazados alrededor de los bordes de dos piezas de tela, que reducen el ingreso de part\u00edculas y brindan una uni\u00f3n fuerte y segura, resistente a la tensi\u00f3n. Adem\u00e1s, dispone de el\u00e1sticos en la capucha de 2 piezas, pu\u00f1os, cintura y tobillos para brindar mayor seguridad y libertad de movimiento.<\/p>\n","protected":false},"featured_media":4732,"comment_status":"open","ping_status":"closed","template":"","meta":[],"product_cat":[191],"product_tag":[201,226,195,200,199,227,206,225],"class_list":{"0":"post-4677","1":"product","2":"type-product","3":"status-publish","4":"has-post-thumbnail","6":"product_cat-proteccion-corporal","7":"product_tag-epps","8":"product_tag-mameluco","9":"product_tag-proteccion","10":"product_tag-salud","11":"product_tag-seguridad","12":"product_tag-tecseg","13":"product_tag-trabajo","14":"product_tag-traje","16":"first","17":"instock","18":"shipping-taxable","19":"purchasable","20":"product-type-simple"},"_links":{"self":[{"href":"https:\/\/www.sfgsac.net\/index.php?rest_route=\/wp\/v2\/product\/4677","targetHints":{"allow":["GET"]}}],"collection":[{"href":"https:\/\/www.sfgsac.net\/index.php?rest_route=\/wp\/v2\/product"}],"about":[{"href":"https:\/\/www.sfgsac.net\/index.php?rest_route=\/wp\/v2\/types\/product"}],"replies":[{"embeddable":true,"href":"https:\/\/www.sfgsac.net\/index.php?rest_route=%2Fwp%2Fv2%2Fcomments&post=4677"}],"wp:featuredmedia":[{"embeddable":true,"href":"https:\/\/www.sfgsac.net\/index.php?rest_route=\/wp\/v2\/media\/4732"}],"wp:attachment":[{"href":"https:\/\/www.sfgsac.net\/index.php?rest_route=%2Fwp%2Fv2%2Fmedia&parent=4677"}],"wp:term":[{"taxonomy":"product_cat","embeddable":true,"href":"https:\/\/www.sfgsac.net\/index.php?rest_route=%2Fwp%2Fv2%2Fproduct_cat&post=4677"},{"taxonomy":"product_tag","embeddable":true,"href":"https:\/\/www.sfgsac.net\/index.php?rest_route=%2Fwp%2Fv2%2Fproduct_tag&post=4677"}],"curies":[{"name":"wp","href":"https:\/\/api.w.org\/{rel}","templated":true}]}}