{"id":4684,"date":"2023-10-20T14:41:57","date_gmt":"2023-10-20T19:41:57","guid":{"rendered":"https:\/\/www.sfgsac.net\/?post_type=product&#038;p=4684"},"modified":"2023-10-20T17:04:25","modified_gmt":"2023-10-20T22:04:25","slug":"3m-traje-descartable-4520-25-caja","status":"publish","type":"product","link":"https:\/\/www.sfgsac.net\/?product=3m-traje-descartable-4520-25-caja","title":{"rendered":"3M, Traje Descartable 4520, 25\/Caja"},"content":{"rendered":"<p class=\"h6-lista\"><strong>Caracter\u00edsticas:<\/strong><\/p>\n<ul>\n<li>Material ultra liviano y altamente respirable para reducir la presi\u00f3n por calor y aumentar la comodidad de uso, mientras entrega una excelente protecci\u00f3n contra polvos peligrosos y salpicadura de l\u00edquidos (tipo 5\/6)<\/li>\n<li>Capucha, Cintura y Tobillos elasticados para una mayor seguridad y libertad de movimiento<\/li>\n<li>Cierre de doble sentido con cubierta, para mayor comodidad y protecci\u00f3n contra contaminantes<\/li>\n<li>Material antiest\u00e1tico para trabajos en \u00e1reas de riesgo el\u00e9ctrico<\/li>\n<li>Sin costuras en hombros ni brazos para evitar penetraci\u00f3n de agentes peligrosos<\/li>\n<\/ul>\n","protected":false},"excerpt":{"rendered":"<p>El Buzo Desechable 4520 de 3M ayuda a proporcionar una barrera de protecci\u00f3n b\u00e1sica contra salpicaduras de l\u00edquidos leves y polvos peligrosos. Cuenta con aprobaci\u00f3n CE bajo la directiva de elementos de protecci\u00f3n personal (89\/686\/ECC), categor\u00eda III.<\/p>\n","protected":false},"featured_media":4729,"comment_status":"open","ping_status":"closed","template":"","meta":[],"product_cat":[191],"product_tag":[201,226,228,195,200,199,227,206,225],"class_list":{"0":"post-4684","1":"product","2":"type-product","3":"status-publish","4":"has-post-thumbnail","6":"product_cat-proteccion-corporal","7":"product_tag-epps","8":"product_tag-mameluco","9":"product_tag-overall","10":"product_tag-proteccion","11":"product_tag-salud","12":"product_tag-seguridad","13":"product_tag-tecseg","14":"product_tag-trabajo","15":"product_tag-traje","17":"first","18":"instock","19":"shipping-taxable","20":"purchasable","21":"product-type-simple"},"_links":{"self":[{"href":"https:\/\/www.sfgsac.net\/index.php?rest_route=\/wp\/v2\/product\/4684","targetHints":{"allow":["GET"]}}],"collection":[{"href":"https:\/\/www.sfgsac.net\/index.php?rest_route=\/wp\/v2\/product"}],"about":[{"href":"https:\/\/www.sfgsac.net\/index.php?rest_route=\/wp\/v2\/types\/product"}],"replies":[{"embeddable":true,"href":"https:\/\/www.sfgsac.net\/index.php?rest_route=%2Fwp%2Fv2%2Fcomments&post=4684"}],"wp:featuredmedia":[{"embeddable":true,"href":"https:\/\/www.sfgsac.net\/index.php?rest_route=\/wp\/v2\/media\/4729"}],"wp:attachment":[{"href":"https:\/\/www.sfgsac.net\/index.php?rest_route=%2Fwp%2Fv2%2Fmedia&parent=4684"}],"wp:term":[{"taxonomy":"product_cat","embeddable":true,"href":"https:\/\/www.sfgsac.net\/index.php?rest_route=%2Fwp%2Fv2%2Fproduct_cat&post=4684"},{"taxonomy":"product_tag","embeddable":true,"href":"https:\/\/www.sfgsac.net\/index.php?rest_route=%2Fwp%2Fv2%2Fproduct_tag&post=4684"}],"curies":[{"name":"wp","href":"https:\/\/api.w.org\/{rel}","templated":true}]}}