{"id":4688,"date":"2023-10-20T14:49:25","date_gmt":"2023-10-20T19:49:25","guid":{"rendered":"https:\/\/www.sfgsac.net\/?post_type=product&#038;p=4688"},"modified":"2023-10-20T17:23:41","modified_gmt":"2023-10-20T22:23:41","slug":"3m-traje-blanco-4545-25-caja","status":"publish","type":"product","link":"https:\/\/www.sfgsac.net\/?product=3m-traje-blanco-4545-25-caja","title":{"rendered":"3M, Traje Blanco 4545  25\/Caja"},"content":{"rendered":"<p class=\"h6-lista\"><strong>Caracter\u00edsticas:<\/strong><\/p>\n<div id=\"product-description-short-188\" class=\"product-description-short mb-3 \">\n<ul>\n<li>Excelente protecci\u00f3n frente a part\u00edculas s\u00f3lidas y salpicaduras de qu\u00edmicos o solventes (tipo 5\/6).<\/li>\n<li>Capucha, Cintura y Tobillos elasticados, para una mayor seguridad y libertad de movimientos.<\/li>\n<li>Refuerzo entre las piernas para ayudar a proporcionar una mayor durabilidad durante la flexi\u00f3n y en posici\u00f3n cuclillas<\/li>\n<li>Su material micro-poroso y dise\u00f1o ofrecen protecci\u00f3n contra ciertos contaminantes biol\u00f3gicos, adem\u00e1s de ser libre de fibras.<\/li>\n<li>Cierre de doble sentido con protector de cubierta reutilizable como protecci\u00f3n adicional.<\/li>\n<li>Recubrimiento antiest\u00e1tico en ambos lados, lo cual ayuda a reducir la acumulaci\u00f3n de electricidad est\u00e1tica y evitar el riesgo de descarga el\u00e9ctrica durante el uso.<\/li>\n<\/ul>\n<\/div>\n<div class=\"steasy_divider between_short_and_price\"><\/div>\n","protected":false},"excerpt":{"rendered":"<p>El Buzo Desechable 4545 de 3M est\u00e1 hecho de material laminado de alta calidad, lo cual ayuda a proporcionar una berrera de protecci\u00f3n contra salpicaduras de l\u00edquidos leves, polvos peligrosos y ciertos contaminantes biol\u00f3gicos.<\/p>\n","protected":false},"featured_media":4728,"comment_status":"open","ping_status":"closed","template":"","meta":[],"product_cat":[191],"product_tag":[201,226,228,195,200,199,227,206,225],"class_list":{"0":"post-4688","1":"product","2":"type-product","3":"status-publish","4":"has-post-thumbnail","6":"product_cat-proteccion-corporal","7":"product_tag-epps","8":"product_tag-mameluco","9":"product_tag-overall","10":"product_tag-proteccion","11":"product_tag-salud","12":"product_tag-seguridad","13":"product_tag-tecseg","14":"product_tag-trabajo","15":"product_tag-traje","17":"first","18":"instock","19":"shipping-taxable","20":"purchasable","21":"product-type-simple"},"_links":{"self":[{"href":"https:\/\/www.sfgsac.net\/index.php?rest_route=\/wp\/v2\/product\/4688","targetHints":{"allow":["GET"]}}],"collection":[{"href":"https:\/\/www.sfgsac.net\/index.php?rest_route=\/wp\/v2\/product"}],"about":[{"href":"https:\/\/www.sfgsac.net\/index.php?rest_route=\/wp\/v2\/types\/product"}],"replies":[{"embeddable":true,"href":"https:\/\/www.sfgsac.net\/index.php?rest_route=%2Fwp%2Fv2%2Fcomments&post=4688"}],"wp:featuredmedia":[{"embeddable":true,"href":"https:\/\/www.sfgsac.net\/index.php?rest_route=\/wp\/v2\/media\/4728"}],"wp:attachment":[{"href":"https:\/\/www.sfgsac.net\/index.php?rest_route=%2Fwp%2Fv2%2Fmedia&parent=4688"}],"wp:term":[{"taxonomy":"product_cat","embeddable":true,"href":"https:\/\/www.sfgsac.net\/index.php?rest_route=%2Fwp%2Fv2%2Fproduct_cat&post=4688"},{"taxonomy":"product_tag","embeddable":true,"href":"https:\/\/www.sfgsac.net\/index.php?rest_route=%2Fwp%2Fv2%2Fproduct_tag&post=4688"}],"curies":[{"name":"wp","href":"https:\/\/api.w.org\/{rel}","templated":true}]}}