{"id":4707,"date":"2023-10-20T15:38:03","date_gmt":"2023-10-20T20:38:03","guid":{"rendered":"https:\/\/www.sfgsac.net\/?post_type=product&#038;p=4707"},"modified":"2023-10-20T16:58:41","modified_gmt":"2023-10-20T21:58:41","slug":"ansell-traje-aplatec-2300-plus-modelo-132-25-caja","status":"publish","type":"product","link":"https:\/\/www.sfgsac.net\/?product=ansell-traje-aplatec-2300-plus-modelo-132-25-caja","title":{"rendered":"Ansell, Traje Microchem 6000 Gas Tight Modelo 802-GA1, 1\/paquete"},"content":{"rendered":"<p class=\"h6-lista\"><strong>Caracter\u00edsticas<\/strong><\/p>\n<ul>\n<li>Excelente protecci\u00f3n qu\u00edmica, &gt;480 m para 15 sustancias qu\u00edmicas especificadas en la norma EN 943-2:2002<\/li>\n<li>Innovadora tecnologia de tejido, laminado de barrera de alto rendimiento con refuerzo de entelado<\/li>\n<li>Ligero y flexible<\/li>\n<li>Color naranja brillante altamente visible para una mayor seguridad de los trabajadores<\/li>\n<li>Soldadura por ultrasonido y encintado con aire caliente<\/li>\n<li>Cremallera herm\u00e9tica a gases DYNAT\/YKK que ofrece rendimiento y protecci\u00f3n en los entornos qu\u00edmicos m\u00e1s hostiles<\/li>\n<li>La cremallera tiene cubrecremallera del mismo material que el traje<\/li>\n<li>Visor GAG semirr\u00edgido de 3 capas que ofrece una claridad \u00f3ptica excelente<\/li>\n<\/ul>\n","protected":false},"excerpt":{"rendered":"<p>La \u00fanica responsabilidad del vendedor o fabricante ser\u00e1 la de reemplazar la cantidad de este producto que se pruebe ser defectuoso de f\u00e1brica. Ni el vendedor ni el fabricante ser\u00e1n responsables de cualquier lesi\u00f3n personal, p\u00e9rdida o da\u00f1os ya sean directos o consecuentes del mal uso de este producto. Antes de ser usado, se debe determinar si el producto es apropiado para el uso pretendido y el usuario asume toda responsabilidad y riesgo en conexi\u00f3n con dicho uso.<\/p>\n","protected":false},"featured_media":4719,"comment_status":"open","ping_status":"closed","template":"","meta":[],"product_cat":[191],"product_tag":[229,201,226,228,195,200,199,206,225],"class_list":{"0":"post-4707","1":"product","2":"type-product","3":"status-publish","4":"has-post-thumbnail","6":"product_cat-proteccion-corporal","7":"product_tag-ansell","8":"product_tag-epps","9":"product_tag-mameluco","10":"product_tag-overall","11":"product_tag-proteccion","12":"product_tag-salud","13":"product_tag-seguridad","14":"product_tag-trabajo","15":"product_tag-traje","17":"first","18":"instock","19":"shipping-taxable","20":"purchasable","21":"product-type-simple"},"_links":{"self":[{"href":"https:\/\/www.sfgsac.net\/index.php?rest_route=\/wp\/v2\/product\/4707","targetHints":{"allow":["GET"]}}],"collection":[{"href":"https:\/\/www.sfgsac.net\/index.php?rest_route=\/wp\/v2\/product"}],"about":[{"href":"https:\/\/www.sfgsac.net\/index.php?rest_route=\/wp\/v2\/types\/product"}],"replies":[{"embeddable":true,"href":"https:\/\/www.sfgsac.net\/index.php?rest_route=%2Fwp%2Fv2%2Fcomments&post=4707"}],"wp:featuredmedia":[{"embeddable":true,"href":"https:\/\/www.sfgsac.net\/index.php?rest_route=\/wp\/v2\/media\/4719"}],"wp:attachment":[{"href":"https:\/\/www.sfgsac.net\/index.php?rest_route=%2Fwp%2Fv2%2Fmedia&parent=4707"}],"wp:term":[{"taxonomy":"product_cat","embeddable":true,"href":"https:\/\/www.sfgsac.net\/index.php?rest_route=%2Fwp%2Fv2%2Fproduct_cat&post=4707"},{"taxonomy":"product_tag","embeddable":true,"href":"https:\/\/www.sfgsac.net\/index.php?rest_route=%2Fwp%2Fv2%2Fproduct_tag&post=4707"}],"curies":[{"name":"wp","href":"https:\/\/api.w.org\/{rel}","templated":true}]}}