{"id":4818,"date":"2023-11-07T18:23:39","date_gmt":"2023-11-07T23:23:39","guid":{"rendered":"https:\/\/www.sfgsac.net\/?post_type=product&#038;p=4818"},"modified":"2024-04-16T16:00:22","modified_gmt":"2024-04-16T22:00:22","slug":"3m-cartucho-7093c-2-paquete","status":"publish","type":"product","link":"https:\/\/www.sfgsac.net\/?product=3m-cartucho-7093c-2-paquete","title":{"rendered":"3M, Cartucho 7093C, 2\/Paquete"},"content":{"rendered":"<p><strong>Caracter\u00edsticas:<\/strong><\/p>\n<ul>\n<li>Aprobaci\u00f3n NIOSH.<\/li>\n<li>Cartucho para vapor org\u00e1nico o gas \u00e1cido.<\/li>\n<li>Utilizar con Respiradores Reutilizables 3M\u2122<\/li>\n<li>Dise\u00f1o swept-back para mejora del campo de visi\u00f3n y el equilibrio.<\/li>\n<li>30 pares por cart\u00f3n.<\/li>\n<\/ul>\n","protected":false},"excerpt":{"rendered":"<p>Los filtros\/cartuchos 3M 7093C pueden ser usados en las piezas faciales media cara o cara completa 3M series 6000 \u00f3 7000. Cuentan con aprobaci\u00f3n NIOSH para la protecci\u00f3n a Fluoruros de hidrogeno (HF), aprobaci\u00f3n P100 (filtraci\u00f3n de polvos y nieblas con o sin aceites), y alivio contra niveles molestos de vapores org\u00e1nicos y gases \u00e1cidos. Esta nueva innovaci\u00f3n combina el peso ligero que caracteriza a los filtros P100 con las caracter\u00edsticas de carb\u00f3n activado encontradas en productos m\u00e1s pesados, como las combinaciones de cartuchos.<\/p>\n","protected":false},"featured_media":4803,"comment_status":"open","ping_status":"closed","template":"","meta":[],"product_cat":[117],"product_tag":[210,214,209,213,211,212],"class_list":{"0":"post-4818","1":"product","2":"type-product","3":"status-publish","4":"has-post-thumbnail","6":"product_cat-proteccion-respiratoria","7":"product_tag-3m","8":"product_tag-3m-peru","9":"product_tag-mascarilla","10":"product_tag-proteccion-respiratoria","11":"product_tag-respirador","12":"product_tag-respiradores","14":"first","15":"instock","16":"shipping-taxable","17":"product-type-simple"},"_links":{"self":[{"href":"https:\/\/www.sfgsac.net\/index.php?rest_route=\/wp\/v2\/product\/4818","targetHints":{"allow":["GET"]}}],"collection":[{"href":"https:\/\/www.sfgsac.net\/index.php?rest_route=\/wp\/v2\/product"}],"about":[{"href":"https:\/\/www.sfgsac.net\/index.php?rest_route=\/wp\/v2\/types\/product"}],"replies":[{"embeddable":true,"href":"https:\/\/www.sfgsac.net\/index.php?rest_route=%2Fwp%2Fv2%2Fcomments&post=4818"}],"wp:featuredmedia":[{"embeddable":true,"href":"https:\/\/www.sfgsac.net\/index.php?rest_route=\/wp\/v2\/media\/4803"}],"wp:attachment":[{"href":"https:\/\/www.sfgsac.net\/index.php?rest_route=%2Fwp%2Fv2%2Fmedia&parent=4818"}],"wp:term":[{"taxonomy":"product_cat","embeddable":true,"href":"https:\/\/www.sfgsac.net\/index.php?rest_route=%2Fwp%2Fv2%2Fproduct_cat&post=4818"},{"taxonomy":"product_tag","embeddable":true,"href":"https:\/\/www.sfgsac.net\/index.php?rest_route=%2Fwp%2Fv2%2Fproduct_tag&post=4818"}],"curies":[{"name":"wp","href":"https:\/\/api.w.org\/{rel}","templated":true}]}}