{"id":4819,"date":"2023-11-07T18:27:14","date_gmt":"2023-11-07T23:27:14","guid":{"rendered":"https:\/\/www.sfgsac.net\/?post_type=product&#038;p=4819"},"modified":"2023-11-07T18:31:20","modified_gmt":"2023-11-07T23:31:20","slug":"3m-cartucho-vapores-organicos-y-ozono-2097-2-paquete","status":"publish","type":"product","link":"https:\/\/www.sfgsac.net\/?product=3m-cartucho-vapores-organicos-y-ozono-2097-2-paquete","title":{"rendered":"3M, Cartucho Vapores Org\u00e1nicos y Ozono 2097, 2\/Paquete"},"content":{"rendered":"<p><strong>Caracter\u00edsticas:<\/strong><\/p>\n<ul>\n<li>Comodidad: la tecnolog\u00eda de medio electrost\u00e1tico de 3M facilita la respiraci\u00f3n con un producto liviano, algo que no se consigue con los filtros que contienen fibra de vidrio.<\/li>\n<li>Protecci\u00f3n vers\u00e1til: el 2097 brinda protecci\u00f3n ante una amplia gama de contaminantes particulados de base<br \/>\noleosa y no oleosa. Resulta ideal para soldar, verter metal, ejecutar cortes con soplete, o como prefiltro para la<br \/>\nexposici\u00f3n a ciertas sustancias qu\u00edmicas.<\/li>\n<li>Simplicidad: la versatilidad que brinda el filtro de la serie P, reduce los requerimientos de inventario y de<br \/>\ncapacitaci\u00f3n. El dise\u00f1o hace que los trabajadores encuentren al producto f\u00e1cil de usar.<\/li>\n<li>Compatibilidad: el 2097 puede usarse con la amplia gama de semim\u00e1scaras y m\u00e1scaras faciales de 3M.<\/li>\n<li>Excepcional eficiencia de filtraci\u00f3n: el filtro 20976, P100 habiendo aprobado los criterios de la serie P de<br \/>\nensayos de NIOSH, brinda una eficiencia de filtraci\u00f3n m\u00ednima del 99.97%.<\/li>\n<li>Durabilidad: el material \u00fanico y flexible del filtro permite que el producto se pueda utilizar en entornos cerrados. Su estructura robusta resiste la abrasi\u00f3n y el humedecimiento.<\/li>\n<\/ul>\n","protected":false},"excerpt":{"rendered":"<p>El filtro para part\u00edculas 2097, P100 de 3M con medio electrost\u00e1tico avanzado, fue desarrollado teniendo en cuenta las necesidades del usuario de equipos de protecci\u00f3n respiratoria. Cuenta con capa de carb\u00f3n activado especialmente dise\u00f1ada para eliminar los niveles molestos de vapores org\u00e1nicos.<\/p>\n","protected":false},"featured_media":4812,"comment_status":"open","ping_status":"closed","template":"","meta":[],"product_cat":[117],"product_tag":[210,214,209,213,211,212],"class_list":{"0":"post-4819","1":"product","2":"type-product","3":"status-publish","4":"has-post-thumbnail","6":"product_cat-proteccion-respiratoria","7":"product_tag-3m","8":"product_tag-3m-peru","9":"product_tag-mascarilla","10":"product_tag-proteccion-respiratoria","11":"product_tag-respirador","12":"product_tag-respiradores","14":"first","15":"instock","16":"shipping-taxable","17":"purchasable","18":"product-type-simple"},"_links":{"self":[{"href":"https:\/\/www.sfgsac.net\/index.php?rest_route=\/wp\/v2\/product\/4819","targetHints":{"allow":["GET"]}}],"collection":[{"href":"https:\/\/www.sfgsac.net\/index.php?rest_route=\/wp\/v2\/product"}],"about":[{"href":"https:\/\/www.sfgsac.net\/index.php?rest_route=\/wp\/v2\/types\/product"}],"replies":[{"embeddable":true,"href":"https:\/\/www.sfgsac.net\/index.php?rest_route=%2Fwp%2Fv2%2Fcomments&post=4819"}],"wp:featuredmedia":[{"embeddable":true,"href":"https:\/\/www.sfgsac.net\/index.php?rest_route=\/wp\/v2\/media\/4812"}],"wp:attachment":[{"href":"https:\/\/www.sfgsac.net\/index.php?rest_route=%2Fwp%2Fv2%2Fmedia&parent=4819"}],"wp:term":[{"taxonomy":"product_cat","embeddable":true,"href":"https:\/\/www.sfgsac.net\/index.php?rest_route=%2Fwp%2Fv2%2Fproduct_cat&post=4819"},{"taxonomy":"product_tag","embeddable":true,"href":"https:\/\/www.sfgsac.net\/index.php?rest_route=%2Fwp%2Fv2%2Fproduct_tag&post=4819"}],"curies":[{"name":"wp","href":"https:\/\/api.w.org\/{rel}","templated":true}]}}