{"id":4821,"date":"2023-11-07T18:34:08","date_gmt":"2023-11-07T23:34:08","guid":{"rendered":"https:\/\/www.sfgsac.net\/?post_type=product&#038;p=4821"},"modified":"2023-11-07T18:38:22","modified_gmt":"2023-11-07T23:38:22","slug":"3m-mascara-full-face-6800-1-paquete","status":"publish","type":"product","link":"https:\/\/www.sfgsac.net\/?product=3m-mascara-full-face-6800-1-paquete","title":{"rendered":"3M, Mascara Full Face 6800, 1\/Paquete"},"content":{"rendered":"<p><strong>Caracter\u00edsticas:<\/strong><\/p>\n<ul>\n<li>El material elastomerico es suave a la piel, d\u00e1 comodidad al usuario.<\/li>\n<li>Ofrece protecci\u00f3n con m\u00faltiples alternativas de protecci\u00f3n contra ciertos gases y vapores y material particulado, dado que se puede utilizar con los cartuchos L\u00ednea 6000 y filtros L\u00ednea 2000.<\/li>\n<li>Liviana y balanceada, gracias al arn\u00e9s de cuatro puntos de apoyo, mayor comodidad durante mayor tiempo de uso.<\/li>\n<li>Adaptador \u00fanico central. Direcciona la exhalaci\u00f3n hac\u00eda abajo en el mismo sentido de la respiraci\u00f3n, ayudando a reducir la acumulaci\u00f3n de polvo en el \u00e1rea de la v\u00e1lvula.<\/li>\n<li>V\u00e1lvula de exhalaci\u00f3n Cool FlowTM, ayuda a una respiraci\u00f3n m\u00e1s c\u00f3moda, fresca y seca.<\/li>\n<li>Los filtros de L\u00ednea 2000, ofrecen una combinaci\u00f3n liviana y c\u00f3moda, para protecci\u00f3n contra material particulado y olores molestos de vapores org\u00e1nicos y gases \u00e1cidos.<\/li>\n<li>Filtros de ajuste tipo bayoneta para una f\u00e1cil y r\u00e1pida colocaci\u00f3n.<\/li>\n<li>Bajo mantenimiento, economiza tiempo y reduce inventario de repuestos.<\/li>\n<li>Mayor visibilidad y comodidad para el usuario, por el dise\u00f1o de amplio del lente.<\/li>\n<li>Versatil, puede ser utilizada como presi\u00f3n positiva cuando se ensambla a l\u00edneas de aire tipo estetoscopio<\/li>\n<li>Aprobaciones NIOSH\/MSHA.<\/li>\n<\/ul>\n","protected":false},"excerpt":{"rendered":"<p>Pieza facial cara completa con visor, de doble cartucho, ofrece la posibilidad de ser utilizada con filtros y cartuchos reemplazables para protecci\u00f3n contra ciertos gases, vapores y material particulado como polvo, neblina y humos.<\/p>\n","protected":false},"featured_media":4804,"comment_status":"open","ping_status":"closed","template":"","meta":[],"product_cat":[117],"product_tag":[210,214,209,213,211,212],"class_list":{"0":"post-4821","1":"product","2":"type-product","3":"status-publish","4":"has-post-thumbnail","6":"product_cat-proteccion-respiratoria","7":"product_tag-3m","8":"product_tag-3m-peru","9":"product_tag-mascarilla","10":"product_tag-proteccion-respiratoria","11":"product_tag-respirador","12":"product_tag-respiradores","14":"first","15":"instock","16":"shipping-taxable","17":"purchasable","18":"product-type-simple"},"_links":{"self":[{"href":"https:\/\/www.sfgsac.net\/index.php?rest_route=\/wp\/v2\/product\/4821","targetHints":{"allow":["GET"]}}],"collection":[{"href":"https:\/\/www.sfgsac.net\/index.php?rest_route=\/wp\/v2\/product"}],"about":[{"href":"https:\/\/www.sfgsac.net\/index.php?rest_route=\/wp\/v2\/types\/product"}],"replies":[{"embeddable":true,"href":"https:\/\/www.sfgsac.net\/index.php?rest_route=%2Fwp%2Fv2%2Fcomments&post=4821"}],"wp:featuredmedia":[{"embeddable":true,"href":"https:\/\/www.sfgsac.net\/index.php?rest_route=\/wp\/v2\/media\/4804"}],"wp:attachment":[{"href":"https:\/\/www.sfgsac.net\/index.php?rest_route=%2Fwp%2Fv2%2Fmedia&parent=4821"}],"wp:term":[{"taxonomy":"product_cat","embeddable":true,"href":"https:\/\/www.sfgsac.net\/index.php?rest_route=%2Fwp%2Fv2%2Fproduct_cat&post=4821"},{"taxonomy":"product_tag","embeddable":true,"href":"https:\/\/www.sfgsac.net\/index.php?rest_route=%2Fwp%2Fv2%2Fproduct_tag&post=4821"}],"curies":[{"name":"wp","href":"https:\/\/api.w.org\/{rel}","templated":true}]}}