{"id":4824,"date":"2023-11-07T18:46:39","date_gmt":"2023-11-07T23:46:39","guid":{"rendered":"https:\/\/www.sfgsac.net\/?post_type=product&#038;p=4824"},"modified":"2024-04-16T16:00:08","modified_gmt":"2024-04-16T22:00:08","slug":"3m-filtro-7093-2-paquete","status":"publish","type":"product","link":"https:\/\/www.sfgsac.net\/?product=3m-filtro-7093-2-paquete","title":{"rendered":"3M, Filtro 7093, 2\/Paquete"},"content":{"rendered":"<p><strong>Caracter\u00edsticas:<\/strong><\/p>\n<ul>\n<li>Nuevo dise\u00f1o para aplicaciones de exposici\u00f3n a fuentes de calor elevadas.<\/li>\n<li>Dise\u00f1o innovador de entrada de aire que permite el pasaje de aire a trav\u00e9s de canales que reducen la saturaci\u00f3n prematura del filtro.<\/li>\n<li>No se necesita quitar el filtro durante el proceso de limpieza o descontaminaci\u00f3n.<\/li>\n<li>La tecnolog\u00eda de filtraci\u00f3n mejorada disminuye hasta un 25% la resistencia a la respiraci\u00f3n<\/li>\n<li>Exclusivo dise\u00f1o de la cubierta del filtro con resortes que simplifica los controles de sellado de presi\u00f3n negativa<br \/>\npor parte del usuario<\/li>\n<li>Eficiencia m\u00ednima de filtraci\u00f3n del 99,97% contra part\u00edculas l\u00edquidas y s\u00f3lidas emanadas de aerosoles, incluyendo los de base oleosa.<\/li>\n<li>Aprobaci\u00f3n de NIOSH P100 eficiencia m\u00ednima de filtraci\u00f3n del 99.97% contra part\u00edculas s\u00f3lidas y aerosoles l\u00edquidos, incluyendo los de base oleosa<\/li>\n<\/ul>\n","protected":false},"excerpt":{"rendered":"<div class=\"woocommerce-product-details__short-description\">\n<p>Filtro 3M 7093\u00a0P100\u00a0puede ser usado en las piezas faciales de la\u00a0Serie 6000, de la\u00a0Serie 7500\u00a0y de la\u00a0Serie 7800\u00a0de 3M. Se encuentra aprobado para la protecci\u00f3n contra part\u00edculas con o sin aceite. Presenta un dise\u00f1o innovador del filtro 3M 7093 que permite una\u00a0eficiencia m\u00e1xima de filtrado.<\/p>\n<\/div>\n<div class=\"product_meta\"><\/div>\n","protected":false},"featured_media":4829,"comment_status":"open","ping_status":"closed","template":"","meta":[],"product_cat":[117],"product_tag":[210,214,209,213,211,212],"class_list":{"0":"post-4824","1":"product","2":"type-product","3":"status-publish","4":"has-post-thumbnail","6":"product_cat-proteccion-respiratoria","7":"product_tag-3m","8":"product_tag-3m-peru","9":"product_tag-mascarilla","10":"product_tag-proteccion-respiratoria","11":"product_tag-respirador","12":"product_tag-respiradores","14":"first","15":"instock","16":"shipping-taxable","17":"product-type-simple"},"_links":{"self":[{"href":"https:\/\/www.sfgsac.net\/index.php?rest_route=\/wp\/v2\/product\/4824","targetHints":{"allow":["GET"]}}],"collection":[{"href":"https:\/\/www.sfgsac.net\/index.php?rest_route=\/wp\/v2\/product"}],"about":[{"href":"https:\/\/www.sfgsac.net\/index.php?rest_route=\/wp\/v2\/types\/product"}],"replies":[{"embeddable":true,"href":"https:\/\/www.sfgsac.net\/index.php?rest_route=%2Fwp%2Fv2%2Fcomments&post=4824"}],"wp:featuredmedia":[{"embeddable":true,"href":"https:\/\/www.sfgsac.net\/index.php?rest_route=\/wp\/v2\/media\/4829"}],"wp:attachment":[{"href":"https:\/\/www.sfgsac.net\/index.php?rest_route=%2Fwp%2Fv2%2Fmedia&parent=4824"}],"wp:term":[{"taxonomy":"product_cat","embeddable":true,"href":"https:\/\/www.sfgsac.net\/index.php?rest_route=%2Fwp%2Fv2%2Fproduct_cat&post=4824"},{"taxonomy":"product_tag","embeddable":true,"href":"https:\/\/www.sfgsac.net\/index.php?rest_route=%2Fwp%2Fv2%2Fproduct_tag&post=4824"}],"curies":[{"name":"wp","href":"https:\/\/api.w.org\/{rel}","templated":true}]}}