{"id":4830,"date":"2023-11-07T19:09:21","date_gmt":"2023-11-08T00:09:21","guid":{"rendered":"https:\/\/www.sfgsac.net\/?post_type=product&#038;p=4830"},"modified":"2023-11-07T19:11:06","modified_gmt":"2023-11-08T00:11:06","slug":"3m-cartucho-multigases-abek1-6059-2-paquete","status":"publish","type":"product","link":"https:\/\/www.sfgsac.net\/?product=3m-cartucho-multigases-abek1-6059-2-paquete","title":{"rendered":"3M, Cartucho Multigases ABEK1 6059, 2\/Paquete"},"content":{"rendered":"<p><strong>Caracter\u00edsticas:<\/strong><\/p>\n<ul>\n<li>Cartucho que protege al usuario contra diversos agentes t\u00f3xicos.<\/li>\n<li>Compatible con respiradores elastom\u00e9ricos 3M.<\/li>\n<li>Elemento filtrante: Carb\u00f3n activado.<\/li>\n<\/ul>\n","protected":false},"excerpt":{"rendered":"<p>Los cartuchos 3M 6059 ABEK1 multigas ofrece protecci\u00f3n frente a vapores org\u00e1nicos, inorg\u00e1nicos, clorh\u00eddricos y amoniacos. Disponible para medias m\u00e1scara y m\u00e1scaras completas Serie 3M\u2122 6000, 6500 y 7000.<\/p>\n","protected":false},"featured_media":4808,"comment_status":"open","ping_status":"closed","template":"","meta":[],"product_cat":[117],"product_tag":[210,214,209,213,211,212],"class_list":{"0":"post-4830","1":"product","2":"type-product","3":"status-publish","4":"has-post-thumbnail","6":"product_cat-proteccion-respiratoria","7":"product_tag-3m","8":"product_tag-3m-peru","9":"product_tag-mascarilla","10":"product_tag-proteccion-respiratoria","11":"product_tag-respirador","12":"product_tag-respiradores","14":"first","15":"instock","16":"shipping-taxable","17":"purchasable","18":"product-type-simple"},"_links":{"self":[{"href":"https:\/\/www.sfgsac.net\/index.php?rest_route=\/wp\/v2\/product\/4830","targetHints":{"allow":["GET"]}}],"collection":[{"href":"https:\/\/www.sfgsac.net\/index.php?rest_route=\/wp\/v2\/product"}],"about":[{"href":"https:\/\/www.sfgsac.net\/index.php?rest_route=\/wp\/v2\/types\/product"}],"replies":[{"embeddable":true,"href":"https:\/\/www.sfgsac.net\/index.php?rest_route=%2Fwp%2Fv2%2Fcomments&post=4830"}],"wp:featuredmedia":[{"embeddable":true,"href":"https:\/\/www.sfgsac.net\/index.php?rest_route=\/wp\/v2\/media\/4808"}],"wp:attachment":[{"href":"https:\/\/www.sfgsac.net\/index.php?rest_route=%2Fwp%2Fv2%2Fmedia&parent=4830"}],"wp:term":[{"taxonomy":"product_cat","embeddable":true,"href":"https:\/\/www.sfgsac.net\/index.php?rest_route=%2Fwp%2Fv2%2Fproduct_cat&post=4830"},{"taxonomy":"product_tag","embeddable":true,"href":"https:\/\/www.sfgsac.net\/index.php?rest_route=%2Fwp%2Fv2%2Fproduct_tag&post=4830"}],"curies":[{"name":"wp","href":"https:\/\/api.w.org\/{rel}","templated":true}]}}