{"id":4834,"date":"2023-11-07T22:25:53","date_gmt":"2023-11-08T03:25:53","guid":{"rendered":"https:\/\/www.sfgsac.net\/?post_type=product&#038;p=4834"},"modified":"2023-11-07T22:38:09","modified_gmt":"2023-11-08T03:38:09","slug":"3m-cartucho-combinado-60929s-2-paquete","status":"publish","type":"product","link":"https:\/\/www.sfgsac.net\/?product=3m-cartucho-combinado-60929s-2-paquete","title":{"rendered":"3M, Cartucho Combinado 60929S, 2\/Paquete"},"content":{"rendered":"<p><strong>Caracter\u00edsticas:<\/strong><\/p>\n<ul>\n<li>Cartucho y filtro combinado<\/li>\n<li>Ciertos vapores org\u00e1nicos, gases \u00e1cidos y part\u00edculas. Est\u00e1 recomendado para ser usado contra yodo radioactivo y bromuro de metilo hasta concentraciones de 5 ppm y para no m\u00e1s de un turno de trabajo.<\/li>\n<\/ul>\n","protected":false},"excerpt":{"rendered":"<p>Los cartuchos 60929S pueden ser utilizados con los respiradores 7500, 7800, FF-400 y Serie 6000 de 3M, a su<br \/>\nvez brindan una efectiva protecci\u00f3n respiratoria contra vapores de mercurio \u00f3 gas cloro y part\u00edculas: polvos, humos met\u00e1licos y neblinas.<\/p>\n","protected":false},"featured_media":4839,"comment_status":"open","ping_status":"closed","template":"","meta":[],"product_cat":[117],"product_tag":[210,214,209,213,211,212],"class_list":{"0":"post-4834","1":"product","2":"type-product","3":"status-publish","4":"has-post-thumbnail","6":"product_cat-proteccion-respiratoria","7":"product_tag-3m","8":"product_tag-3m-peru","9":"product_tag-mascarilla","10":"product_tag-proteccion-respiratoria","11":"product_tag-respirador","12":"product_tag-respiradores","14":"first","15":"instock","16":"shipping-taxable","17":"purchasable","18":"product-type-simple"},"_links":{"self":[{"href":"https:\/\/www.sfgsac.net\/index.php?rest_route=\/wp\/v2\/product\/4834","targetHints":{"allow":["GET"]}}],"collection":[{"href":"https:\/\/www.sfgsac.net\/index.php?rest_route=\/wp\/v2\/product"}],"about":[{"href":"https:\/\/www.sfgsac.net\/index.php?rest_route=\/wp\/v2\/types\/product"}],"replies":[{"embeddable":true,"href":"https:\/\/www.sfgsac.net\/index.php?rest_route=%2Fwp%2Fv2%2Fcomments&post=4834"}],"wp:featuredmedia":[{"embeddable":true,"href":"https:\/\/www.sfgsac.net\/index.php?rest_route=\/wp\/v2\/media\/4839"}],"wp:attachment":[{"href":"https:\/\/www.sfgsac.net\/index.php?rest_route=%2Fwp%2Fv2%2Fmedia&parent=4834"}],"wp:term":[{"taxonomy":"product_cat","embeddable":true,"href":"https:\/\/www.sfgsac.net\/index.php?rest_route=%2Fwp%2Fv2%2Fproduct_cat&post=4834"},{"taxonomy":"product_tag","embeddable":true,"href":"https:\/\/www.sfgsac.net\/index.php?rest_route=%2Fwp%2Fv2%2Fproduct_tag&post=4834"}],"curies":[{"name":"wp","href":"https:\/\/api.w.org\/{rel}","templated":true}]}}