{"id":4843,"date":"2023-11-07T22:38:18","date_gmt":"2023-11-08T03:38:18","guid":{"rendered":"https:\/\/www.sfgsac.net\/?post_type=product&#038;p=4843"},"modified":"2023-11-07T22:40:29","modified_gmt":"2023-11-08T03:40:29","slug":"3m-cartucho-multigases-combinado-60926-2-paquete","status":"publish","type":"product","link":"https:\/\/www.sfgsac.net\/?product=3m-cartucho-multigases-combinado-60926-2-paquete","title":{"rendered":"3M, Cartucho Multigases Combinado 60926, 2\/Paquete"},"content":{"rendered":"<p><strong>Caracter\u00edsticas:<\/strong><\/p>\n<ul>\n<li>Aprobaci\u00f3n NIOSH.<\/li>\n<li>Cartucho combinado para multigases y vapores org\u00e1nicos con filtro de part\u00edculas P100<\/li>\n<li>Utilizar con Respiradores Reutilizables 3M\u2122<\/li>\n<li>Dise\u00f1o swept-back para mejora del campo de visi\u00f3n y el equilibrio<\/li>\n<\/ul>\n","protected":false},"excerpt":{"rendered":"<p>Los cartuchos 3M 6059 ABEK1 multigas ofrece protecci\u00f3n frente a vapores org\u00e1nicos, inorg\u00e1nicos, clorh\u00eddricos y amoniacos. Disponible para medias m\u00e1scara y m\u00e1scaras completas Serie 3M\u2122 6000, 6500 y 7000.<\/p>\n","protected":false},"featured_media":4836,"comment_status":"open","ping_status":"closed","template":"","meta":[],"product_cat":[117],"product_tag":[210,214,209,213,211,212],"class_list":{"0":"post-4843","1":"product","2":"type-product","3":"status-publish","4":"has-post-thumbnail","6":"product_cat-proteccion-respiratoria","7":"product_tag-3m","8":"product_tag-3m-peru","9":"product_tag-mascarilla","10":"product_tag-proteccion-respiratoria","11":"product_tag-respirador","12":"product_tag-respiradores","14":"first","15":"instock","16":"shipping-taxable","17":"purchasable","18":"product-type-simple"},"_links":{"self":[{"href":"https:\/\/www.sfgsac.net\/index.php?rest_route=\/wp\/v2\/product\/4843","targetHints":{"allow":["GET"]}}],"collection":[{"href":"https:\/\/www.sfgsac.net\/index.php?rest_route=\/wp\/v2\/product"}],"about":[{"href":"https:\/\/www.sfgsac.net\/index.php?rest_route=\/wp\/v2\/types\/product"}],"replies":[{"embeddable":true,"href":"https:\/\/www.sfgsac.net\/index.php?rest_route=%2Fwp%2Fv2%2Fcomments&post=4843"}],"wp:featuredmedia":[{"embeddable":true,"href":"https:\/\/www.sfgsac.net\/index.php?rest_route=\/wp\/v2\/media\/4836"}],"wp:attachment":[{"href":"https:\/\/www.sfgsac.net\/index.php?rest_route=%2Fwp%2Fv2%2Fmedia&parent=4843"}],"wp:term":[{"taxonomy":"product_cat","embeddable":true,"href":"https:\/\/www.sfgsac.net\/index.php?rest_route=%2Fwp%2Fv2%2Fproduct_cat&post=4843"},{"taxonomy":"product_tag","embeddable":true,"href":"https:\/\/www.sfgsac.net\/index.php?rest_route=%2Fwp%2Fv2%2Fproduct_tag&post=4843"}],"curies":[{"name":"wp","href":"https:\/\/api.w.org\/{rel}","templated":true}]}}