{"id":4847,"date":"2023-11-07T22:59:10","date_gmt":"2023-11-08T03:59:10","guid":{"rendered":"https:\/\/www.sfgsac.net\/?post_type=product&#038;p=4847"},"modified":"2023-11-07T23:17:19","modified_gmt":"2023-11-08T04:17:19","slug":"3m-filtro-para-particulas-d9093-p100-2-paquete","status":"publish","type":"product","link":"https:\/\/www.sfgsac.net\/?product=3m-filtro-para-particulas-d9093-p100-2-paquete","title":{"rendered":"3M, Filtro Para Part\u00edculas D9093 P100, 2\/Paquete"},"content":{"rendered":"<p><strong>Caracter\u00edsticas:<\/strong><\/p>\n<ul>\n<li class=\"sps2-pdp_details--highlights_item mds-font_paragraph\">Filtraci\u00f3n eficiente de un 99.7%, cumpliendo con los criterios de prueba de la serie P100 del NIOSH<\/li>\n<li class=\"sps2-pdp_details--highlights_item mds-font_paragraph\">Use con los Respiradores 3M Secure Click<\/li>\n<li class=\"sps2-pdp_details--highlights_item mds-font_paragraph\">Carcasa dura recomendada para ambientes hostiles con necesidad de f\u00e1cil descontaminaci\u00f3n y protecci\u00f3n<\/li>\n<li class=\"sps2-pdp_details--highlights_item mds-font_paragraph\">Carcasa r\u00edgida ayuda a proteger contra chispas y altas temperaturas<\/li>\n<li class=\"sps2-pdp_details--highlights_item mds-font_paragraph\">Carcasa del filtro dise\u00f1ada para determinadas aplicaciones con aerosol<\/li>\n<li class=\"sps2-pdp_details--highlights_item mds-font_paragraph\">La conexi\u00f3n Secure Click permite que los filtros se inserten f\u00e1cilmente en el montaje<\/li>\n<li class=\"sps2-pdp_details--highlights_item mds-font_paragraph\">La parte superior s\u00f3lida y el flujo de aire canalizado ayudan a proteger el filtro<\/li>\n<li class=\"sps2-pdp_details--highlights_item mds-font_paragraph\">El dise\u00f1o inclinado hacia atr\u00e1s proporciona un amplio campo de visi\u00f3n<\/li>\n<\/ul>\n","protected":false},"excerpt":{"rendered":"<p>El 3M\u2122 Secure Click Filtro de Part\u00edculas con Carcasa Dura P100 D9093 est\u00e1 aprobado por NIOSH para el uso con los Respiradores 3M\u2122 Secure Click en ambientes que contengan determinadas part\u00edculas con o sin base de aceite.<\/p>\n","protected":false},"featured_media":4855,"comment_status":"open","ping_status":"closed","template":"","meta":[],"product_cat":[117],"product_tag":[210,214,209,213,211,212],"class_list":{"0":"post-4847","1":"product","2":"type-product","3":"status-publish","4":"has-post-thumbnail","6":"product_cat-proteccion-respiratoria","7":"product_tag-3m","8":"product_tag-3m-peru","9":"product_tag-mascarilla","10":"product_tag-proteccion-respiratoria","11":"product_tag-respirador","12":"product_tag-respiradores","14":"first","15":"instock","16":"shipping-taxable","17":"purchasable","18":"product-type-simple"},"_links":{"self":[{"href":"https:\/\/www.sfgsac.net\/index.php?rest_route=\/wp\/v2\/product\/4847","targetHints":{"allow":["GET"]}}],"collection":[{"href":"https:\/\/www.sfgsac.net\/index.php?rest_route=\/wp\/v2\/product"}],"about":[{"href":"https:\/\/www.sfgsac.net\/index.php?rest_route=\/wp\/v2\/types\/product"}],"replies":[{"embeddable":true,"href":"https:\/\/www.sfgsac.net\/index.php?rest_route=%2Fwp%2Fv2%2Fcomments&post=4847"}],"wp:featuredmedia":[{"embeddable":true,"href":"https:\/\/www.sfgsac.net\/index.php?rest_route=\/wp\/v2\/media\/4855"}],"wp:attachment":[{"href":"https:\/\/www.sfgsac.net\/index.php?rest_route=%2Fwp%2Fv2%2Fmedia&parent=4847"}],"wp:term":[{"taxonomy":"product_cat","embeddable":true,"href":"https:\/\/www.sfgsac.net\/index.php?rest_route=%2Fwp%2Fv2%2Fproduct_cat&post=4847"},{"taxonomy":"product_tag","embeddable":true,"href":"https:\/\/www.sfgsac.net\/index.php?rest_route=%2Fwp%2Fv2%2Fproduct_tag&post=4847"}],"curies":[{"name":"wp","href":"https:\/\/api.w.org\/{rel}","templated":true}]}}