{"id":4848,"date":"2023-11-07T22:59:13","date_gmt":"2023-11-08T03:59:13","guid":{"rendered":"https:\/\/www.sfgsac.net\/?post_type=product&#038;p=4848"},"modified":"2023-11-07T23:19:46","modified_gmt":"2023-11-08T04:19:46","slug":"3m-monivia-para-particulas-y-polvo-3200-1-paquete","status":"publish","type":"product","link":"https:\/\/www.sfgsac.net\/?product=3m-monivia-para-particulas-y-polvo-3200-1-paquete","title":{"rendered":"3M, Monivia  Para Part\u00edculas y Polvo 3200, 1\/Paquete"},"content":{"rendered":"<p><strong>Caracter\u00edsticas:<\/strong><\/p>\n<ul>\n<li class=\"sps2-pdp_details--highlights_item mds-font_paragraph\">Material suave, liviano y c\u00f3modo que se adapta a gran cantidad de fisonom\u00edas faciales<\/li>\n<li class=\"sps2-pdp_details--highlights_item mds-font_paragraph\">Dise\u00f1ado para ser utilizado con el cartucho mixto 3311LA-55<\/li>\n<li class=\"sps2-pdp_details--highlights_item mds-font_paragraph\">Protecci\u00f3n contra Part\u00edculas y niveles molestos de Vapores Org\u00e1nicos<\/li>\n<li class=\"sps2-pdp_details--highlights_item mds-font_paragraph\">Arn\u00e9s ajustable con tecnolog\u00eda 3M Drop Down<\/li>\n<li class=\"sps2-pdp_details--highlights_item mds-font_paragraph\">F\u00e1cil de desmontar el respirador del rostro<\/li>\n<li class=\"sps2-pdp_details--highlights_item mds-font_paragraph\">20 piezas por cart\u00f3n<\/li>\n<\/ul>\n","protected":false},"excerpt":{"rendered":"<p>Respirador de una v\u00eda 3200 de 3M es una pieza facial de material suave, liviano y c\u00f3modo que se adapta a gran cantidad de fisonom\u00edas faciales. Dise\u00f1ado para ser utilizado con el cartucho mixto 3311LA-55 con protecci\u00f3n contra Part\u00edculas y niveles molestos de Vapores Org\u00e1nicos. Su tama\u00f1o compacto entrega una gran visibilidad y comodidad para respirar dado su bajo peso y bajo calor generado en su interior. Posee arn\u00e9s ajustable con tecnolog\u00eda 3M Drop Down.<\/p>\n","protected":false},"featured_media":4856,"comment_status":"open","ping_status":"closed","template":"","meta":[],"product_cat":[117],"product_tag":[210,214,209,213,211,212],"class_list":{"0":"post-4848","1":"product","2":"type-product","3":"status-publish","4":"has-post-thumbnail","6":"product_cat-proteccion-respiratoria","7":"product_tag-3m","8":"product_tag-3m-peru","9":"product_tag-mascarilla","10":"product_tag-proteccion-respiratoria","11":"product_tag-respirador","12":"product_tag-respiradores","14":"first","15":"instock","16":"shipping-taxable","17":"purchasable","18":"product-type-simple"},"_links":{"self":[{"href":"https:\/\/www.sfgsac.net\/index.php?rest_route=\/wp\/v2\/product\/4848","targetHints":{"allow":["GET"]}}],"collection":[{"href":"https:\/\/www.sfgsac.net\/index.php?rest_route=\/wp\/v2\/product"}],"about":[{"href":"https:\/\/www.sfgsac.net\/index.php?rest_route=\/wp\/v2\/types\/product"}],"replies":[{"embeddable":true,"href":"https:\/\/www.sfgsac.net\/index.php?rest_route=%2Fwp%2Fv2%2Fcomments&post=4848"}],"wp:featuredmedia":[{"embeddable":true,"href":"https:\/\/www.sfgsac.net\/index.php?rest_route=\/wp\/v2\/media\/4856"}],"wp:attachment":[{"href":"https:\/\/www.sfgsac.net\/index.php?rest_route=%2Fwp%2Fv2%2Fmedia&parent=4848"}],"wp:term":[{"taxonomy":"product_cat","embeddable":true,"href":"https:\/\/www.sfgsac.net\/index.php?rest_route=%2Fwp%2Fv2%2Fproduct_cat&post=4848"},{"taxonomy":"product_tag","embeddable":true,"href":"https:\/\/www.sfgsac.net\/index.php?rest_route=%2Fwp%2Fv2%2Fproduct_tag&post=4848"}],"curies":[{"name":"wp","href":"https:\/\/api.w.org\/{rel}","templated":true}]}}