{"id":4849,"date":"2023-11-07T22:59:14","date_gmt":"2023-11-08T03:59:14","guid":{"rendered":"https:\/\/www.sfgsac.net\/?post_type=product&#038;p=4849"},"modified":"2023-11-07T23:22:16","modified_gmt":"2023-11-08T04:22:16","slug":"3m-mascarilla-8511-n95-10-caja","status":"publish","type":"product","link":"https:\/\/www.sfgsac.net\/?product=3m-mascarilla-8511-n95-10-caja","title":{"rendered":"3M, Mascarilla 8511 N95, 10\/Caja"},"content":{"rendered":"<p><strong>Caracter\u00edsticas:<\/strong><\/p>\n<ul>\n<li>La innovadora tecnolog\u00eda de medio filtrante electrost\u00e1tico avanzado (MEA), permite una eficiencia en filtraci\u00f3n mayor a 95 %.<\/li>\n<li>La nueva v\u00e1lvula de exhalaci\u00f3n, Aire Fresco, reduce el calor y humedad, lo que ofrece mayor comodidad durante largos per\u00edodos de uso.<\/li>\n<li>Baja ca\u00edda de presi\u00f3n, que significa baja resistencia al paso del aire, f\u00e1cilita la respiraci\u00f3n y la comunicaci\u00f3n a trav\u00e9s del filtro.<\/li>\n<li>La nueva laminilla met\u00e1lica en forma de M, para la nariz, permite un ajuste seguro y f\u00e1cil.<\/li>\n<li>Las bandas en material elastom\u00e9rico resistentes y duraderas, son apropiadas para ambientes calurosos.<\/li>\n<li>Libre mantenimiento, elimina las tareas de limpieza y cambio de partes.<\/li>\n<li>Para usarse en concentraciones que no superen la concentraci\u00f3n de 10X T.L.V.<\/li>\n<li>Aprobado para material part\u00edculado Norma 42 CFR 84 NIOSH ( N95) y la Norma NTC 2561 (Tipo B).<\/li>\n<\/ul>\n","protected":false},"excerpt":{"rendered":"<p>Respirador libre mantenimiento, para protecci\u00f3n contra polvo y neblinas, con v\u00e1lvula de exhalaci\u00f3n.<\/p>\n","protected":false},"featured_media":4857,"comment_status":"open","ping_status":"closed","template":"","meta":[],"product_cat":[117],"product_tag":[210,214,209,213,211,212],"class_list":{"0":"post-4849","1":"product","2":"type-product","3":"status-publish","4":"has-post-thumbnail","6":"product_cat-proteccion-respiratoria","7":"product_tag-3m","8":"product_tag-3m-peru","9":"product_tag-mascarilla","10":"product_tag-proteccion-respiratoria","11":"product_tag-respirador","12":"product_tag-respiradores","14":"first","15":"instock","16":"shipping-taxable","17":"purchasable","18":"product-type-simple"},"_links":{"self":[{"href":"https:\/\/www.sfgsac.net\/index.php?rest_route=\/wp\/v2\/product\/4849","targetHints":{"allow":["GET"]}}],"collection":[{"href":"https:\/\/www.sfgsac.net\/index.php?rest_route=\/wp\/v2\/product"}],"about":[{"href":"https:\/\/www.sfgsac.net\/index.php?rest_route=\/wp\/v2\/types\/product"}],"replies":[{"embeddable":true,"href":"https:\/\/www.sfgsac.net\/index.php?rest_route=%2Fwp%2Fv2%2Fcomments&post=4849"}],"wp:featuredmedia":[{"embeddable":true,"href":"https:\/\/www.sfgsac.net\/index.php?rest_route=\/wp\/v2\/media\/4857"}],"wp:attachment":[{"href":"https:\/\/www.sfgsac.net\/index.php?rest_route=%2Fwp%2Fv2%2Fmedia&parent=4849"}],"wp:term":[{"taxonomy":"product_cat","embeddable":true,"href":"https:\/\/www.sfgsac.net\/index.php?rest_route=%2Fwp%2Fv2%2Fproduct_cat&post=4849"},{"taxonomy":"product_tag","embeddable":true,"href":"https:\/\/www.sfgsac.net\/index.php?rest_route=%2Fwp%2Fv2%2Fproduct_tag&post=4849"}],"curies":[{"name":"wp","href":"https:\/\/api.w.org\/{rel}","templated":true}]}}