{"id":4864,"date":"2023-11-07T23:46:04","date_gmt":"2023-11-08T04:46:04","guid":{"rendered":"https:\/\/www.sfgsac.net\/?post_type=product&#038;p=4864"},"modified":"2023-11-08T00:09:33","modified_gmt":"2023-11-08T05:09:33","slug":"3m-filtro-contra-polvos-y-neblinas-2071-2-paquete","status":"publish","type":"product","link":"https:\/\/www.sfgsac.net\/?product=3m-filtro-contra-polvos-y-neblinas-2071-2-paquete","title":{"rendered":"3M, Filtro contra Polvos y Neblinas 2071, 2\/Paquete"},"content":{"rendered":"<p><strong>Caracter\u00edsticas:<\/strong><\/p>\n<ul>\n<li>Pieza Facial: Pol\u00edmero sint\u00e9tico<\/li>\n<li>Color: Gris<\/li>\n<li>Elemento filtrante: Tela no tejida de polipropileno y poli\u00e9ster.<\/li>\n<li>Color: Blanco-azul<\/li>\n<li>Peso aproximado: 10 gms.<\/li>\n<li>Aprobado por el Instituto NIOSH de Estados Unidos (National Institute for Occupational Safety And Health) bajo la especificaci\u00f3n P95 de la norma 42CFR84.<\/li>\n<\/ul>\n","protected":false},"excerpt":{"rendered":"<p>Los filtros 3M 2071 usados en la pieza facial Serie 6000 \u00f3 7000 est\u00e1n aprobados para la protecci\u00f3n contra aerosoles s\u00f3lidos y l\u00edquidos con o sin aceite. Son fabricados con un Medio Filtrante Electrost\u00e1tico Avanzado, novedoso sistema de retenci\u00f3n de part\u00edculas que permite mayor eficiencia del filtro con menor ca\u00edda de presi\u00f3n.<\/p>\n","protected":false},"featured_media":4879,"comment_status":"open","ping_status":"closed","template":"","meta":[],"product_cat":[117],"product_tag":[210,214,209,213,211,212],"class_list":{"0":"post-4864","1":"product","2":"type-product","3":"status-publish","4":"has-post-thumbnail","6":"product_cat-proteccion-respiratoria","7":"product_tag-3m","8":"product_tag-3m-peru","9":"product_tag-mascarilla","10":"product_tag-proteccion-respiratoria","11":"product_tag-respirador","12":"product_tag-respiradores","14":"first","15":"instock","16":"shipping-taxable","17":"purchasable","18":"product-type-simple"},"_links":{"self":[{"href":"https:\/\/www.sfgsac.net\/index.php?rest_route=\/wp\/v2\/product\/4864","targetHints":{"allow":["GET"]}}],"collection":[{"href":"https:\/\/www.sfgsac.net\/index.php?rest_route=\/wp\/v2\/product"}],"about":[{"href":"https:\/\/www.sfgsac.net\/index.php?rest_route=\/wp\/v2\/types\/product"}],"replies":[{"embeddable":true,"href":"https:\/\/www.sfgsac.net\/index.php?rest_route=%2Fwp%2Fv2%2Fcomments&post=4864"}],"wp:featuredmedia":[{"embeddable":true,"href":"https:\/\/www.sfgsac.net\/index.php?rest_route=\/wp\/v2\/media\/4879"}],"wp:attachment":[{"href":"https:\/\/www.sfgsac.net\/index.php?rest_route=%2Fwp%2Fv2%2Fmedia&parent=4864"}],"wp:term":[{"taxonomy":"product_cat","embeddable":true,"href":"https:\/\/www.sfgsac.net\/index.php?rest_route=%2Fwp%2Fv2%2Fproduct_cat&post=4864"},{"taxonomy":"product_tag","embeddable":true,"href":"https:\/\/www.sfgsac.net\/index.php?rest_route=%2Fwp%2Fv2%2Fproduct_tag&post=4864"}],"curies":[{"name":"wp","href":"https:\/\/api.w.org\/{rel}","templated":true}]}}