{"id":4865,"date":"2023-11-07T23:46:11","date_gmt":"2023-11-08T04:46:11","guid":{"rendered":"https:\/\/www.sfgsac.net\/?post_type=product&#038;p=4865"},"modified":"2023-11-08T00:11:08","modified_gmt":"2023-11-08T05:11:08","slug":"3m-mascarilla-8515-n95-2-paquete","status":"publish","type":"product","link":"https:\/\/www.sfgsac.net\/?product=3m-mascarilla-8515-n95-2-paquete","title":{"rendered":"3M, Mascarilla 8515 N95, 2\/Paquete"},"content":{"rendered":"<p><strong>Caracter\u00edsticas:<\/strong><\/p>\n<ul>\n<li>Cintas el\u00e1sticas: Elast\u00f3mero tejido color amarillo<\/li>\n<li>Clip met\u00e1lico: Aluminio (en \u201cM\u201d)<\/li>\n<li>V\u00e1lvula: Cool Flow, Color negro<\/li>\n<li>Elemento filtrante: Material no tejido de polipropileno y poli\u00e9ster.<\/li>\n<li>Peso apr\u00f3x.: 20g.<\/li>\n<li>Color: Blanco<\/li>\n<li>Certificado por la National Institute for Occupational Safety And Health (NIOSH) de Estados Unidos bajo la especificaci\u00f3n N95 de la norma 42CFR84.<\/li>\n<\/ul>\n","protected":false},"excerpt":{"rendered":"<p>El respirador libre de mantenimiento 3M 8515 brinda una efectiva, confortable e higi\u00e9nica protecci\u00f3n respiratoria contra polvos y neblinas sin aceite. Es fabricado con un Medio Filtrante Electrost\u00e1tico Avanzado y Antitaponamiento, novedoso sistema de retenci\u00f3n de part\u00edculas que permite mayor eficiencia del filtro con menor ca\u00edda de presi\u00f3n y facilidad de respiraci\u00f3n por largos per\u00edodos de tiempo.<\/p>\n","protected":false},"featured_media":4881,"comment_status":"open","ping_status":"closed","template":"","meta":[],"product_cat":[117],"product_tag":[210,214,209,213,211,212],"class_list":{"0":"post-4865","1":"product","2":"type-product","3":"status-publish","4":"has-post-thumbnail","6":"product_cat-proteccion-respiratoria","7":"product_tag-3m","8":"product_tag-3m-peru","9":"product_tag-mascarilla","10":"product_tag-proteccion-respiratoria","11":"product_tag-respirador","12":"product_tag-respiradores","14":"first","15":"instock","16":"shipping-taxable","17":"purchasable","18":"product-type-simple"},"_links":{"self":[{"href":"https:\/\/www.sfgsac.net\/index.php?rest_route=\/wp\/v2\/product\/4865","targetHints":{"allow":["GET"]}}],"collection":[{"href":"https:\/\/www.sfgsac.net\/index.php?rest_route=\/wp\/v2\/product"}],"about":[{"href":"https:\/\/www.sfgsac.net\/index.php?rest_route=\/wp\/v2\/types\/product"}],"replies":[{"embeddable":true,"href":"https:\/\/www.sfgsac.net\/index.php?rest_route=%2Fwp%2Fv2%2Fcomments&post=4865"}],"wp:featuredmedia":[{"embeddable":true,"href":"https:\/\/www.sfgsac.net\/index.php?rest_route=\/wp\/v2\/media\/4881"}],"wp:attachment":[{"href":"https:\/\/www.sfgsac.net\/index.php?rest_route=%2Fwp%2Fv2%2Fmedia&parent=4865"}],"wp:term":[{"taxonomy":"product_cat","embeddable":true,"href":"https:\/\/www.sfgsac.net\/index.php?rest_route=%2Fwp%2Fv2%2Fproduct_cat&post=4865"},{"taxonomy":"product_tag","embeddable":true,"href":"https:\/\/www.sfgsac.net\/index.php?rest_route=%2Fwp%2Fv2%2Fproduct_tag&post=4865"}],"curies":[{"name":"wp","href":"https:\/\/api.w.org\/{rel}","templated":true}]}}