{"id":4868,"date":"2023-11-07T23:46:39","date_gmt":"2023-11-08T04:46:39","guid":{"rendered":"https:\/\/www.sfgsac.net\/?post_type=product&#038;p=4868"},"modified":"2023-11-08T00:21:14","modified_gmt":"2023-11-08T05:21:14","slug":"3m-copa-nasal-6894-1-paquete","status":"publish","type":"product","link":"https:\/\/www.sfgsac.net\/?product=3m-copa-nasal-6894-1-paquete","title":{"rendered":"3M, Respirador 8801 PFF2, 1\/Paquete"},"content":{"rendered":"<p><strong>Caracter\u00edsticas:<\/strong><\/p>\n<ul class=\"detalle\">\n<li>Respirador Reutilizable de Pieza Facial Completa<\/li>\n<li>C\u00f3modo \u2013 Material Avanzado de silicona, V\u00e1lvula 3M\u2122 Cool Flow\u2122 y grandes lentes<\/li>\n<li>Durable \u2013 correas que se pueden quitar m\u00e1s de 1 mill\u00f3n de veces<\/li>\n<li>Utiliza Scotchgard Protector para facilitar su limpieza y mantenimiento<\/li>\n<li>Usa protector Scotchgard para limpieza y mantenimiento f\u00e1ciles<\/li>\n<\/ul>\n","protected":false},"excerpt":{"rendered":"<p class=\"SNAPS--pdpTabDes\">Respirador de libre mantenimiento tipo copa de la marca 3M, para protecci\u00f3n respiratoria para part\u00edculas de polvo, nieblas l\u00edquidas no oleosas y humos met\u00e1licos. Presenta eficiencia de filtraci\u00f3n m\u00ednima del 94% contra la penetraci\u00f3n de estos aerosoles particulados, aprobado por autoridades de Brasil como pieza filtrante clase PFF-2(S).<\/p>\n","protected":false},"featured_media":4875,"comment_status":"open","ping_status":"closed","template":"","meta":[],"product_cat":[117],"product_tag":[210,214,209,213,211,212],"class_list":{"0":"post-4868","1":"product","2":"type-product","3":"status-publish","4":"has-post-thumbnail","6":"product_cat-proteccion-respiratoria","7":"product_tag-3m","8":"product_tag-3m-peru","9":"product_tag-mascarilla","10":"product_tag-proteccion-respiratoria","11":"product_tag-respirador","12":"product_tag-respiradores","14":"first","15":"instock","16":"shipping-taxable","17":"purchasable","18":"product-type-simple"},"_links":{"self":[{"href":"https:\/\/www.sfgsac.net\/index.php?rest_route=\/wp\/v2\/product\/4868","targetHints":{"allow":["GET"]}}],"collection":[{"href":"https:\/\/www.sfgsac.net\/index.php?rest_route=\/wp\/v2\/product"}],"about":[{"href":"https:\/\/www.sfgsac.net\/index.php?rest_route=\/wp\/v2\/types\/product"}],"replies":[{"embeddable":true,"href":"https:\/\/www.sfgsac.net\/index.php?rest_route=%2Fwp%2Fv2%2Fcomments&post=4868"}],"wp:featuredmedia":[{"embeddable":true,"href":"https:\/\/www.sfgsac.net\/index.php?rest_route=\/wp\/v2\/media\/4875"}],"wp:attachment":[{"href":"https:\/\/www.sfgsac.net\/index.php?rest_route=%2Fwp%2Fv2%2Fmedia&parent=4868"}],"wp:term":[{"taxonomy":"product_cat","embeddable":true,"href":"https:\/\/www.sfgsac.net\/index.php?rest_route=%2Fwp%2Fv2%2Fproduct_cat&post=4868"},{"taxonomy":"product_tag","embeddable":true,"href":"https:\/\/www.sfgsac.net\/index.php?rest_route=%2Fwp%2Fv2%2Fproduct_tag&post=4868"}],"curies":[{"name":"wp","href":"https:\/\/api.w.org\/{rel}","templated":true}]}}