{"id":4946,"date":"2023-11-16T17:53:40","date_gmt":"2023-11-16T22:53:40","guid":{"rendered":"https:\/\/www.sfgsac.net\/?post_type=product&#038;p=4946"},"modified":"2023-11-16T17:57:37","modified_gmt":"2023-11-16T22:57:37","slug":"masthers-long-casco-de-seguridad-economico-1-paquete","status":"publish","type":"product","link":"https:\/\/www.sfgsac.net\/?product=masthers-long-casco-de-seguridad-economico-1-paquete","title":{"rendered":"Masthers Long, Casco de Seguridad economico,  1\/Paquete"},"content":{"rendered":"<p>Es un elemento que cubre totalmente el cr\u00e1neo. Compuesto de copa con visera amplia y canales laterales para evacuaci\u00f3n de l\u00edquidos, en caso de lluvia.<\/p>\n<p>Destinados a proteger golpes e impactos, riesgos el\u00e9ctricos, salpicaduras de sustancias qu\u00edmicas agresivas del calor radiante y de los efectos de las llamas.<\/p>\n<p>PESO:225 gm. Aprox.<\/p>\n<section class=\"blocContenu\">\n<div><\/div>\n<div><\/div>\n<div><\/div>\n<\/section>\n<p>&nbsp;<\/p>\n<p>&nbsp;<\/p>\n","protected":false},"excerpt":{"rendered":"<p>Casco tipo jockey con estabilizador UV de 4 puntas de apoyo, fabricado bajo especificaciones t\u00e9cnicas nacionales e internacionales. Marca\u00a0\u00abMASTHERS\u00bb LONG. Norma: NTP\u00a0 ANSI.<\/p>\n<p>&nbsp;<\/p>\n","protected":false},"featured_media":4941,"comment_status":"open","ping_status":"closed","template":"","meta":[],"product_cat":[78],"product_tag":[194,198,222,201,196,195,200,199],"class_list":{"0":"post-4946","1":"product","2":"type-product","3":"status-publish","4":"has-post-thumbnail","6":"product_cat-proteccion-cabeza","7":"product_tag-cabeza","8":"product_tag-cascos","9":"product_tag-deltaplus","10":"product_tag-epps","11":"product_tag-industrial","12":"product_tag-proteccion","13":"product_tag-salud","14":"product_tag-seguridad","16":"first","17":"instock","18":"shipping-taxable","19":"purchasable","20":"product-type-simple"},"_links":{"self":[{"href":"https:\/\/www.sfgsac.net\/index.php?rest_route=\/wp\/v2\/product\/4946","targetHints":{"allow":["GET"]}}],"collection":[{"href":"https:\/\/www.sfgsac.net\/index.php?rest_route=\/wp\/v2\/product"}],"about":[{"href":"https:\/\/www.sfgsac.net\/index.php?rest_route=\/wp\/v2\/types\/product"}],"replies":[{"embeddable":true,"href":"https:\/\/www.sfgsac.net\/index.php?rest_route=%2Fwp%2Fv2%2Fcomments&post=4946"}],"wp:featuredmedia":[{"embeddable":true,"href":"https:\/\/www.sfgsac.net\/index.php?rest_route=\/wp\/v2\/media\/4941"}],"wp:attachment":[{"href":"https:\/\/www.sfgsac.net\/index.php?rest_route=%2Fwp%2Fv2%2Fmedia&parent=4946"}],"wp:term":[{"taxonomy":"product_cat","embeddable":true,"href":"https:\/\/www.sfgsac.net\/index.php?rest_route=%2Fwp%2Fv2%2Fproduct_cat&post=4946"},{"taxonomy":"product_tag","embeddable":true,"href":"https:\/\/www.sfgsac.net\/index.php?rest_route=%2Fwp%2Fv2%2Fproduct_tag&post=4946"}],"curies":[{"name":"wp","href":"https:\/\/api.w.org\/{rel}","templated":true}]}}