{"id":4948,"date":"2023-11-16T17:53:51","date_gmt":"2023-11-16T22:53:51","guid":{"rendered":"https:\/\/www.sfgsac.net\/?post_type=product&#038;p=4948"},"modified":"2023-11-16T18:08:19","modified_gmt":"2023-11-16T23:08:19","slug":"msa-casco-de-seguridad-jockey-v-gard-1-paquete","status":"publish","type":"product","link":"https:\/\/www.sfgsac.net\/?product=msa-casco-de-seguridad-jockey-v-gard-1-paquete","title":{"rendered":"MSA, Casco de Seguridad Jockey V-GARD,  1\/Paquete"},"content":{"rendered":"<ul>\n<li>Los m\u00e1s altos niveles de protecci\u00f3n contra impacto y penetraci\u00f3n.<\/li>\n<li>Superior ajuste e inmejorable comodidad.<\/li>\n<li>Arneses con exclusivo ajuste en altura.<\/li>\n<li>A\u00f1ada un protector facial para proteger los ojos y la cara.<\/li>\n<li>Compatible con la protecci\u00f3n auditiva MSA incorporable a casco.<\/li>\n<li>El popular y caracter\u00edstico dise\u00f1o del V-Gard ha llegado a ser la protecci\u00f3n de cabeza m\u00e1s fiable para millones de trabajadores de todo el mundo.<\/li>\n<li>Moldeado en HDPE, el V-Gard es ligero, c\u00f3modo y de gran robustez.<\/li>\n<\/ul>\n<section class=\"blocContenu\">\n<div><\/div>\n<div><\/div>\n<div><\/div>\n<\/section>\n<p>&nbsp;<\/p>\n<p>&nbsp;<\/p>\n","protected":false},"excerpt":{"rendered":"<p>Casco MSA V-Gard, con la \u201cV\u201d caracter\u00edstica de su marca registrada, es una marca reconocida a nivel mundial, famosa por su confort, calidad y durabilidad. MSA ha vendido m\u00e1s de 100 millones de cascos V-Gard desde su lanzamiento; tantos, de hecho, que la \u201cV\u201d ic\u00f3nica ha sido un pilar durante muchos a\u00f1os incluso en los emplazamientos m\u00e1s cr\u00edticos. Si est\u00e1 buscando el m\u00e1ximo nivel de confort, calidad y durabilidad, que acompa\u00f1a ya a millones de trabajadores en el mundo entero, est\u00e1 buscando el casco V-Gard original de MSA; no se contente con menos.<\/p>\n<p>&nbsp;<\/p>\n","protected":false},"featured_media":4943,"comment_status":"open","ping_status":"closed","template":"","meta":[],"product_cat":[78],"product_tag":[194,198,222,201,196,195,200,199],"class_list":{"0":"post-4948","1":"product","2":"type-product","3":"status-publish","4":"has-post-thumbnail","6":"product_cat-proteccion-cabeza","7":"product_tag-cabeza","8":"product_tag-cascos","9":"product_tag-deltaplus","10":"product_tag-epps","11":"product_tag-industrial","12":"product_tag-proteccion","13":"product_tag-salud","14":"product_tag-seguridad","16":"first","17":"instock","18":"shipping-taxable","19":"purchasable","20":"product-type-simple"},"_links":{"self":[{"href":"https:\/\/www.sfgsac.net\/index.php?rest_route=\/wp\/v2\/product\/4948","targetHints":{"allow":["GET"]}}],"collection":[{"href":"https:\/\/www.sfgsac.net\/index.php?rest_route=\/wp\/v2\/product"}],"about":[{"href":"https:\/\/www.sfgsac.net\/index.php?rest_route=\/wp\/v2\/types\/product"}],"replies":[{"embeddable":true,"href":"https:\/\/www.sfgsac.net\/index.php?rest_route=%2Fwp%2Fv2%2Fcomments&post=4948"}],"wp:featuredmedia":[{"embeddable":true,"href":"https:\/\/www.sfgsac.net\/index.php?rest_route=\/wp\/v2\/media\/4943"}],"wp:attachment":[{"href":"https:\/\/www.sfgsac.net\/index.php?rest_route=%2Fwp%2Fv2%2Fmedia&parent=4948"}],"wp:term":[{"taxonomy":"product_cat","embeddable":true,"href":"https:\/\/www.sfgsac.net\/index.php?rest_route=%2Fwp%2Fv2%2Fproduct_cat&post=4948"},{"taxonomy":"product_tag","embeddable":true,"href":"https:\/\/www.sfgsac.net\/index.php?rest_route=%2Fwp%2Fv2%2Fproduct_tag&post=4948"}],"curies":[{"name":"wp","href":"https:\/\/api.w.org\/{rel}","templated":true}]}}