{"id":4949,"date":"2023-11-16T18:32:12","date_gmt":"2023-11-16T23:32:12","guid":{"rendered":"https:\/\/www.sfgsac.net\/?post_type=product&#038;p=4949"},"modified":"2023-11-16T18:37:27","modified_gmt":"2023-11-16T23:37:27","slug":"steelpro-lente-spy-af-claro-12-cja","status":"publish","type":"product","link":"https:\/\/www.sfgsac.net\/?product=steelpro-lente-spy-af-claro-12-cja","title":{"rendered":"Steelpro, Lente SPY AF Claro,  12\/cja"},"content":{"rendered":"<p><strong>Caracteristicas:<\/strong><\/p>\n<ul>\n<li>Lente en policarbonato calro para actividades internas o espacios cerrados<\/li>\n<li>Marco de PVC flexible color negro<\/li>\n<li>Corregido opticamente<\/li>\n<li>Lentes \u00f3pticamente aclarados y modificados para visi\u00f3n neutra<\/li>\n<li>Dise\u00f1o liviano y deportivo<\/li>\n<li>Ergon\u00f3micas y aerodin\u00e1micas<\/li>\n<li>Resistentes a impactos de alta velocidad y abrasi\u00f3n<\/li>\n<li>Resistente a radiaci\u00f3n UVA\/UVB<\/li>\n<li>Cumple ANSI Z87.1<\/li>\n<li>AF.<\/li>\n<\/ul>\n<section class=\"blocContenu\">\n<div><\/div>\n<div><\/div>\n<div><\/div>\n<\/section>\n<p>&nbsp;<\/p>\n<p>&nbsp;<\/p>\n","protected":false},"excerpt":{"rendered":"<p>Lente Ultraliviano SPY, dise\u00f1o aerodin\u00e1mico que te protege contra impactos a alta y baja velocidad, contacto con residuos o salpicaduras qu\u00edmicas y exposici\u00f3n de rayos ultravioleta. Lente claro para actividades internas o espacios cerrados.<\/p>\n<p>&nbsp;<\/p>\n","protected":false},"featured_media":4955,"comment_status":"open","ping_status":"closed","template":"","meta":[],"product_cat":[87],"product_tag":[201,196,195,233,200,199,217],"class_list":{"0":"post-4949","1":"product","2":"type-product","3":"status-publish","4":"has-post-thumbnail","6":"product_cat-proteccion-visual","7":"product_tag-epps","8":"product_tag-industrial","9":"product_tag-proteccion","10":"product_tag-proteccion-visual","11":"product_tag-salud","12":"product_tag-seguridad","13":"product_tag-steelpro","15":"first","16":"instock","17":"shipping-taxable","18":"purchasable","19":"product-type-simple"},"_links":{"self":[{"href":"https:\/\/www.sfgsac.net\/index.php?rest_route=\/wp\/v2\/product\/4949","targetHints":{"allow":["GET"]}}],"collection":[{"href":"https:\/\/www.sfgsac.net\/index.php?rest_route=\/wp\/v2\/product"}],"about":[{"href":"https:\/\/www.sfgsac.net\/index.php?rest_route=\/wp\/v2\/types\/product"}],"replies":[{"embeddable":true,"href":"https:\/\/www.sfgsac.net\/index.php?rest_route=%2Fwp%2Fv2%2Fcomments&post=4949"}],"wp:featuredmedia":[{"embeddable":true,"href":"https:\/\/www.sfgsac.net\/index.php?rest_route=\/wp\/v2\/media\/4955"}],"wp:attachment":[{"href":"https:\/\/www.sfgsac.net\/index.php?rest_route=%2Fwp%2Fv2%2Fmedia&parent=4949"}],"wp:term":[{"taxonomy":"product_cat","embeddable":true,"href":"https:\/\/www.sfgsac.net\/index.php?rest_route=%2Fwp%2Fv2%2Fproduct_cat&post=4949"},{"taxonomy":"product_tag","embeddable":true,"href":"https:\/\/www.sfgsac.net\/index.php?rest_route=%2Fwp%2Fv2%2Fproduct_tag&post=4949"}],"curies":[{"name":"wp","href":"https:\/\/api.w.org\/{rel}","templated":true}]}}