{"id":4962,"date":"2023-11-16T18:40:14","date_gmt":"2023-11-16T23:40:14","guid":{"rendered":"https:\/\/www.sfgsac.net\/?post_type=product&#038;p=4962"},"modified":"2023-11-16T18:48:10","modified_gmt":"2023-11-16T23:48:10","slug":"steelpro-lente-antiparra-k2-12-cja","status":"publish","type":"product","link":"https:\/\/www.sfgsac.net\/?product=steelpro-lente-antiparra-k2-12-cja","title":{"rendered":"Steelpro, Lente Antiparra K2,  12\/cja"},"content":{"rendered":"<p><strong>Caracteristicas:<\/strong><\/p>\n<ul>\n<li>Visor de policarbonato oft\u00e1lmico de alta transparencia<\/li>\n<li>Dise\u00f1o para visi\u00f3n perif\u00e9rica<\/li>\n<li>Fabricados en policarbonato oft\u00e1lmico<\/li>\n<li>Dise\u00f1o aerodin\u00e1mico<\/li>\n<li>Banda el\u00e1stica regulable para un mejor ajuste al rostro<\/li>\n<li>Tratamiento Anti-Rayadura: Policarbonato siliconado resistente a la abrasi\u00f3n<\/li>\n<li>Tratamiento de Filtro UV: Filtran el 100% de los rayos ultravioleta<\/li>\n<li>Tratamiento de Anti-Empa\u00f1o: Tratamiento Anti-Fog ideal para el trabajo en ambientes h\u00famedos<\/li>\n<li>Peso promedio: 60.4 g.<\/li>\n<li>Norma ANSI Z87.1. 2015<\/li>\n<\/ul>\n<section class=\"blocContenu\">\n<div><\/div>\n<div><\/div>\n<div><\/div>\n<\/section>\n<p>&nbsp;<\/p>\n<p>&nbsp;<\/p>\n","protected":false},"excerpt":{"rendered":"<p>Antiparra K2, Antiparra para protecci\u00f3n visual en policarbonato, utilizados como protecci\u00f3n primaria de acuerdo a recomendaciones OSHA. Apto para trabajos en exteriores e interiores, dise\u00f1ados para proteger contra impactos a alta y baja velocidad. Tintes de acuerdo a requerimientos de ANSI Z87.1 2015. Adecuados para proteger contra rayos ultravioleta y espectros de baja concentraci\u00f3n.<\/p>\n<p>&nbsp;<\/p>\n","protected":false},"featured_media":4951,"comment_status":"open","ping_status":"closed","template":"","meta":[],"product_cat":[87],"product_tag":[201,196,195,233,200,199,217],"class_list":{"0":"post-4962","1":"product","2":"type-product","3":"status-publish","4":"has-post-thumbnail","6":"product_cat-proteccion-visual","7":"product_tag-epps","8":"product_tag-industrial","9":"product_tag-proteccion","10":"product_tag-proteccion-visual","11":"product_tag-salud","12":"product_tag-seguridad","13":"product_tag-steelpro","15":"first","16":"instock","17":"shipping-taxable","18":"purchasable","19":"product-type-simple"},"_links":{"self":[{"href":"https:\/\/www.sfgsac.net\/index.php?rest_route=\/wp\/v2\/product\/4962","targetHints":{"allow":["GET"]}}],"collection":[{"href":"https:\/\/www.sfgsac.net\/index.php?rest_route=\/wp\/v2\/product"}],"about":[{"href":"https:\/\/www.sfgsac.net\/index.php?rest_route=\/wp\/v2\/types\/product"}],"replies":[{"embeddable":true,"href":"https:\/\/www.sfgsac.net\/index.php?rest_route=%2Fwp%2Fv2%2Fcomments&post=4962"}],"wp:featuredmedia":[{"embeddable":true,"href":"https:\/\/www.sfgsac.net\/index.php?rest_route=\/wp\/v2\/media\/4951"}],"wp:attachment":[{"href":"https:\/\/www.sfgsac.net\/index.php?rest_route=%2Fwp%2Fv2%2Fmedia&parent=4962"}],"wp:term":[{"taxonomy":"product_cat","embeddable":true,"href":"https:\/\/www.sfgsac.net\/index.php?rest_route=%2Fwp%2Fv2%2Fproduct_cat&post=4962"},{"taxonomy":"product_tag","embeddable":true,"href":"https:\/\/www.sfgsac.net\/index.php?rest_route=%2Fwp%2Fv2%2Fproduct_tag&post=4962"}],"curies":[{"name":"wp","href":"https:\/\/api.w.org\/{rel}","templated":true}]}}