{"id":4963,"date":"2023-11-16T18:51:32","date_gmt":"2023-11-16T23:51:32","guid":{"rendered":"https:\/\/www.sfgsac.net\/?post_type=product&#038;p=4963"},"modified":"2023-11-16T19:01:18","modified_gmt":"2023-11-17T00:01:18","slug":"steelpro-lente-turbine-12-cja","status":"publish","type":"product","link":"https:\/\/www.sfgsac.net\/?product=steelpro-lente-turbine-12-cja","title":{"rendered":"Steelpro, Lente Turbine,  12\/cja"},"content":{"rendered":"<p><strong>Caracteristicas:<\/strong><\/p>\n<ul>\n<li>Lente de policarbonato<\/li>\n<li>Absorci\u00f3n de UV al 99.9%<\/li>\n<li>Recubrimiento anti-empa\u00f1ante<\/li>\n<li>Tratamiento anti-est\u00e1tico<\/li>\n<li>Resistencia anti-impacto<\/li>\n<li>Protecci\u00f3n contra salpicaduras<\/li>\n<li>Peso: 41.8 gramos<\/li>\n<li>Liga desmontable posterior para ajuste al rostro<\/li>\n<li>Sistema desmontable de amortiguaci\u00f3n de impacto en espuma de poliuretano<\/li>\n<li>Marco gris de nylon e inserto de PVC hipoalerg\u00e9nico<\/li>\n<\/ul>\n<section class=\"blocContenu\">\n<div><\/div>\n<div><\/div>\n<div><\/div>\n<\/section>\n<p>&nbsp;<\/p>\n<p>&nbsp;<\/p>\n","protected":false},"excerpt":{"rendered":"<p>Lente Turbine, lente de policarbonato de alta densidad, marco gris de nylon e inserto de PVC hipoalerg\u00e9nico con dise\u00f1o ergon\u00f3mico. Incluye barra anti-impacto, el cual sirve para reducir golpes y aislar la vista del exterior proporcionando gran protecci\u00f3n y comodidad.<\/p>\n<p>&nbsp;<\/p>\n","protected":false},"featured_media":4956,"comment_status":"open","ping_status":"closed","template":"","meta":[],"product_cat":[87],"product_tag":[201,196,195,233,200,199,217],"class_list":{"0":"post-4963","1":"product","2":"type-product","3":"status-publish","4":"has-post-thumbnail","6":"product_cat-proteccion-visual","7":"product_tag-epps","8":"product_tag-industrial","9":"product_tag-proteccion","10":"product_tag-proteccion-visual","11":"product_tag-salud","12":"product_tag-seguridad","13":"product_tag-steelpro","15":"first","16":"instock","17":"shipping-taxable","18":"purchasable","19":"product-type-simple"},"_links":{"self":[{"href":"https:\/\/www.sfgsac.net\/index.php?rest_route=\/wp\/v2\/product\/4963","targetHints":{"allow":["GET"]}}],"collection":[{"href":"https:\/\/www.sfgsac.net\/index.php?rest_route=\/wp\/v2\/product"}],"about":[{"href":"https:\/\/www.sfgsac.net\/index.php?rest_route=\/wp\/v2\/types\/product"}],"replies":[{"embeddable":true,"href":"https:\/\/www.sfgsac.net\/index.php?rest_route=%2Fwp%2Fv2%2Fcomments&post=4963"}],"wp:featuredmedia":[{"embeddable":true,"href":"https:\/\/www.sfgsac.net\/index.php?rest_route=\/wp\/v2\/media\/4956"}],"wp:attachment":[{"href":"https:\/\/www.sfgsac.net\/index.php?rest_route=%2Fwp%2Fv2%2Fmedia&parent=4963"}],"wp:term":[{"taxonomy":"product_cat","embeddable":true,"href":"https:\/\/www.sfgsac.net\/index.php?rest_route=%2Fwp%2Fv2%2Fproduct_cat&post=4963"},{"taxonomy":"product_tag","embeddable":true,"href":"https:\/\/www.sfgsac.net\/index.php?rest_route=%2Fwp%2Fv2%2Fproduct_tag&post=4963"}],"curies":[{"name":"wp","href":"https:\/\/api.w.org\/{rel}","templated":true}]}}