{"id":4978,"date":"2023-12-04T15:40:30","date_gmt":"2023-12-04T20:40:30","guid":{"rendered":"https:\/\/www.sfgsac.net\/?post_type=product&#038;p=4978"},"modified":"2023-12-04T15:42:12","modified_gmt":"2023-12-04T20:42:12","slug":"3m-lente-securefit-sf202af-oscuro-12-cja","status":"publish","type":"product","link":"https:\/\/www.sfgsac.net\/?product=3m-lente-securefit-sf202af-oscuro-12-cja","title":{"rendered":"3M, Lente Securefit SF202AF Oscuro,  12\/cja"},"content":{"rendered":"<p><strong>Caracteristicas:<\/strong><\/p>\n<ul>\n<li>Lentes de policarbonato que absorben 99.9% UVA y UVB.<\/li>\n<li>Peso ligero (menos de 1 onza).<\/li>\n<li>Puente nasal moldeable.<\/li>\n<li>Tecnolog\u00eda de Templado de Difusi\u00f3n de Presi\u00f3n (PDTT), que permite que el lente se autoajuste a varios tipos de caras humanas.<\/li>\n<li>Cumple con los requerimientos de las normas CSA Z94.3 y ANSI Z87.1-2010<\/li>\n<li>Inyecci\u00f3n dual, puntos de contacto templados para mayor confort sobre las orejas.<\/li>\n<li>Protecci\u00f3n lateral integrada.<\/li>\n<li>Ayuda al lente a reducir el deslizamiento del marco durante los movimientos de cabeza en el lugar de trabajo.<\/li>\n<li>Pueden ser usados en Miner\u00eda, Construcci\u00f3n, Metalmecanica, Forestal entre otros.<\/li>\n<li>Inyecci\u00f3n dual, puntos de contacto templados para mayor confort sobre las orejas.<\/li>\n<\/ul>\n<section class=\"blocContenu\">\n<div><\/div>\n<div><\/div>\n<div><\/div>\n<\/section>\n<p>&nbsp;<\/p>\n<p>&nbsp;<\/p>\n","protected":false},"excerpt":{"rendered":"<div class=\"woocommerce-product-details__short-description\">\n<p>LENTE 3M SECUREFIT SF202AF, han sido desarrollados con la nueva Tecnolog\u00eda de Difusi\u00f3n de Presi\u00f3n 3M, la que permite un auto ajuste del lente y una distribuci\u00f3n de la presi\u00f3n por sobre la oreja aumentado el confort sin comprometer la seguridad, permitiendo de esta forma su uso en una gran diversidad rostros por largos per\u00edodos de tiempo.<\/p>\n<p>La estructura del lente permite proteger completamente el campo visual y las zonas laterales, lo cual proporciona un alto grado de seguridad.<\/p>\n<\/div>\n<div class=\"product_meta\"><\/div>\n<p>&nbsp;<\/p>\n","protected":false},"featured_media":4972,"comment_status":"open","ping_status":"closed","template":"","meta":[],"product_cat":[87],"product_tag":[210,214,201,196,195,233,200,199],"class_list":{"0":"post-4978","1":"product","2":"type-product","3":"status-publish","4":"has-post-thumbnail","6":"product_cat-proteccion-visual","7":"product_tag-3m","8":"product_tag-3m-peru","9":"product_tag-epps","10":"product_tag-industrial","11":"product_tag-proteccion","12":"product_tag-proteccion-visual","13":"product_tag-salud","14":"product_tag-seguridad","16":"first","17":"instock","18":"shipping-taxable","19":"purchasable","20":"product-type-simple"},"_links":{"self":[{"href":"https:\/\/www.sfgsac.net\/index.php?rest_route=\/wp\/v2\/product\/4978","targetHints":{"allow":["GET"]}}],"collection":[{"href":"https:\/\/www.sfgsac.net\/index.php?rest_route=\/wp\/v2\/product"}],"about":[{"href":"https:\/\/www.sfgsac.net\/index.php?rest_route=\/wp\/v2\/types\/product"}],"replies":[{"embeddable":true,"href":"https:\/\/www.sfgsac.net\/index.php?rest_route=%2Fwp%2Fv2%2Fcomments&post=4978"}],"wp:featuredmedia":[{"embeddable":true,"href":"https:\/\/www.sfgsac.net\/index.php?rest_route=\/wp\/v2\/media\/4972"}],"wp:attachment":[{"href":"https:\/\/www.sfgsac.net\/index.php?rest_route=%2Fwp%2Fv2%2Fmedia&parent=4978"}],"wp:term":[{"taxonomy":"product_cat","embeddable":true,"href":"https:\/\/www.sfgsac.net\/index.php?rest_route=%2Fwp%2Fv2%2Fproduct_cat&post=4978"},{"taxonomy":"product_tag","embeddable":true,"href":"https:\/\/www.sfgsac.net\/index.php?rest_route=%2Fwp%2Fv2%2Fproduct_tag&post=4978"}],"curies":[{"name":"wp","href":"https:\/\/api.w.org\/{rel}","templated":true}]}}