{"id":4980,"date":"2023-12-04T15:50:50","date_gmt":"2023-12-04T20:50:50","guid":{"rendered":"https:\/\/www.sfgsac.net\/?post_type=product&#038;p=4980"},"modified":"2023-12-04T15:55:29","modified_gmt":"2023-12-04T20:55:29","slug":"3m-lente-3m-goggle-gear-500-12-cja","status":"publish","type":"product","link":"https:\/\/www.sfgsac.net\/?product=3m-lente-3m-goggle-gear-500-12-cja","title":{"rendered":"3M, Lente 3M Goggle Gear 500,  12\/cja"},"content":{"rendered":"<p><strong>Caracteristicas:<\/strong><\/p>\n<ul>\n<li>Banda El\u00e1stica ajustable.<\/li>\n<li>Ventilaci\u00f3n indirecta.<\/li>\n<li>Goggles de bajo perfil.<\/li>\n<li>Lunas de policarbonato.<\/li>\n<li>Atractivo color rojo y gris.<\/li>\n<li>Inserto opcional para lentes de prescripci\u00f3n.<\/li>\n<li>Las antiparras de seguridad Goggle Gear 500 \u2122 cumple con los requerimientos de las normas ANSI Z87.1-2010 y CSA Z94.3.<\/li>\n<\/ul>\n<section class=\"blocContenu\">\n<div><\/div>\n<div><\/div>\n<div><\/div>\n<\/section>\n<p>&nbsp;<\/p>\n<p>&nbsp;<\/p>\n","protected":false},"excerpt":{"rendered":"<p>Las antiparras de seguridad Goggle Gear 500 tiene un dise\u00f1o de bajo perfil, una banda el\u00e1stica regulable y un opcional inserto para lentes de prescripci\u00f3n. El goggle viene con un recubrimiento antiempa\u00f1ante de Scotchgard el cual resiste al empa\u00f1amiento por m\u00e1s tiempo que un recubrimiento antiempa\u00f1ante tradicional.<\/p>\n<p>&nbsp;<\/p>\n","protected":false},"featured_media":4991,"comment_status":"open","ping_status":"closed","template":"","meta":[],"product_cat":[87],"product_tag":[210,214,201,196,195,233,200,199],"class_list":{"0":"post-4980","1":"product","2":"type-product","3":"status-publish","4":"has-post-thumbnail","6":"product_cat-proteccion-visual","7":"product_tag-3m","8":"product_tag-3m-peru","9":"product_tag-epps","10":"product_tag-industrial","11":"product_tag-proteccion","12":"product_tag-proteccion-visual","13":"product_tag-salud","14":"product_tag-seguridad","16":"first","17":"instock","18":"shipping-taxable","19":"purchasable","20":"product-type-simple"},"_links":{"self":[{"href":"https:\/\/www.sfgsac.net\/index.php?rest_route=\/wp\/v2\/product\/4980","targetHints":{"allow":["GET"]}}],"collection":[{"href":"https:\/\/www.sfgsac.net\/index.php?rest_route=\/wp\/v2\/product"}],"about":[{"href":"https:\/\/www.sfgsac.net\/index.php?rest_route=\/wp\/v2\/types\/product"}],"replies":[{"embeddable":true,"href":"https:\/\/www.sfgsac.net\/index.php?rest_route=%2Fwp%2Fv2%2Fcomments&post=4980"}],"wp:featuredmedia":[{"embeddable":true,"href":"https:\/\/www.sfgsac.net\/index.php?rest_route=\/wp\/v2\/media\/4991"}],"wp:attachment":[{"href":"https:\/\/www.sfgsac.net\/index.php?rest_route=%2Fwp%2Fv2%2Fmedia&parent=4980"}],"wp:term":[{"taxonomy":"product_cat","embeddable":true,"href":"https:\/\/www.sfgsac.net\/index.php?rest_route=%2Fwp%2Fv2%2Fproduct_cat&post=4980"},{"taxonomy":"product_tag","embeddable":true,"href":"https:\/\/www.sfgsac.net\/index.php?rest_route=%2Fwp%2Fv2%2Fproduct_tag&post=4980"}],"curies":[{"name":"wp","href":"https:\/\/api.w.org\/{rel}","templated":true}]}}