{"id":4993,"date":"2023-12-04T16:35:31","date_gmt":"2023-12-04T21:35:31","guid":{"rendered":"https:\/\/www.sfgsac.net\/?post_type=product&#038;p=4993"},"modified":"2023-12-04T16:38:49","modified_gmt":"2023-12-04T21:38:49","slug":"clute-lente-optimus-oscuro-12-cja","status":"publish","type":"product","link":"https:\/\/www.sfgsac.net\/?product=clute-lente-optimus-oscuro-12-cja","title":{"rendered":"Clute, Lente Optimus Oscuro,  12\/cja"},"content":{"rendered":"<p><strong>Caracteristicas:<\/strong><\/p>\n<ul>\n<li>Dise\u00f1o ligero, moderno y deportivo, cubre toda el \u00e1rea de los ojos para una mayor protecci\u00f3n visual.<\/li>\n<li>Buen ajuste a la cara del usuario, evitando la penetraci\u00f3n de part\u00edculas.<\/li>\n<li>Puente nasal de silicona que brinda confort y evita el deslizamiento.<\/li>\n<li>Marco flexible y ultra ligero, aumenta la visi\u00f3n perif\u00e9rica.<\/li>\n<li>Patillas con inserciones de goma, asegura mayor durabilidad y confort.<\/li>\n<li>Luna de policarbonato antiempa\u00f1ante y filtro UV 99.9%.<\/li>\n<li>Lente curva base 8.<\/li>\n<li>Posee certificaci\u00f3n ANSI Z87.1-2003.<\/li>\n<li>Luna clara: permite m\u00e1xima transmisi\u00f3n de luz visible. Estos lentes de seguridad son usados para aplicaciones en interiores para m\u00e1xima claridad \u00f3ptica y donde se requiera protecci\u00f3n contra impactos.<\/li>\n<li>Luna oscura: usados en d\u00edas soleados. Estos lentes permiten reducir al m\u00e1ximo la luz y brillo solar; ideales para situaciones que puedan causar tensi\u00f3n y fatiga ocular.<\/li>\n<li>Anti rayaduras.<\/li>\n<li>Anti empa\u00f1ante.<\/li>\n<li>Marca: Clute<\/li>\n<li>Modelo: Optimus.<\/li>\n<li>Procedencia: Taiwan.<\/li>\n<\/ul>\n<section class=\"blocContenu\">\n<div><\/div>\n<div><\/div>\n<div><\/div>\n<\/section>\n<p>&nbsp;<\/p>\n<p>&nbsp;<\/p>\n","protected":false},"excerpt":{"rendered":"<p>Lentes Optimus Clute son las ideales para proteger los ojos de las personas, contra riesgos mec\u00e1nicos y de radiaci\u00f3n; con comodidad y estilo.<\/p>\n<p>&nbsp;<\/p>\n","protected":false},"featured_media":5001,"comment_status":"open","ping_status":"closed","template":"","meta":[],"product_cat":[87],"product_tag":[208,201,196,195,233,200,199],"class_list":{"0":"post-4993","1":"product","2":"type-product","3":"status-publish","4":"has-post-thumbnail","6":"product_cat-proteccion-visual","7":"product_tag-clute","8":"product_tag-epps","9":"product_tag-industrial","10":"product_tag-proteccion","11":"product_tag-proteccion-visual","12":"product_tag-salud","13":"product_tag-seguridad","15":"first","16":"instock","17":"shipping-taxable","18":"purchasable","19":"product-type-simple"},"_links":{"self":[{"href":"https:\/\/www.sfgsac.net\/index.php?rest_route=\/wp\/v2\/product\/4993","targetHints":{"allow":["GET"]}}],"collection":[{"href":"https:\/\/www.sfgsac.net\/index.php?rest_route=\/wp\/v2\/product"}],"about":[{"href":"https:\/\/www.sfgsac.net\/index.php?rest_route=\/wp\/v2\/types\/product"}],"replies":[{"embeddable":true,"href":"https:\/\/www.sfgsac.net\/index.php?rest_route=%2Fwp%2Fv2%2Fcomments&post=4993"}],"wp:featuredmedia":[{"embeddable":true,"href":"https:\/\/www.sfgsac.net\/index.php?rest_route=\/wp\/v2\/media\/5001"}],"wp:attachment":[{"href":"https:\/\/www.sfgsac.net\/index.php?rest_route=%2Fwp%2Fv2%2Fmedia&parent=4993"}],"wp:term":[{"taxonomy":"product_cat","embeddable":true,"href":"https:\/\/www.sfgsac.net\/index.php?rest_route=%2Fwp%2Fv2%2Fproduct_cat&post=4993"},{"taxonomy":"product_tag","embeddable":true,"href":"https:\/\/www.sfgsac.net\/index.php?rest_route=%2Fwp%2Fv2%2Fproduct_tag&post=4993"}],"curies":[{"name":"wp","href":"https:\/\/api.w.org\/{rel}","templated":true}]}}