{"id":5005,"date":"2023-12-04T16:40:31","date_gmt":"2023-12-04T21:40:31","guid":{"rendered":"https:\/\/www.sfgsac.net\/?post_type=product&#038;p=5005"},"modified":"2023-12-04T17:10:55","modified_gmt":"2023-12-04T22:10:55","slug":"clute-lente-vision-claro-12-cja","status":"publish","type":"product","link":"https:\/\/www.sfgsac.net\/?product=clute-lente-vision-claro-12-cja","title":{"rendered":"Clute, Lente Vision Claro,  12\/cja"},"content":{"rendered":"<h3>CARACTER\u00cdSTICAS:<\/h3>\n<ul>\n<li>Recubrimientos disponibles de la luna: Recubrimiento anti empa\u00f1ante (anti-fog) y recubrimiento anti rayadura.<\/li>\n<li>Ofrece protecci\u00f3n contra radiaci\u00f3n ultravioleta en un 99.9%.<\/li>\n<li>Ocular \/ Lente: Policarbonato de alta transparencia.<\/li>\n<li>Marco: Policarbonato integrado a la estructura del ocular en una sola pieza.<\/li>\n<li>Patillas de policarbonato.<\/li>\n<li>Puente nasal de policarbonato integrado a la estructura del ocular.<\/li>\n<li>Modelo: Vision.<\/li>\n<li>Marca: CLUTE.<\/li>\n<li>Procedencia: TAIWAN.<\/li>\n<\/ul>\n<h3>APLICACIONES:<\/h3>\n<ul>\n<li>Miner\u00eda<\/li>\n<li>Construcci\u00f3n<\/li>\n<li>Forestal.<\/li>\n<li>Agricultura<\/li>\n<li>Industria automotriz.<\/li>\n<li>Carpinter\u00eda.<\/li>\n<li>Pintura y decoraci\u00f3n.<\/li>\n<\/ul>\n<h3>CERTIFICACI\u00d3N:<\/h3>\n<ul>\n<li>ANSI Z87.1<\/li>\n<\/ul>\n<p>&nbsp;<\/p>\n<section class=\"blocContenu\">\n<div><\/div>\n<div><\/div>\n<div><\/div>\n<\/section>\n<p>&nbsp;<\/p>\n<p>&nbsp;<\/p>\n","protected":false},"excerpt":{"rendered":"<div class=\"woocommerce-product-details__short-description\">\n<p>Lentes vision luna clara \u2013 clute, han sido dise\u00f1ados para proveer el nivel de protecci\u00f3n ocular requerido contra impacto de part\u00edculas, y se encuentra entre las<br \/>\nopciones m\u00e1s livianas disponibles en el mercado.<\/p>\n<\/div>\n<div class=\"product_meta\"><\/div>\n<p>&nbsp;<\/p>\n","protected":false},"featured_media":4998,"comment_status":"open","ping_status":"closed","template":"","meta":[],"product_cat":[87],"product_tag":[208,201,196,195,233,200,199],"class_list":{"0":"post-5005","1":"product","2":"type-product","3":"status-publish","4":"has-post-thumbnail","6":"product_cat-proteccion-visual","7":"product_tag-clute","8":"product_tag-epps","9":"product_tag-industrial","10":"product_tag-proteccion","11":"product_tag-proteccion-visual","12":"product_tag-salud","13":"product_tag-seguridad","15":"first","16":"instock","17":"shipping-taxable","18":"purchasable","19":"product-type-simple"},"_links":{"self":[{"href":"https:\/\/www.sfgsac.net\/index.php?rest_route=\/wp\/v2\/product\/5005","targetHints":{"allow":["GET"]}}],"collection":[{"href":"https:\/\/www.sfgsac.net\/index.php?rest_route=\/wp\/v2\/product"}],"about":[{"href":"https:\/\/www.sfgsac.net\/index.php?rest_route=\/wp\/v2\/types\/product"}],"replies":[{"embeddable":true,"href":"https:\/\/www.sfgsac.net\/index.php?rest_route=%2Fwp%2Fv2%2Fcomments&post=5005"}],"wp:featuredmedia":[{"embeddable":true,"href":"https:\/\/www.sfgsac.net\/index.php?rest_route=\/wp\/v2\/media\/4998"}],"wp:attachment":[{"href":"https:\/\/www.sfgsac.net\/index.php?rest_route=%2Fwp%2Fv2%2Fmedia&parent=5005"}],"wp:term":[{"taxonomy":"product_cat","embeddable":true,"href":"https:\/\/www.sfgsac.net\/index.php?rest_route=%2Fwp%2Fv2%2Fproduct_cat&post=5005"},{"taxonomy":"product_tag","embeddable":true,"href":"https:\/\/www.sfgsac.net\/index.php?rest_route=%2Fwp%2Fv2%2Fproduct_tag&post=5005"}],"curies":[{"name":"wp","href":"https:\/\/api.w.org\/{rel}","templated":true}]}}