{"id":5010,"date":"2023-12-05T08:24:43","date_gmt":"2023-12-05T13:24:43","guid":{"rendered":"https:\/\/www.sfgsac.net\/?post_type=product&#038;p=5010"},"modified":"2023-12-05T08:25:55","modified_gmt":"2023-12-05T13:25:55","slug":"clute-sobrelente-otg-clara-12-cja","status":"publish","type":"product","link":"https:\/\/www.sfgsac.net\/?product=clute-sobrelente-otg-clara-12-cja","title":{"rendered":"Clute, Sobrelente OTG Clara,  12\/cja"},"content":{"rendered":"<p><strong>Sobrelentes OTG Clute Luna Clara<\/strong>, se han dise\u00f1ado para proveer el nivel de protecci\u00f3n ocular requerido contra altos impactos, para aquellos usuarios que adem\u00e1s de lentes de seguridad, requieran el uso de lentes de prescripci\u00f3n.<\/p>\n<ul>\n<li>Visor de policarbonato de alta transparencia, con tratamiento antirayadura.<\/li>\n<li>Dise\u00f1o vers\u00e1til que permite adaptarse a una amplia gama de anteojos con pescripci\u00f3n.<\/li>\n<li>Recubrimiento retardante anti empa\u00f1amiento y resistencia ante la agresi\u00f3n qu\u00edmica.<\/li>\n<li>Ofrece un alto nivel de proteci\u00f3n frente a impactos.<\/li>\n<li>Patillas con ajuste telesc\u00f3pico y angular (4 posiciones) para confort y ajuste \u00f3ptimo.<\/li>\n<li>Amplia proteci\u00f3n lateral.<\/li>\n<li>Marco de policarbonato integrado al ocular en una sola pieza y un puente nasal integrado a la estructura ocular.<\/li>\n<li>Absorbe las radiaciones del espectro Ultravioleta en un 99.9%<\/li>\n<li>Disponible en dos colores; luna clara y luna oscura.<\/li>\n<li>Marca: Clute.<\/li>\n<li>Modelo: OTG.<\/li>\n<li>Procedencia: Taiwan.<\/li>\n<\/ul>\n<p>&nbsp;<\/p>\n<section class=\"blocContenu\">\n<div><\/div>\n<div><\/div>\n<div><\/div>\n<\/section>\n<p>&nbsp;<\/p>\n<p>&nbsp;<\/p>\n","protected":false},"excerpt":{"rendered":"<div class=\"woocommerce-product-details__short-description\">\n<p>Sobrelentes OTG Clute Luna Oscura, se han dise\u00f1ado para proveer el nivel de protecci\u00f3n ocular requerido contra altos impactos, para aquellos usuarios que adem\u00e1s de lentes de seguridad, requieran el uso de lentes de prescripci\u00f3n.<\/p>\n<\/div>\n<div class=\"product_meta\"><\/div>\n<p>&nbsp;<\/p>\n","protected":false},"featured_media":4995,"comment_status":"open","ping_status":"closed","template":"","meta":[],"product_cat":[87],"product_tag":[208,201,196,195,233,200,199],"class_list":{"0":"post-5010","1":"product","2":"type-product","3":"status-publish","4":"has-post-thumbnail","6":"product_cat-proteccion-visual","7":"product_tag-clute","8":"product_tag-epps","9":"product_tag-industrial","10":"product_tag-proteccion","11":"product_tag-proteccion-visual","12":"product_tag-salud","13":"product_tag-seguridad","15":"first","16":"instock","17":"shipping-taxable","18":"purchasable","19":"product-type-simple"},"_links":{"self":[{"href":"https:\/\/www.sfgsac.net\/index.php?rest_route=\/wp\/v2\/product\/5010","targetHints":{"allow":["GET"]}}],"collection":[{"href":"https:\/\/www.sfgsac.net\/index.php?rest_route=\/wp\/v2\/product"}],"about":[{"href":"https:\/\/www.sfgsac.net\/index.php?rest_route=\/wp\/v2\/types\/product"}],"replies":[{"embeddable":true,"href":"https:\/\/www.sfgsac.net\/index.php?rest_route=%2Fwp%2Fv2%2Fcomments&post=5010"}],"wp:featuredmedia":[{"embeddable":true,"href":"https:\/\/www.sfgsac.net\/index.php?rest_route=\/wp\/v2\/media\/4995"}],"wp:attachment":[{"href":"https:\/\/www.sfgsac.net\/index.php?rest_route=%2Fwp%2Fv2%2Fmedia&parent=5010"}],"wp:term":[{"taxonomy":"product_cat","embeddable":true,"href":"https:\/\/www.sfgsac.net\/index.php?rest_route=%2Fwp%2Fv2%2Fproduct_cat&post=5010"},{"taxonomy":"product_tag","embeddable":true,"href":"https:\/\/www.sfgsac.net\/index.php?rest_route=%2Fwp%2Fv2%2Fproduct_tag&post=5010"}],"curies":[{"name":"wp","href":"https:\/\/api.w.org\/{rel}","templated":true}]}}