{"id":5039,"date":"2023-12-06T20:41:06","date_gmt":"2023-12-07T01:41:06","guid":{"rendered":"https:\/\/www.sfgsac.net\/?post_type=product&#038;p=5039"},"modified":"2023-12-07T12:15:02","modified_gmt":"2023-12-07T17:15:02","slug":"blue-eagle-mascara-de-soldar-adaptable-al-casco-1-paquete","status":"publish","type":"product","link":"https:\/\/www.sfgsac.net\/?product=blue-eagle-mascara-de-soldar-adaptable-al-casco-1-paquete","title":{"rendered":"Blue Eagle, M\u00e1scara de Soldar Adaptable al Casco, 1\/Paquete"},"content":{"rendered":"<p><strong>Caracter\u00edsticas:<\/strong><\/p>\n<section class=\"blocContenu blocContenu-first\"><\/section>\n<section class=\"blocContenu\">\n<div>\n<ul>\n<li>Dise\u00f1o cl\u00e1sico.<\/li>\n<li>Fabricada en material de nylon reforzado y antiflama.<\/li>\n<li>De alta resistencia al calor y chispas incandescentes.<\/li>\n<li>Visor levantable con luna de cristal de 2 x 4 \u00bc\u201d.<\/li>\n<li>Clip de adaptador universal para adaptar al casco.<\/li>\n<li>Resistente a golpes.<\/li>\n<\/ul>\n<\/div>\n<div><\/div>\n<div><\/div>\n<div><\/div>\n<\/section>\n<p>&nbsp;<\/p>\n<p>&nbsp;<\/p>\n","protected":false},"excerpt":{"rendered":"<div class=\"woocommerce-product-details__short-description\">\n<section class=\"producto\">\n<div class=\"titulo-producto\"><\/div>\n<\/section>\n<p>La m\u00e1scara de soldar Blue Eagle adaptable al casco, tiene un dise\u00f1o ergon\u00f3mico para protecci\u00f3n total del rostro, con el fin de evitar diferentes riesgos a los que se encuentran expuestos, tales como radiaciones cal\u00f3ricas, infrarojos y ultravioletas. Adem\u00e1s de chispas y salpicaduras de metal caliente encontradas en las operaciones de soldadura.<\/p>\n<\/div>\n<div class=\"product_meta\"><\/div>\n<p>&nbsp;<\/p>\n","protected":false},"featured_media":5032,"comment_status":"open","ping_status":"closed","template":"","meta":[],"product_cat":[62],"product_tag":[236,194,201,196,235,195,200,199],"class_list":{"0":"post-5039","1":"product","2":"type-product","3":"status-publish","4":"has-post-thumbnail","6":"product_cat-proteccion-facial","7":"product_tag-blue-eagle","8":"product_tag-cabeza","9":"product_tag-epps","10":"product_tag-industrial","11":"product_tag-pretul","12":"product_tag-proteccion","13":"product_tag-salud","14":"product_tag-seguridad","16":"first","17":"instock","18":"shipping-taxable","19":"purchasable","20":"product-type-simple"},"_links":{"self":[{"href":"https:\/\/www.sfgsac.net\/index.php?rest_route=\/wp\/v2\/product\/5039","targetHints":{"allow":["GET"]}}],"collection":[{"href":"https:\/\/www.sfgsac.net\/index.php?rest_route=\/wp\/v2\/product"}],"about":[{"href":"https:\/\/www.sfgsac.net\/index.php?rest_route=\/wp\/v2\/types\/product"}],"replies":[{"embeddable":true,"href":"https:\/\/www.sfgsac.net\/index.php?rest_route=%2Fwp%2Fv2%2Fcomments&post=5039"}],"wp:featuredmedia":[{"embeddable":true,"href":"https:\/\/www.sfgsac.net\/index.php?rest_route=\/wp\/v2\/media\/5032"}],"wp:attachment":[{"href":"https:\/\/www.sfgsac.net\/index.php?rest_route=%2Fwp%2Fv2%2Fmedia&parent=5039"}],"wp:term":[{"taxonomy":"product_cat","embeddable":true,"href":"https:\/\/www.sfgsac.net\/index.php?rest_route=%2Fwp%2Fv2%2Fproduct_cat&post=5039"},{"taxonomy":"product_tag","embeddable":true,"href":"https:\/\/www.sfgsac.net\/index.php?rest_route=%2Fwp%2Fv2%2Fproduct_tag&post=5039"}],"curies":[{"name":"wp","href":"https:\/\/api.w.org\/{rel}","templated":true}]}}