{"id":5044,"date":"2023-12-06T20:58:30","date_gmt":"2023-12-07T01:58:30","guid":{"rendered":"https:\/\/www.sfgsac.net\/?post_type=product&#038;p=5044"},"modified":"2023-12-06T21:00:47","modified_gmt":"2023-12-07T02:00:47","slug":"steelpro-mascara-de-soldar-fotosensible-1-paquete","status":"publish","type":"product","link":"https:\/\/www.sfgsac.net\/?product=steelpro-mascara-de-soldar-fotosensible-1-paquete","title":{"rendered":"Steelpro, M\u00e1scara de Soldar Fotosensible,  1\/Paquete"},"content":{"rendered":"<p><strong>Caracter\u00edsticas:<\/strong><\/p>\n<section class=\"blocContenu blocContenu-first\">\n<ul>\n<li>Fabricada en material termopl\u00e1stico de alta resistencia y flexibilidad<\/li>\n<li>Sistema de protecci\u00f3n visual secundaria<\/li>\n<li>\u00c1rea de visibilidad: 98&#215;43 mm o (3.68\u201dx 1.69\u201d)<\/li>\n<li>Tama\u00f1o de cartucho 110&#215;90 x9mm o (4.33\u201dx3.54\u201d)<\/li>\n<li>Visor autom\u00e1tico con celdas fotosensibles<\/li>\n<li>Posee celdas solares que no requieren bater\u00edas<\/li>\n<li>Tiempo de oscurecimiento: 0.000033 seg<\/li>\n<li>Regulador graduado y sensibilidad ajustable control 9-13<\/li>\n<li>Protecci\u00f3n UV\/RI hasta DIN 16 todo el tiempo<\/li>\n<li>Resistencia al impacto<\/li>\n<li>Aislamiento El\u00e9ctrico<\/li>\n<li>Casquete regulable gravitacional<\/li>\n<li>Selecci\u00f3n de funci\u00f3n: soldadura o perforaci\u00f3n<\/li>\n<li>Dimensiones de empaque 32&#215;22.5 cm<\/li>\n<li>Color: grafito<\/li>\n<\/ul>\n<\/section>\n<section class=\"blocContenu\"><\/section>\n<section class=\"blocContenu\">\n<div><\/div>\n<div><\/div>\n<div><\/div>\n<div><\/div>\n<\/section>\n<p>&nbsp;<\/p>\n<p>&nbsp;<\/p>\n","protected":false},"excerpt":{"rendered":"<p>M\u00e1scara de dise\u00f1o ergon\u00f3mico, para protecci\u00f3n total del rostro, con el fin de evitar diferentes peligros a los que se encuentra expuesto, tales como \u00e1cidos, quemaduras y abrasi\u00f3n. Casco provisto con filtro autom\u00e1tico deoscurecimiento solar. El casco contiene celdas de alto rendimiento como poder de distribuci\u00f3n. Los filtros auto-oscurecedores de UV\/IR de rendimiento ultra alto, brinda una completa protecci\u00f3n para los ojos del usuario y contra las radiaciones durante todo el proceso de la soldadura, incluso en estado de luz.<\/p>\n<p>&nbsp;<\/p>\n","protected":false},"featured_media":5047,"comment_status":"open","ping_status":"closed","template":"","meta":[],"product_cat":[62],"product_tag":[194,198,201,196,195,200,199,219,217],"class_list":{"0":"post-5044","1":"product","2":"type-product","3":"status-publish","4":"has-post-thumbnail","6":"product_cat-proteccion-facial","7":"product_tag-cabeza","8":"product_tag-cascos","9":"product_tag-epps","10":"product_tag-industrial","11":"product_tag-proteccion","12":"product_tag-salud","13":"product_tag-seguridad","14":"product_tag-soldadura","15":"product_tag-steelpro","17":"first","18":"instock","19":"shipping-taxable","20":"purchasable","21":"product-type-simple"},"_links":{"self":[{"href":"https:\/\/www.sfgsac.net\/index.php?rest_route=\/wp\/v2\/product\/5044","targetHints":{"allow":["GET"]}}],"collection":[{"href":"https:\/\/www.sfgsac.net\/index.php?rest_route=\/wp\/v2\/product"}],"about":[{"href":"https:\/\/www.sfgsac.net\/index.php?rest_route=\/wp\/v2\/types\/product"}],"replies":[{"embeddable":true,"href":"https:\/\/www.sfgsac.net\/index.php?rest_route=%2Fwp%2Fv2%2Fcomments&post=5044"}],"wp:featuredmedia":[{"embeddable":true,"href":"https:\/\/www.sfgsac.net\/index.php?rest_route=\/wp\/v2\/media\/5047"}],"wp:attachment":[{"href":"https:\/\/www.sfgsac.net\/index.php?rest_route=%2Fwp%2Fv2%2Fmedia&parent=5044"}],"wp:term":[{"taxonomy":"product_cat","embeddable":true,"href":"https:\/\/www.sfgsac.net\/index.php?rest_route=%2Fwp%2Fv2%2Fproduct_cat&post=5044"},{"taxonomy":"product_tag","embeddable":true,"href":"https:\/\/www.sfgsac.net\/index.php?rest_route=%2Fwp%2Fv2%2Fproduct_tag&post=5044"}],"curies":[{"name":"wp","href":"https:\/\/api.w.org\/{rel}","templated":true}]}}