{"id":5046,"date":"2023-12-06T20:58:40","date_gmt":"2023-12-07T01:58:40","guid":{"rendered":"https:\/\/www.sfgsac.net\/?post_type=product&#038;p=5046"},"modified":"2023-12-06T21:04:56","modified_gmt":"2023-12-07T02:04:56","slug":"steelpro-visor-rocket-claro-i-1-1-paquete","status":"publish","type":"product","link":"https:\/\/www.sfgsac.net\/?product=steelpro-visor-rocket-claro-i-1-1-paquete","title":{"rendered":"Steelpro, Visor Rocket Claro I-1,  1\/Paquete"},"content":{"rendered":"<p><strong>Caracter\u00edsticas:<\/strong><\/p>\n<section class=\"blocContenu blocContenu-first\">\n<ul>\n<li>Fabricado en lamina de policarbonato de 1 mm de grosor<\/li>\n<li>Resistencia al impacto extremadamente elevada<\/li>\n<li>Resistencia a l\u00edquidos irritantes o corrosivos<\/li>\n<li>Posee filtro UV<\/li>\n<li>Posee ribete de aluminio que permite dar mejor forma a la curvatura<\/li>\n<li>Sistema universal para cualquier tipo de casquete<\/li>\n<li>Peso de visor sin filo de aluminio: 106 g<\/li>\n<li>Peso de visor con filo de aluminio: 130 g<\/li>\n<li>Dimensiones: 39 cm x 20 cm x 1 mm<\/li>\n<\/ul>\n<\/section>\n<section class=\"blocContenu\"><\/section>\n<section class=\"blocContenu\">\n<div><\/div>\n<div><\/div>\n<div><\/div>\n<div><\/div>\n<\/section>\n<p>&nbsp;<\/p>\n<p>&nbsp;<\/p>\n","protected":false},"excerpt":{"rendered":"<p>Visor de dise\u00f1o ergon\u00f3mico, para protecci\u00f3n total del rostro con el fin de evitar diferentes peligros a los que se encuentra expuesto, tales como: \u00c1cidos, quemaduras, abrasi\u00f3n. Esta protecci\u00f3n facial garantiza a nuestros consumidores su seguridad en distintos tipos de trabajo.<\/p>\n<p>&nbsp;<\/p>\n","protected":false},"featured_media":5048,"comment_status":"open","ping_status":"closed","template":"","meta":[],"product_cat":[62],"product_tag":[194,198,201,196,195,200,199,217],"class_list":{"0":"post-5046","1":"product","2":"type-product","3":"status-publish","4":"has-post-thumbnail","6":"product_cat-proteccion-facial","7":"product_tag-cabeza","8":"product_tag-cascos","9":"product_tag-epps","10":"product_tag-industrial","11":"product_tag-proteccion","12":"product_tag-salud","13":"product_tag-seguridad","14":"product_tag-steelpro","16":"first","17":"instock","18":"shipping-taxable","19":"purchasable","20":"product-type-simple"},"_links":{"self":[{"href":"https:\/\/www.sfgsac.net\/index.php?rest_route=\/wp\/v2\/product\/5046","targetHints":{"allow":["GET"]}}],"collection":[{"href":"https:\/\/www.sfgsac.net\/index.php?rest_route=\/wp\/v2\/product"}],"about":[{"href":"https:\/\/www.sfgsac.net\/index.php?rest_route=\/wp\/v2\/types\/product"}],"replies":[{"embeddable":true,"href":"https:\/\/www.sfgsac.net\/index.php?rest_route=%2Fwp%2Fv2%2Fcomments&post=5046"}],"wp:featuredmedia":[{"embeddable":true,"href":"https:\/\/www.sfgsac.net\/index.php?rest_route=\/wp\/v2\/media\/5048"}],"wp:attachment":[{"href":"https:\/\/www.sfgsac.net\/index.php?rest_route=%2Fwp%2Fv2%2Fmedia&parent=5046"}],"wp:term":[{"taxonomy":"product_cat","embeddable":true,"href":"https:\/\/www.sfgsac.net\/index.php?rest_route=%2Fwp%2Fv2%2Fproduct_cat&post=5046"},{"taxonomy":"product_tag","embeddable":true,"href":"https:\/\/www.sfgsac.net\/index.php?rest_route=%2Fwp%2Fv2%2Fproduct_tag&post=5046"}],"curies":[{"name":"wp","href":"https:\/\/api.w.org\/{rel}","templated":true}]}}