{"id":5051,"date":"2023-12-06T21:05:05","date_gmt":"2023-12-07T02:05:05","guid":{"rendered":"https:\/\/www.sfgsac.net\/?post_type=product&#038;p=5051"},"modified":"2023-12-06T21:06:36","modified_gmt":"2023-12-07T02:06:36","slug":"steelpro-visor-rocket-ir-3-0-1-paquete","status":"publish","type":"product","link":"https:\/\/www.sfgsac.net\/?product=steelpro-visor-rocket-ir-3-0-1-paquete","title":{"rendered":"Steelpro, Visor Rocket IR 3.0,  1\/Paquete"},"content":{"rendered":"<p><strong>Caracter\u00edsticas:<\/strong><\/p>\n<section class=\"blocContenu blocContenu-first\">\n<ul>\n<li>Visor ROCKET en policarbonato<\/li>\n<li>Tinte Verde IR 3.0<\/li>\n<li>Corregido \u00f3pticamente<\/li>\n<li>Protecci\u00f3n a radiaci\u00f3n Infrarroja<\/li>\n<li>Filtro UVA\/UVB Nivel U6<\/li>\n<li>Amplia protecci\u00f3n lateral y frontal<\/li>\n<li>Tratamiento anti-empa\u00f1ante y anti-rayadura<\/li>\n<li>Resistencia al impacto Z87+<\/li>\n<li>ANSI Z87.1- 2010<\/li>\n<\/ul>\n<\/section>\n<section class=\"blocContenu\"><\/section>\n<section class=\"blocContenu\">\n<div><\/div>\n<div><\/div>\n<div><\/div>\n<div><\/div>\n<\/section>\n<p>&nbsp;<\/p>\n<p>&nbsp;<\/p>\n","protected":false},"excerpt":{"rendered":"<p>Visor para protecci\u00f3n facial Tinte Verde IR 3.0, fabricado en policarbonato tipo burbuja, protege a radiaci\u00f3n Infrarroja y UV, con tratamiento anti-empa\u00f1ante.<\/p>\n<p>&nbsp;<\/p>\n","protected":false},"featured_media":5049,"comment_status":"open","ping_status":"closed","template":"","meta":[],"product_cat":[62],"product_tag":[194,198,201,196,195,200,199,217],"class_list":{"0":"post-5051","1":"product","2":"type-product","3":"status-publish","4":"has-post-thumbnail","6":"product_cat-proteccion-facial","7":"product_tag-cabeza","8":"product_tag-cascos","9":"product_tag-epps","10":"product_tag-industrial","11":"product_tag-proteccion","12":"product_tag-salud","13":"product_tag-seguridad","14":"product_tag-steelpro","16":"first","17":"instock","18":"shipping-taxable","19":"purchasable","20":"product-type-simple"},"_links":{"self":[{"href":"https:\/\/www.sfgsac.net\/index.php?rest_route=\/wp\/v2\/product\/5051","targetHints":{"allow":["GET"]}}],"collection":[{"href":"https:\/\/www.sfgsac.net\/index.php?rest_route=\/wp\/v2\/product"}],"about":[{"href":"https:\/\/www.sfgsac.net\/index.php?rest_route=\/wp\/v2\/types\/product"}],"replies":[{"embeddable":true,"href":"https:\/\/www.sfgsac.net\/index.php?rest_route=%2Fwp%2Fv2%2Fcomments&post=5051"}],"wp:featuredmedia":[{"embeddable":true,"href":"https:\/\/www.sfgsac.net\/index.php?rest_route=\/wp\/v2\/media\/5049"}],"wp:attachment":[{"href":"https:\/\/www.sfgsac.net\/index.php?rest_route=%2Fwp%2Fv2%2Fmedia&parent=5051"}],"wp:term":[{"taxonomy":"product_cat","embeddable":true,"href":"https:\/\/www.sfgsac.net\/index.php?rest_route=%2Fwp%2Fv2%2Fproduct_cat&post=5051"},{"taxonomy":"product_tag","embeddable":true,"href":"https:\/\/www.sfgsac.net\/index.php?rest_route=%2Fwp%2Fv2%2Fproduct_tag&post=5051"}],"curies":[{"name":"wp","href":"https:\/\/api.w.org\/{rel}","templated":true}]}}