{"id":5052,"date":"2023-12-06T22:26:36","date_gmt":"2023-12-07T03:26:36","guid":{"rendered":"https:\/\/www.sfgsac.net\/?post_type=product&#038;p=5052"},"modified":"2023-12-06T22:37:57","modified_gmt":"2023-12-07T03:37:57","slug":"indura-guante-soldador-forrado-at19-12-paquete","status":"publish","type":"product","link":"https:\/\/www.sfgsac.net\/?product=indura-guante-soldador-forrado-at19-12-paquete","title":{"rendered":"Indura, Guante soldador forrado AT19 , 12\/Paquete"},"content":{"rendered":"<p><strong>CARACTER\u00cdSTICAS<\/strong><\/p>\n<p>-Guante soldador largo.<br \/>\n-Fabricado en cuero de descarne naranjo con forro.<br \/>\n-Gran protecci\u00f3n y resistencia de desgarro.<br \/>\n-Protecci\u00f3n de costuras en dedos y costados.<br \/>\n-Forro denim en pu\u00f1o.<br \/>\n-Costuras Kevlar.<br \/>\n-Ideal para trabajos de soldadura.<\/p>\n","protected":false},"excerpt":{"rendered":"<p>Este guante para soldador est\u00e1 fabricado en cuero, con un forro interno. Te otorgar\u00e1 gran protecci\u00f3n y tiene una gran resistencia al desgarro. Adem\u00e1s, tiene costuras en dedos y costados. La talla es \u00fanica. Ideal para el trabajo pesado como la soldadura, de alta exigencia y alto niveles de protecci\u00f3n.<\/p>\n","protected":false},"featured_media":5057,"comment_status":"open","ping_status":"closed","template":"","meta":[],"product_cat":[63],"product_tag":[201,238,195,200,199,219,206],"class_list":{"0":"post-5052","1":"product","2":"type-product","3":"status-publish","4":"has-post-thumbnail","6":"product_cat-proteccion-manual","7":"product_tag-epps","8":"product_tag-indura","9":"product_tag-proteccion","10":"product_tag-salud","11":"product_tag-seguridad","12":"product_tag-soldadura","13":"product_tag-trabajo","15":"first","16":"instock","17":"shipping-taxable","18":"product-type-simple"},"_links":{"self":[{"href":"https:\/\/www.sfgsac.net\/index.php?rest_route=\/wp\/v2\/product\/5052","targetHints":{"allow":["GET"]}}],"collection":[{"href":"https:\/\/www.sfgsac.net\/index.php?rest_route=\/wp\/v2\/product"}],"about":[{"href":"https:\/\/www.sfgsac.net\/index.php?rest_route=\/wp\/v2\/types\/product"}],"replies":[{"embeddable":true,"href":"https:\/\/www.sfgsac.net\/index.php?rest_route=%2Fwp%2Fv2%2Fcomments&post=5052"}],"wp:featuredmedia":[{"embeddable":true,"href":"https:\/\/www.sfgsac.net\/index.php?rest_route=\/wp\/v2\/media\/5057"}],"wp:attachment":[{"href":"https:\/\/www.sfgsac.net\/index.php?rest_route=%2Fwp%2Fv2%2Fmedia&parent=5052"}],"wp:term":[{"taxonomy":"product_cat","embeddable":true,"href":"https:\/\/www.sfgsac.net\/index.php?rest_route=%2Fwp%2Fv2%2Fproduct_cat&post=5052"},{"taxonomy":"product_tag","embeddable":true,"href":"https:\/\/www.sfgsac.net\/index.php?rest_route=%2Fwp%2Fv2%2Fproduct_tag&post=5052"}],"curies":[{"name":"wp","href":"https:\/\/api.w.org\/{rel}","templated":true}]}}